{"id":103,"date":"2024-07-24T10:05:45","date_gmt":"2024-07-24T10:05:45","guid":{"rendered":"https:\/\/gary50.erasmus.site\/?page_id=103"},"modified":"2026-01-22T15:50:03","modified_gmt":"2026-01-22T15:50:03","slug":"development-of-industry-5-0-benchmarking-tool-for-vet","status":"publish","type":"page","link":"https:\/\/gary50.erasmus.site\/de\/development-of-industry-5-0-benchmarking-tool-for-vet\/","title":{"rendered":"Entwicklung eines Industrie 5.0-Benchmarking-Tools f\u00fcr die Berufsbildung"},"content":{"rendered":"<p>Das Tool zielt darauf ab, das Bewusstsein f\u00fcr die Notwendigkeit der Umsetzung von Industrie 5.0 zu sch\u00e4rfen und dazu beizutragen, die Berufsbildung auf die Anforderungen von Industrie 5.0 anzupassen. Das Projektergebnis basiert auf einer umfassenden Analyse der Konvergenz und Diskrepanz zwischen den Anforderungen des Arbeitsmarktes und den Bildungsangeboten. Es ber\u00fccksichtigt etablierte europ\u00e4ische Standards wie das Europ\u00e4ische Leistungspunktesystem f\u00fcr die Berufsbildung (ECVET), den Europ\u00e4ischen Qualifikationsrahmen (EQR) und den Nationalen Qualifikationsrahmen (NQR). Es erm\u00f6glicht einen einheitlichen und objektiven Vergleich von Bildungsprogrammen.<\/p>\n<p>Das Instrument selbst wird Benchmarking-Leitlinien entwickeln. Sie werden die Standardisierung des Benchmarking-Prozesses und die Effektivit\u00e4tsbewertung der \u00dcbereinstimmung von Bildungsprogrammen mit den Anforderungen von Industrie 5.0 erm\u00f6glichen. Das Tool wird in mehreren Projektpartnerl\u00e4ndern erprobt: Deutschland, Polen, Estland, Italien und Portugal. Dieser Prozess unterstreicht, dass Berufsbildungseinrichtungen ihre Programme an den tats\u00e4chlichen Bed\u00fcrfnissen des Arbeitsmarktes ausrichten werden, um sicherzustellen, dass die Auszubildenden die notwendigen F\u00e4higkeiten und Kompetenzen erwerben, um in der Industrie 5.0 erfolgreich zu sein.<\/p>\n<div style=\"text-align: center; margin-bottom: 60px;\"><a class=\"button\" href=\"https:\/\/gary50.erasmus.site\/platform\/benchmark\" target=\"_blank\" rel=\"noopener\">Offen<\/a><\/div>\n<p><\/p>","protected":false},"excerpt":{"rendered":"<p>Das Tool zielt darauf ab, das Bewusstsein f\u00fcr die Notwendigkeit der Umsetzung von Industrie 5.0 zu sch\u00e4rfen und dazu beizutragen, die Berufsbildung auf die Anforderungen von Industrie 5.0 anzupassen. Das Projektergebnis basiert auf einer umfassenden Analyse der Konvergenz und Diskrepanz zwischen den Anforderungen des Arbeitsmarktes und den Bildungsangeboten. Es ber\u00fccksichtigt etablierte europ\u00e4ische Standards wie das&hellip;&nbsp;<a href=\"https:\/\/gary50.erasmus.site\/de\/development-of-industry-5-0-benchmarking-tool-for-vet\/\" rel=\"bookmark\">Weiterlesen &raquo;<span class=\"screen-reader-text\">Entwicklung eines Industrie 5.0-Benchmarking-Tools f\u00fcr die Berufsbildung<\/span><\/a><\/p>\n","protected":false},"author":1,"featured_media":0,"parent":0,"menu_order":0,"comment_status":"closed","ping_status":"closed","template":"","meta":{"neve_meta_sidebar":"","neve_meta_container":"","neve_meta_enable_content_width":"off","neve_meta_content_width":100,"neve_meta_title_alignment":"","neve_meta_author_avatar":"","neve_post_elements_order":"","neve_meta_disable_header":"","neve_meta_disable_footer":"","neve_meta_disable_title":"","footnotes":""},"class_list":["post-103","page","type-page","status-publish","hentry"],"_links":{"self":[{"href":"https:\/\/gary50.erasmus.site\/de\/wp-json\/wp\/v2\/pages\/103","targetHints":{"allow":["GET"]}}],"collection":[{"href":"https:\/\/gary50.erasmus.site\/de\/wp-json\/wp\/v2\/pages"}],"about":[{"href":"https:\/\/gary50.erasmus.site\/de\/wp-json\/wp\/v2\/types\/page"}],"author":[{"embeddable":true,"href":"https:\/\/gary50.erasmus.site\/de\/wp-json\/wp\/v2\/users\/1"}],"replies":[{"embeddable":true,"href":"https:\/\/gary50.erasmus.site\/de\/wp-json\/wp\/v2\/comments?post=103"}],"version-history":[{"count":9,"href":"https:\/\/gary50.erasmus.site\/de\/wp-json\/wp\/v2\/pages\/103\/revisions"}],"predecessor-version":[{"id":327,"href":"https:\/\/gary50.erasmus.site\/de\/wp-json\/wp\/v2\/pages\/103\/revisions\/327"}],"wp:attachment":[{"href":"https:\/\/gary50.erasmus.site\/de\/wp-json\/wp\/v2\/media?parent=103"}],"curies":[{"name":"wp","href":"https:\/\/api.w.org\/{rel}","templated":true}]}}