{"id":105,"date":"2024-07-24T10:06:14","date_gmt":"2024-07-24T10:06:14","guid":{"rendered":"https:\/\/gary50.erasmus.site\/?page_id=105"},"modified":"2026-01-22T15:51:47","modified_gmt":"2026-01-22T15:51:47","slug":"industry-5-0-adaptive-and-validation-oer","status":"publish","type":"page","link":"https:\/\/gary50.erasmus.site\/de\/industry-5-0-adaptive-and-validation-oer\/","title":{"rendered":"Industrie 5.0 adaptives und validierendes OER"},"content":{"rendered":"<p>Das Hauptziel dieses Projektergebnisses ist es, Zugang zum neuesten Wissen \u00fcber Industrie 5.0 zu bieten. Durch die Schaffung einer innovativen Webanwendung, die als Open Educational Resource (OER) fungiert, wird die Plattform einen zentralen Zugangspunkt f\u00fcr Lernende, Lehrende und Mitarbeiter der Industrie bieten. Sie werden in der Lage sein, verschiedene Bildungsmaterialien in einem interaktiven Format zu nutzen. Die Anwendung ist nicht auf statische Ressourcen beschr\u00e4nkt, sondern bietet eine interaktive Plattform, die sich an die Lernbed\u00fcrfnisse und das Lerntempo jedes Nutzers anpasst. Auf diese Weise kann jeder seine F\u00e4higkeiten und Kompetenzen entsprechend den aktuellen Anforderungen der Industrie 5.0 entwickeln.<\/p>\n<p>Dar\u00fcber hinaus wird die Plattform einen bequemen Zugang zu aktuellen Bildungsmaterialien bieten und die Nutzer in die Lage versetzen, die f\u00fcr den Erfolg in der Industrie 5.0 erforderlichen F\u00e4higkeiten effizient zu verbessern.<\/p>\n<p>In Anbetracht der zunehmenden Bedeutung der Digitalisierung, die zum Teil durch die globale epidemiologische Situation angetrieben wird, stellt die adaptive und validierte OER der Industrie 5.0 ein entscheidendes Ergebnis des Projekts dar. Sie hat das Potenzial, ein breites Publikum zu erreichen und die digitale Transformation des Berufsbildungssektors zu unterst\u00fctzen.<\/p>\n<p>Dank der Anwendung k\u00f6nnen Lernende, Lehrende und Besch\u00e4ftigte in der Industrie problemlos auf aktualisierte Bildungsinhalte zugreifen. So k\u00f6nnen sie ihre F\u00e4higkeiten und Kompetenzen entsprechend den Anforderungen der Industrie 5.0 effektiv weiterentwickeln. Die Plattform wird auch auf unterschiedliche Lernstile zugeschnitten sein und einen personalisierten Ansatz f\u00fcr Bildung und Kompetenzentwicklung in einem f\u00fcr jeden Nutzer geeigneten Tempo erm\u00f6glichen.<\/p>\n<p>Die Umstellung auf die Digitalisierung von Produkten, Dienstleistungen und Menschen erfordert die Einbindung einer Gruppe von Schl\u00fcsselakteuren, den Dialog mit den Nutzern und mehrstufige Kooperationspartnerschaften. Die mehrstufigen Kurse sollen die Entwicklung digitaler Kompetenzen im Hinblick auf Industrie 5.0 einleiten.<\/p>\n<div style=\"text-align:center;margin-bottom:60px;\"><a href=\"https:\/\/gary50.erasmus.site\/platform\/oer\" target=\"_blank\" class=\"button\">Offen<\/a><\/div>\n<p><\/p>","protected":false},"excerpt":{"rendered":"<p>Das Hauptziel dieses Projektergebnisses ist es, Zugang zum neuesten Wissen \u00fcber Industrie 5.0 zu bieten. Durch die Schaffung einer innovativen Webanwendung, die als Open Educational Resource (OER) fungiert, wird die Plattform einen zentralen Zugangspunkt f\u00fcr Lernende, Lehrende und Mitarbeiter der Industrie bieten. Sie werden in der Lage sein, verschiedene Bildungsmaterialien in einem interaktiven Format zu&hellip;&nbsp;<a href=\"https:\/\/gary50.erasmus.site\/de\/industry-5-0-adaptive-and-validation-oer\/\" rel=\"bookmark\">Weiterlesen &raquo;<span class=\"screen-reader-text\">Industrie 5.0 adaptives und validierendes OER<\/span><\/a><\/p>\n","protected":false},"author":1,"featured_media":0,"parent":0,"menu_order":0,"comment_status":"closed","ping_status":"closed","template":"","meta":{"neve_meta_sidebar":"","neve_meta_container":"","neve_meta_enable_content_width":"off","neve_meta_content_width":100,"neve_meta_title_alignment":"","neve_meta_author_avatar":"","neve_post_elements_order":"","neve_meta_disable_header":"","neve_meta_disable_footer":"","neve_meta_disable_title":"","footnotes":""},"class_list":["post-105","page","type-page","status-publish","hentry"],"_links":{"self":[{"href":"https:\/\/gary50.erasmus.site\/de\/wp-json\/wp\/v2\/pages\/105","targetHints":{"allow":["GET"]}}],"collection":[{"href":"https:\/\/gary50.erasmus.site\/de\/wp-json\/wp\/v2\/pages"}],"about":[{"href":"https:\/\/gary50.erasmus.site\/de\/wp-json\/wp\/v2\/types\/page"}],"author":[{"embeddable":true,"href":"https:\/\/gary50.erasmus.site\/de\/wp-json\/wp\/v2\/users\/1"}],"replies":[{"embeddable":true,"href":"https:\/\/gary50.erasmus.site\/de\/wp-json\/wp\/v2\/comments?post=105"}],"version-history":[{"count":8,"href":"https:\/\/gary50.erasmus.site\/de\/wp-json\/wp\/v2\/pages\/105\/revisions"}],"predecessor-version":[{"id":328,"href":"https:\/\/gary50.erasmus.site\/de\/wp-json\/wp\/v2\/pages\/105\/revisions\/328"}],"wp:attachment":[{"href":"https:\/\/gary50.erasmus.site\/de\/wp-json\/wp\/v2\/media?parent=105"}],"curies":[{"name":"wp","href":"https:\/\/api.w.org\/{rel}","templated":true}]}}