{"id":43,"date":"2024-07-24T08:38:44","date_gmt":"2024-07-24T08:38:44","guid":{"rendered":"https:\/\/gary50.erasmus.site\/?page_id=43"},"modified":"2025-11-13T16:05:22","modified_gmt":"2025-11-13T16:05:22","slug":"home","status":"publish","type":"page","link":"https:\/\/gary50.erasmus.site\/de\/","title":{"rendered":"Home"},"content":{"rendered":"\t\t<div data-elementor-type=\"wp-page\" data-elementor-id=\"43\" class=\"elementor elementor-43\">\n\t\t\t\t\t\t<section class=\"elementor-section elementor-top-section elementor-element elementor-element-d7ee4dc elementor-section-boxed elementor-section-height-default elementor-section-height-default\" data-id=\"d7ee4dc\" data-element_type=\"section\" data-e-type=\"section\" data-settings=\"{&quot;background_background&quot;:&quot;classic&quot;}\">\n\t\t\t\t\t\t\t<div class=\"elementor-background-overlay\"><\/div>\n\t\t\t\t\t\t\t<div class=\"elementor-container elementor-column-gap-default\">\n\t\t\t\t\t<div class=\"elementor-column elementor-col-100 elementor-top-column elementor-element elementor-element-46cad61 elementor-invisible\" data-id=\"46cad61\" data-element_type=\"column\" data-e-type=\"column\" data-settings=\"{&quot;background_background&quot;:&quot;classic&quot;,&quot;animation&quot;:&quot;fadeIn&quot;}\">\n\t\t\t<div class=\"elementor-widget-wrap elementor-element-populated\">\n\t\t\t\t\t\t<div class=\"elementor-element elementor-element-5cf29a2 elementor-widget elementor-widget-image\" data-id=\"5cf29a2\" data-element_type=\"widget\" data-e-type=\"widget\" data-widget_type=\"image.default\">\n\t\t\t\t<div class=\"elementor-widget-container\">\n\t\t\t\t\t\t\t\t\t\t\t\t\t\t\t<img fetchpriority=\"high\" decoding=\"async\" width=\"300\" height=\"300\" src=\"https:\/\/gary50.erasmus.site\/wp-content\/uploads\/2024\/07\/Gary_5.0_logo-removebg-preview-300x300.png\" class=\"attachment-medium size-medium wp-image-56\" alt=\"\" srcset=\"https:\/\/gary50.erasmus.site\/wp-content\/uploads\/2024\/07\/Gary_5.0_logo-removebg-preview-300x300.png 300w, https:\/\/gary50.erasmus.site\/wp-content\/uploads\/2024\/07\/Gary_5.0_logo-removebg-preview-150x150.png 150w, https:\/\/gary50.erasmus.site\/wp-content\/uploads\/2024\/07\/Gary_5.0_logo-removebg-preview.png 500w\" sizes=\"(max-width: 300px) 100vw, 300px\" \/>\t\t\t\t\t\t\t\t\t\t\t\t\t\t\t<\/div>\n\t\t\t\t<\/div>\n\t\t\t\t<div class=\"elementor-element elementor-element-4723d76 elementor-widget elementor-widget-heading\" data-id=\"4723d76\" data-element_type=\"widget\" data-e-type=\"widget\" data-widget_type=\"heading.default\">\n\t\t\t\t<div class=\"elementor-widget-container\">\n\t\t\t\t\t<h2 class=\"elementor-heading-title elementor-size-xl\">GARY 5.0 Greater Aggregation of knowledge and Reinforcements of awareness in the field Industry 5.0 in vocational education<\/h2>\t\t\t\t<\/div>\n\t\t\t\t<\/div>\n\t\t\t\t<div class=\"elementor-element elementor-element-5bdba00 elementor-widget elementor-widget-text-editor\" data-id=\"5bdba00\" data-element_type=\"widget\" data-e-type=\"widget\" data-widget_type=\"text-editor.default\">\n\t\t\t\t<div class=\"elementor-widget-container\">\n\t\t\t\t\t\t\t\t\t<p>Bereich: Berufliche Aus- und Weiterbildung<br \/>Projektnummer: 2023-1-DE02-KA220-VET-000158236<br \/>Laufzeit: 01.12.2023 &#8211; 30.11.2025<\/p>\t\t\t\t\t\t\t\t<\/div>\n\t\t\t\t<\/div>\n\t\t\t\t\t<\/div>\n\t\t<\/div>\n\t\t\t\t\t<\/div>\n\t\t<\/section>\n\t\t<div class=\"elementor-element elementor-element-7ae3c74 e-flex e-con-boxed e-con e-parent\" data-id=\"7ae3c74\" data-element_type=\"container\" data-e-type=\"container\">\n\t\t\t\t\t<div class=\"e-con-inner\">\n\t\t<div class=\"elementor-element elementor-element-4c79668 e-con-full e-flex e-con e-child\" data-id=\"4c79668\" data-element_type=\"container\" data-e-type=\"container\">\n\t\t\t\t<div class=\"elementor-element elementor-element-d06687c elementor-widget elementor-widget-menu-anchor\" data-id=\"d06687c\" data-element_type=\"widget\" data-e-type=\"widget\" data-widget_type=\"menu-anchor.default\">\n\t\t\t\t<div class=\"elementor-widget-container\">\n\t\t\t\t\t\t\t<div class=\"elementor-menu-anchor\" id=\"about\"><\/div>\n\t\t\t\t\t\t<\/div>\n\t\t\t\t<\/div>\n\t\t\t\t<div class=\"elementor-element elementor-element-ed3e4a1 elementor-widget elementor-widget-heading\" data-id=\"ed3e4a1\" data-element_type=\"widget\" data-e-type=\"widget\" data-widget_type=\"heading.default\">\n\t\t\t\t<div class=\"elementor-widget-container\">\n\t\t\t\t\t<h2 class=\"elementor-heading-title elementor-size-xl\">\u00dcber das Projekt<\/h2>\t\t\t\t<\/div>\n\t\t\t\t<\/div>\n\t\t\t\t<div class=\"elementor-element elementor-element-86518db elementor-widget elementor-widget-text-editor\" data-id=\"86518db\" data-element_type=\"widget\" data-e-type=\"widget\" data-widget_type=\"text-editor.default\">\n\t\t\t\t<div class=\"elementor-widget-container\">\n\t\t\t\t\t\t\t\t\t<p><\/li><\/ul><p>Das Projekt GARY 5.0 ist ein innovatives Projekt, das auf die Entwicklung unternehmerischer und innovationsorientierter F\u00e4higkeiten abzielt. Durch verschiedene Lernaktivit\u00e4ten, Mentoring und praktische Gruppenprojekte wollen wir die Teilnehmer mit dem notwendigen Wissen und den Werkzeugen ausstatten, um ihre Gesch\u00e4ftsideen zu entwickeln und umzusetzen.<\/p><p>Die im Rahmen des Projekts durchgef\u00fchrten Aktivit\u00e4ten umfassen verschiedene Formen des Lernens, von interaktiven Workshops und Schulungen \u00fcber Mentoring-Sitzungen, die von erfahrenen Unternehmen und der \u00d6ffentlichkeit geleitet werden, bis hin zu Gesch\u00e4ftsideenwettbewerben, die kreatives Denken und Innovation f\u00f6rdern.<\/p><p>Die Zielgruppen des Projekts sind:<\/p><ul><li>Leiter von Berufsbildungszentren &#8211; Lehrkr\u00e4fte in der Berufsbildung, Praktiker &#8211; Lernende in der Berufsbildung,<\/li><li>Vertreter von Berufsbildungsanbietern, Gr\u00fcnderzentren, regionalen Entwicklungsagenturen, Kammern,<\/li><li>Vertreter von KMU, die in bestimmten Sektoren t\u00e4tig sind (Luftfahrt- und Automobilindustrie, \u00d6kotourismus, Lebensmittel- und Getr\u00e4nkeindustrie sowie die Holzindustrie).<\/li><\/ul><p><\/p><p><\/p><p><\/li><\/ul>\t\t\t\t\t\t\t\t<\/div>\n\t\t\t\t<\/div>\n\t\t\t\t<\/div>\n\t\t<div class=\"elementor-element elementor-element-b8e3a64 e-con-full e-flex e-con e-child\" data-id=\"b8e3a64\" data-element_type=\"container\" data-e-type=\"container\">\n\t\t\t\t<div class=\"elementor-element elementor-element-4e16e6d elementor-widget elementor-widget-image\" data-id=\"4e16e6d\" data-element_type=\"widget\" data-e-type=\"widget\" data-widget_type=\"image.default\">\n\t\t\t\t<div class=\"elementor-widget-container\">\n\t\t\t\t\t\t\t\t\t\t\t\t\t\t\t<img decoding=\"async\" width=\"1024\" height=\"585\" src=\"https:\/\/gary50.erasmus.site\/wp-content\/uploads\/2024\/07\/Firefly-The-GARY-5.0-project-is-an-innovative-project-aimed-at-developing-entrepreneurial-and-innova-1024x585.jpg\" class=\"attachment-large size-large wp-image-68\" alt=\"\" srcset=\"https:\/\/gary50.erasmus.site\/wp-content\/uploads\/2024\/07\/Firefly-The-GARY-5.0-project-is-an-innovative-project-aimed-at-developing-entrepreneurial-and-innova-1024x585.jpg 1024w, https:\/\/gary50.erasmus.site\/wp-content\/uploads\/2024\/07\/Firefly-The-GARY-5.0-project-is-an-innovative-project-aimed-at-developing-entrepreneurial-and-innova-300x171.jpg 300w, https:\/\/gary50.erasmus.site\/wp-content\/uploads\/2024\/07\/Firefly-The-GARY-5.0-project-is-an-innovative-project-aimed-at-developing-entrepreneurial-and-innova-768x439.jpg 768w, https:\/\/gary50.erasmus.site\/wp-content\/uploads\/2024\/07\/Firefly-The-GARY-5.0-project-is-an-innovative-project-aimed-at-developing-entrepreneurial-and-innova-1536x878.jpg 1536w, https:\/\/gary50.erasmus.site\/wp-content\/uploads\/2024\/07\/Firefly-The-GARY-5.0-project-is-an-innovative-project-aimed-at-developing-entrepreneurial-and-innova-2048x1170.jpg 2048w\" sizes=\"(max-width: 1024px) 100vw, 1024px\" \/>\t\t\t\t\t\t\t\t\t\t\t\t\t\t\t<\/div>\n\t\t\t\t<\/div>\n\t\t\t\t<\/div>\n\t\t\t\t\t<\/div>\n\t\t\t\t<\/div>\n\t\t<div class=\"elementor-element elementor-element-2a4b7b5 e-flex e-con-boxed e-con e-parent\" data-id=\"2a4b7b5\" data-element_type=\"container\" data-e-type=\"container\">\n\t\t\t\t\t<div class=\"e-con-inner\">\n\t\t\t\t<div class=\"elementor-element elementor-element-869c522 elementor-widget elementor-widget-heading\" data-id=\"869c522\" data-element_type=\"widget\" data-e-type=\"widget\" data-widget_type=\"heading.default\">\n\t\t\t\t<div class=\"elementor-widget-container\">\n\t\t\t\t\t<h2 class=\"elementor-heading-title elementor-size-xl\">Thematic scope<\/h2>\t\t\t\t<\/div>\n\t\t\t\t<\/div>\n\t\t\t\t<div class=\"elementor-element elementor-element-7387b3b elementor-widget elementor-widget-text-editor\" data-id=\"7387b3b\" data-element_type=\"widget\" data-e-type=\"widget\" data-widget_type=\"text-editor.default\">\n\t\t\t\t<div class=\"elementor-widget-container\">\n\t\t\t\t\t\t\t\t\t<p>Das Ergebnis des Projekts ist ein leistungsstarkes Lernprogramm, das das Bewusstsein f\u00fcr die Notwendigkeit der Umsetzung von Industrie 5.0 in der Luft- und Raumfahrt, der Automobilindustrie, dem \u00d6kotourismus, der Lebensmittel- und Getr\u00e4nkeindustrie sowie der Holzindustrie sch\u00e4rft und fortschrittliche Werkzeuge zur Erreichung dieses Ziels bietet. Die Anwendung wird ohne Einschr\u00e4nkungen zur Verf\u00fcgung stehen und f\u00fcnf Module zu den folgenden Elementen enthalten:<\/p><\/div><\/div><div class=\"nv-content-wrap entry-content\"><ul><li><strong>F\u00fcr die Umstellung auf Industrie 5.0 erforderliche Kompetenzen und Ressourcen auf lokaler Ebene <\/strong>\u2013 Das Modul zielt darauf ab, die f\u00fcr den \u00dcbergang zu Industrie 5.0 auf lokaler Ebene erforderlichen F\u00e4higkeiten und Ressourcen zu ermitteln und zu entwickeln. Es umfasst die Analyse der Bed\u00fcrfnisse lokaler Berufsbildungseinrichtungen und die Bereitstellung von Schulungsmaterialien und Unterst\u00fctzungsinstrumenten zur Vorbereitung auf neue Industrie 5.0-Technologien und -Methoden. Ziel ist es, globale Konzepte an die spezifischen Bedingungen und Bed\u00fcrfnisse der lokalen Gemeinschaften anzupassen.<\/li><li><strong>Regenerative, kreislaufwirtschaftliche Ans\u00e4tze als Rahmen f\u00fcr die Umsetzung von Industrie 5.0 \u2013<\/strong><\/li><li><strong>Interaktionen zwischen Mensch und Maschine als Grundlage der Wirtschaft auf allen Ebenen<\/strong> \u2013 das Modul umfasst Werkzeuge zum Benchmarking von Industrie 5.0 mit Zulieferern und Berufssch\u00fclern aus Deutschland, Polen, Estland, Italien und Portugal. Dar\u00fcber hinaus konzentriert es sich auf die Optimierung der Mensch-Maschine-Interaktion, die die Grundlage der heutigen Wirtschaft ist. Die Schulungsprogramme umfassen fortschrittliche Technologien und Software, die eine bessere Zusammenarbeit zwischen Mensch und Maschine erm\u00f6glichen und die Effizienz und Sicherheit am Arbeitsplatz erh\u00f6hen. Die Teilnehmer lernen au\u00dferdem, diese Technologien in praktischen Szenarien einzusetzen, um sie besser auf die Herausforderungen der realen Berufswelt vorzubereiten.<\/li><li><strong>Simulationsmodelle und digitale Zwillinge als Grundlage f\u00fcr die Produktionsplanung<\/strong> \u2013 Das Modul umfasst die Entwicklung von F\u00e4higkeiten zur Erstellung von Simulationsmodellen und digitalen Zwillingen. Der Schwerpunkt der Schulung liegt auf dem Entwurf und der Analyse von Simulationen und der Nutzung digitaler Zwillinge zur Optimierung von Fertigungsprozessen. Die Teilnehmer erwerben die praktische F\u00e4higkeit, die Produktion in einer Industrie 5.0-Umgebung erfolgreich zu planen und zu steuern. Die Entwicklung bezieht sich auf die Bereiche Luft- und Raumfahrt und Automobil, \u00d6kotourismus, Lebensmittel und Getr\u00e4nke sowie Holzprodukte.<\/li><li>Virtual Reality als erfahrungsbasiertes Werkzeug f\u00fcr Wachstum \u2013 Das Modul nutzt Virtual Reality als Werkzeug f\u00fcr Bildung und berufliche Entwicklung. Auszubildende k\u00f6nnen durch immersive Virtual-Reality-Erfahrungen praktische F\u00e4higkeiten erwerben, die sie auf die Arbeit in hochtechnologischen industriellen Umgebungen vorbereiten. Der VR-Trainingskurs ist so konzipiert, dass er reale Arbeitsszenarien simuliert und es Ihnen erm\u00f6glicht, Ihre F\u00e4higkeiten in einer sicheren und kontrollierten Umgebung zu entwickeln.<\/li><\/ul><p><\/p><\/div>\t\t\t\t\t\t\t\t<\/div>\n\t\t\t\t<\/div>\n\t\t\t\t\t<\/div>\n\t\t\t\t<\/div>\n\t\t<div class=\"elementor-element elementor-element-eef2152 e-flex e-con-boxed e-con e-parent\" data-id=\"eef2152\" data-element_type=\"container\" data-e-type=\"container\">\n\t\t\t\t\t<div class=\"e-con-inner\">\n\t\t\t\t<div class=\"elementor-element elementor-element-60b313d elementor-align-center elementor-widget elementor-widget-button\" data-id=\"60b313d\" data-element_type=\"widget\" data-e-type=\"widget\" data-widget_type=\"button.default\">\n\t\t\t\t<div class=\"elementor-widget-container\">\n\t\t\t\t\t\t\t\t\t<div class=\"elementor-button-wrapper\">\n\t\t\t\t\t<a class=\"elementor-button elementor-button-link elementor-size-sm\" href=\"https:\/\/gary50.erasmus.site\/platform\/\" target=\"_blank\">\n\t\t\t\t\t\t<span class=\"elementor-button-content-wrapper\">\n\t\t\t\t\t\t\t\t\t<span class=\"elementor-button-text\">Open Gary 5.0 Platform<\/span>\n\t\t\t\t\t<\/span>\n\t\t\t\t\t<\/a>\n\t\t\t\t<\/div>\n\t\t\t\t\t\t\t\t<\/div>\n\t\t\t\t<\/div>\n\t\t\t\t\t<\/div>\n\t\t\t\t<\/div>\n\t\t\t\t<\/div>\n\t\t","protected":false},"excerpt":{"rendered":"<p>GARY 5.0 Greater Aggregation of knowledge and Reinforcements of awareness in the field Industry 5.0 in vocational education Bereich: Berufliche Aus- und WeiterbildungProjektnummer: 2023-1-DE02-KA220-VET-000158236Laufzeit: 01.12.2023 &#8211; 30.11.2025 \u00dcber das Projekt Das Projekt GARY 5.0 ist ein innovatives Projekt, das auf die Entwicklung unternehmerischer und innovationsorientierter F\u00e4higkeiten abzielt. Durch verschiedene Lernaktivit\u00e4ten, Mentoring und praktische Gruppenprojekte wollen&hellip;&nbsp;<a href=\"https:\/\/gary50.erasmus.site\/de\/\" rel=\"bookmark\">Weiterlesen &raquo;<span class=\"screen-reader-text\">Home<\/span><\/a><\/p>\n","protected":false},"author":1,"featured_media":0,"parent":0,"menu_order":0,"comment_status":"closed","ping_status":"closed","template":"page-templates\/template-pagebuilder-full-width.php","meta":{"neve_meta_sidebar":"","neve_meta_container":"","neve_meta_enable_content_width":"off","neve_meta_content_width":100,"neve_meta_title_alignment":"","neve_meta_author_avatar":"","neve_post_elements_order":"","neve_meta_disable_header":"","neve_meta_disable_footer":"","neve_meta_disable_title":"","footnotes":""},"class_list":["post-43","page","type-page","status-publish","hentry"],"_links":{"self":[{"href":"https:\/\/gary50.erasmus.site\/de\/wp-json\/wp\/v2\/pages\/43","targetHints":{"allow":["GET"]}}],"collection":[{"href":"https:\/\/gary50.erasmus.site\/de\/wp-json\/wp\/v2\/pages"}],"about":[{"href":"https:\/\/gary50.erasmus.site\/de\/wp-json\/wp\/v2\/types\/page"}],"author":[{"embeddable":true,"href":"https:\/\/gary50.erasmus.site\/de\/wp-json\/wp\/v2\/users\/1"}],"replies":[{"embeddable":true,"href":"https:\/\/gary50.erasmus.site\/de\/wp-json\/wp\/v2\/comments?post=43"}],"version-history":[{"count":90,"href":"https:\/\/gary50.erasmus.site\/de\/wp-json\/wp\/v2\/pages\/43\/revisions"}],"predecessor-version":[{"id":286,"href":"https:\/\/gary50.erasmus.site\/de\/wp-json\/wp\/v2\/pages\/43\/revisions\/286"}],"wp:attachment":[{"href":"https:\/\/gary50.erasmus.site\/de\/wp-json\/wp\/v2\/media?parent=43"}],"curies":[{"name":"wp","href":"https:\/\/api.w.org\/{rel}","templated":true}]}}