{"id":89,"date":"2024-07-24T09:50:12","date_gmt":"2024-07-24T09:50:12","guid":{"rendered":"https:\/\/gary50.erasmus.site\/?page_id=89"},"modified":"2026-03-20T15:25:16","modified_gmt":"2026-03-20T15:25:16","slug":"partnership","status":"publish","type":"page","link":"https:\/\/gary50.erasmus.site\/de\/partnership\/","title":{"rendered":"Projektpartner"},"content":{"rendered":"<p><\/p>\n<h3 style=\"text-align: center;\"><img fetchpriority=\"high\" decoding=\"async\" class=\"alignnone size-full wp-image-91\" src=\"https:\/\/gary50.erasmus.site\/wp-content\/uploads\/2024\/07\/assist.png\" alt=\"\" width=\"300\" height=\"300\" srcset=\"https:\/\/gary50.erasmus.site\/wp-content\/uploads\/2024\/07\/assist.png 300w, https:\/\/gary50.erasmus.site\/wp-content\/uploads\/2024\/07\/assist-150x150.png 150w, https:\/\/gary50.erasmus.site\/wp-content\/uploads\/2024\/07\/assist-24x24.png 24w, https:\/\/gary50.erasmus.site\/wp-content\/uploads\/2024\/07\/assist-36x36.png 36w, https:\/\/gary50.erasmus.site\/wp-content\/uploads\/2024\/07\/assist-48x48.png 48w\" sizes=\"(max-width: 300px) 100vw, 300px\" \/><\/h3>\n<h3 style=\"text-align: center;\"><strong>Assist GmbH \u2013 Deutschland &#8211; Projektkoordination<\/strong><\/h3>\n<p>Die Assist GmbH ist eine weltweit t\u00e4tige, mittelst\u00e4ndische Unternehmensberatungs- und Personalentwicklungsgesellschaft mit Hauptsitz in Paderborn. Wir bieten interkulturelle Trainings, F\u00fchrungstrainings, Kommunikationstrainings, Beratertrainings sowie Coaching, Beratung und internationale Workshops mit innovativen Blended-Learning-Instrumenten an, um die nachhaltige Entwicklung von internationalen Teams, F\u00fchrungskr\u00e4ften und globalen Organisationen zu unterst\u00fctzen. Assist entwickelt und gestaltet st\u00e4ndig neue Online-Trainingsformate und E-learning-Materialien f\u00fcr Live-Online- und Offline-Trainings. Mit dem einzigartigen Blended Online Live Training (BOLT) erg\u00e4nzt die assist GmbH Pr\u00e4senztrainings mit innovativen Lernformaten, um die Lerneffizienz und Nachhaltigkeit von Trainingsinhalten und Kompetenzen zu optimieren.<\/p>\n<p><strong>Website: <\/strong> <a href=\"https:\/\/www.international-hr.de\/\" target=\"_blank\" rel=\"noopener\">https:\/\/www.international-hr.de\/<\/a><\/p>\n<p>Soziale Medien:<\/p>\n<p>Facebook: <a href=\"https:\/\/www.facebook.com\/thomas.gary.3597\/\" target=\"_blank\" rel=\"noopener\">https:\/\/www.facebook.com\/thomas.gary.3597\/<\/a><\/p>\n<p>LinkedIn: <a href=\"https:\/\/www.linkedin.com\/in\/gary-thomas-a037a9b\/\" target=\"_blank\" rel=\"noopener\">https:\/\/www.linkedin.com\/in\/gary-thomas-a037a9b\/<\/a><\/p>\n<p>&nbsp;<\/p>\n<hr \/>\n<h3 style=\"text-align: center;\"><img decoding=\"async\" class=\"alignnone wp-image-94 size-full\" src=\"https:\/\/gary50.erasmus.site\/wp-content\/uploads\/2024\/07\/cwep.png\" alt=\"\" width=\"300\" height=\"300\" srcset=\"https:\/\/gary50.erasmus.site\/wp-content\/uploads\/2024\/07\/cwep.png 300w, https:\/\/gary50.erasmus.site\/wp-content\/uploads\/2024\/07\/cwep-150x150.png 150w, https:\/\/gary50.erasmus.site\/wp-content\/uploads\/2024\/07\/cwep-24x24.png 24w, https:\/\/gary50.erasmus.site\/wp-content\/uploads\/2024\/07\/cwep-36x36.png 36w, https:\/\/gary50.erasmus.site\/wp-content\/uploads\/2024\/07\/cwep-48x48.png 48w\" sizes=\"(max-width: 300px) 100vw, 300px\" \/><br \/>\n<strong>Zentrum f\u00fcr Bildung und Unterst\u00fctzung unternehmerischer T\u00e4tigkeit &#8211; Polen<\/strong><\/h3>\n<p>Centre For Education And Entrepreneurship Support (CWEP) ist eine nicht-staatliche Organisation, die 2004 von einer Gruppe von Unternehmern, Lehrern und sozialen Aktivisten aus Rzesz\u00f3w, Polen, gegr\u00fcndet wurde. CWEP arbeitet mit Unternehmen und Bildungseinrichtungen zusammen. Die Aufgabe von CWEP besteht darin, die Qualit\u00e4t der Ausbildung auf allen Ebenen und in allen Formen zu verbessern sowie das Unternehmertum zu f\u00f6rdern, um die Integration aller sozialen Gruppen, unabh\u00e4ngig von Geschlecht, Alter oder ethnischer Herkunft, zu unterst\u00fctzen. Ziele sind insbesondere die Verbesserung der Zug\u00e4nglichkeit, Qualit\u00e4t und Effizienz der Bildung f\u00fcr alle Menschen, die F\u00f6rderung und Unterst\u00fctzung der Erwachsenenbildung, des lebenslangen Lernens, des E-Learnings und der Nutzung neuer Technologien in Bildung und Unternehmertum. Der Verband arbeitet mit vielen Partnern aus Europa zusammen, um die wirtschaftliche Position von Unternehmen zu st\u00e4rken, und bietet Online-Plattformen f\u00fcr Unternehmen an.<\/p>\n<p>Website:<\/p>\n<p><a href=\"https:\/\/cwep.eu\/\">https:\/\/cwep.eu\/<\/a><\/p>\n<p>Soziale Medien:<\/p>\n<p>Facebook:<\/p>\n<p><a href=\"https:\/\/www.facebook.com\/CWEP.EU\">https:\/\/www.facebook.com\/CWEP.EU<\/a><\/p>\n<p>LinkedIn:<\/p>\n<p><a href=\"https:\/\/www.linkedin.com\/company\/cwep\/\">https:\/\/www.linkedin.com\/company\/cwep\/<\/a><\/p>\n<hr \/>\n<h3 style=\"text-align: center;\"><img decoding=\"async\" class=\"alignnone wp-image-95 size-full\" src=\"https:\/\/gary50.erasmus.site\/wp-content\/uploads\/2024\/07\/ed.png\" alt=\"\" width=\"300\" height=\"300\" srcset=\"https:\/\/gary50.erasmus.site\/wp-content\/uploads\/2024\/07\/ed.png 300w, https:\/\/gary50.erasmus.site\/wp-content\/uploads\/2024\/07\/ed-150x150.png 150w, https:\/\/gary50.erasmus.site\/wp-content\/uploads\/2024\/07\/ed-24x24.png 24w, https:\/\/gary50.erasmus.site\/wp-content\/uploads\/2024\/07\/ed-36x36.png 36w, https:\/\/gary50.erasmus.site\/wp-content\/uploads\/2024\/07\/ed-48x48.png 48w\" sizes=\"(max-width: 300px) 100vw, 300px\" \/><br \/>\n<strong>E&amp;D Knowledge Consulting Lda. \u2013 Portugal<\/strong><\/h3>\n<p>E&amp;D Knowledge Consulting ist ein Beratungs- und Weiterbildungsunternehmen, das sich auf die F\u00f6rderung von Kompetenzen spezialisiert hat, die zur St\u00e4rkung von Innovationen in Unternehmen, im \u00f6ffentlichen und im sozialen Sektor erforderlich sind. Die Hauptaktivit\u00e4ten von E&amp;D konzentrieren sich darauf, Managern und Unternehmern die Kompetenzen, das Wissen und die Werkzeuge zu vermitteln, die sie ben\u00f6tigen, um Innovationsstrategien in ihren Organisationen erfolgreich zu implementieren und umzusetzen, aber auch um Innovationen in ihrem Umfeld zu f\u00f6rdern.<\/p>\n<p>Die Schl\u00fcsselbereiche von E&amp;D sind die Unterst\u00fctzung bei der Einf\u00fchrung von Innovationsma\u00dfnahmen in Organisationen &#8211; von Innovationsaudits \u00fcber die Hilfestellung bei der Definition und Umsetzung von Innovationsstrategien bis hin zur Entwicklung von Innovationsprozessen und -mechanismen, die an die individuellen Bed\u00fcrfnisse von Organisationen angepasst sind und die Sicherstellung des Zugangs zu den richtigen F\u00e4higkeiten und Kompetenzen sicherstellen, die f\u00fcr erfolgreiche Innovationen erforderlich sind, sowohl bei F\u00fchrungskr\u00e4ften und Managern als auch bei Mitarbeitern.<\/p>\n<p>Webseite:<\/p>\n<p><a href=\"https:\/\/ed-knowledgeconsulting.com\/\">https:\/\/ed-knowledgeconsulting.com\/<\/a><\/p>\n<p>Soziale Medien:<\/p>\n<p>Facebook:<\/p>\n<p><a href=\"https:\/\/www.facebook.com\/EDKnowledgeConsulting\">https:\/\/www.facebook.com\/EDKnowledgeConsulting<\/a><\/p>\n<p>LinkedIn:<\/p>\n<p><a href=\"https:\/\/www.linkedin.com\/company\/e&amp;d-knowledge-consulting\">https:\/\/www.linkedin.com\/company\/e&amp;d-knowledge-consulting<\/a><\/p>\n<hr \/>\n<h3 style=\"text-align: center;\"><img loading=\"lazy\" decoding=\"async\" class=\"alignnone wp-image-98 size-full\" src=\"https:\/\/gary50.erasmus.site\/wp-content\/uploads\/2024\/07\/estihub.png\" alt=\"\" width=\"300\" height=\"300\" srcset=\"https:\/\/gary50.erasmus.site\/wp-content\/uploads\/2024\/07\/estihub.png 300w, https:\/\/gary50.erasmus.site\/wp-content\/uploads\/2024\/07\/estihub-150x150.png 150w, https:\/\/gary50.erasmus.site\/wp-content\/uploads\/2024\/07\/estihub-24x24.png 24w, https:\/\/gary50.erasmus.site\/wp-content\/uploads\/2024\/07\/estihub-36x36.png 36w, https:\/\/gary50.erasmus.site\/wp-content\/uploads\/2024\/07\/estihub-48x48.png 48w\" sizes=\"(max-width: 300px) 100vw, 300px\" \/><br \/>\n<strong>Eesti EduHub \u2013 Estonia<\/strong><\/h3>\n<p>Eesti EduHub ist eine estnische Bildungs- und Ausbildungsorganisation, die Wissen, F\u00e4higkeiten und Kompetenzen durch innovative Lern- und Weiterbildungsangebote vermittelt, die mehrere Bereiche und Branchen abdecken und auf die Bed\u00fcrfnisse von Erwachsenen, jungen Menschen und Unternehmen zugeschnitten sind. Eesti unterst\u00fctzt die lokale Entwicklung durch die F\u00f6rderung von Unternehmertum, Soft Skills, Innovation, nachhaltiger Unternehmensentwicklung, sozialer Verantwortung, Networking, digitaler und umweltfreundlicher Kompetenzen und berufsspezifischer F\u00e4higkeiten. Das Hauptziel der Organisation ist die F\u00f6rderung der kontinuierlichen beruflichen und pers\u00f6nlichen Entwicklung der europ\u00e4ischen B\u00fcrger durch kulturelle, bildungsbezogene, wirtschaftliche und soziale Aktivit\u00e4ten.<\/p>\n<p>Webseite: <a href=\"https:\/\/www.eestieduhub.com\/\">https:\/\/www.eestieduhub.com\/<\/a><\/p>\n<p>Soziale Medien:<\/p>\n<p>Facebook:<\/p>\n<p><a href=\"https:\/\/www.facebook.com\/people\/Eesti-Edu-Hub\/61554387220123\/\">https:\/\/www.facebook.com\/people\/Eesti-Edu-Hub\/61554387220123\/<\/a><\/p>\n<p>LinkedIn:<\/p>\n<p><a href=\"https:\/\/www.linkedin.com\/company\/eesti-edu-hub\">https:\/\/www.linkedin.com\/company\/eesti-edu-hub<\/a><\/p>\n<hr \/>\n<h3 style=\"text-align: center;\"><img loading=\"lazy\" decoding=\"async\" class=\"alignnone wp-image-96 size-full\" src=\"https:\/\/gary50.erasmus.site\/wp-content\/uploads\/2024\/07\/labc.png\" alt=\"\" width=\"300\" height=\"300\" srcset=\"https:\/\/gary50.erasmus.site\/wp-content\/uploads\/2024\/07\/labc.png 300w, https:\/\/gary50.erasmus.site\/wp-content\/uploads\/2024\/07\/labc-150x150.png 150w, https:\/\/gary50.erasmus.site\/wp-content\/uploads\/2024\/07\/labc-24x24.png 24w, https:\/\/gary50.erasmus.site\/wp-content\/uploads\/2024\/07\/labc-36x36.png 36w, https:\/\/gary50.erasmus.site\/wp-content\/uploads\/2024\/07\/labc-48x48.png 48w\" sizes=\"(max-width: 300px) 100vw, 300px\" \/><br \/>\n<strong>LABC S.R.L. &#8211; Italy<\/strong><\/h3>\n<p>LABC hat den Firmensitz in Turin und verfolgt das Ziel, die Erfahrungen von Fachleuten auf dem Gebiet des individuellen und gemeinschaftlichen Wohlbefindens, der Gruppenarbeit, der Aus- und Weiterbildung, der Wiedereingliederung in den Arbeitsmarkt und des Projektmanagements auszutauschen und darauf aufzubauen.<\/p>\n<p>LABC ist eine paneurop\u00e4ische Lerngemeinschaft, die die folgenden Prinzipien verfolgt und teilt<\/p>\n<p>&#8211; kollaboratives Lernen, um Erfahrungen, Ressourcen und F\u00e4higkeiten auszutauschen, zu verbessern und zu teilen, um die internationale und interdisziplin\u00e4re Zusammenarbeit zu optimieren, Methoden und Praktiken zu entwickeln und zu \u00fcbertragen<\/p>\n<p>&#8211; die F\u00e4higkeit, neue psychologische, soziale und p\u00e4dagogische Instrumente, Modelle und Praktiken zu schaffen, zu unterst\u00fctzen und zu f\u00f6rdern, mit dem Ziel, sie in der Gemeinschaft zu verbreiten.<\/p>\n<p>LABC ist im Bereich des individuellen und gemeinschaftlichen Wohlbefindens aktiv und verf\u00fcgt \u00fcber ein breites Spektrum an Ma\u00dfnahmen, darunter Gruppenarbeitssitzungen, Supervisionen, Schulungen, Beratung usw. sowie Bildung und Forschung durch die Entwicklung von Lernmethoden und die Implementierung von Schulungsmaterialien und -instrumenten, die das Bewusstsein der Teilnehmer verbessern sollen.<\/p>\n<p>Webseite: <a href=\"https:\/\/labcentro.it\/\">https:\/\/labcentro.it\/<\/a><\/p>\n<p>Soziale Medien:<\/p>\n<p>Facebook:<\/p>\n<p><a href=\"https:\/\/www.facebook.com\/LABCsrl\/\">https:\/\/www.facebook.com\/LABCsrl\/<\/a><\/p>\n<p>LinkedIn: <a href=\"https:\/\/www.linkedin.com\/company\/labc-srl\/\">https:\/\/www.linkedin.com\/company\/labc-srl\/<\/a><\/p>","protected":false},"excerpt":{"rendered":"<p>Assist GmbH \u2013 Deutschland &#8211; Projektkoordination Die Assist GmbH ist eine weltweit t\u00e4tige, mittelst\u00e4ndische Unternehmensberatungs- und Personalentwicklungsgesellschaft mit Hauptsitz in Paderborn. Wir bieten interkulturelle Trainings, F\u00fchrungstrainings, Kommunikationstrainings, Beratertrainings sowie Coaching, Beratung und internationale Workshops mit innovativen Blended-Learning-Instrumenten an, um die nachhaltige Entwicklung von internationalen Teams, F\u00fchrungskr\u00e4ften und globalen Organisationen zu unterst\u00fctzen. Assist entwickelt und gestaltet&hellip;&nbsp;<a href=\"https:\/\/gary50.erasmus.site\/de\/partnership\/\" rel=\"bookmark\">Weiterlesen &raquo;<span class=\"screen-reader-text\">Projektpartner<\/span><\/a><\/p>\n","protected":false},"author":1,"featured_media":0,"parent":0,"menu_order":0,"comment_status":"closed","ping_status":"closed","template":"","meta":{"neve_meta_sidebar":"","neve_meta_container":"","neve_meta_enable_content_width":"off","neve_meta_content_width":100,"neve_meta_title_alignment":"","neve_meta_author_avatar":"","neve_post_elements_order":"","neve_meta_disable_header":"","neve_meta_disable_footer":"","neve_meta_disable_title":"","footnotes":""},"class_list":["post-89","page","type-page","status-publish","hentry"],"_links":{"self":[{"href":"https:\/\/gary50.erasmus.site\/de\/wp-json\/wp\/v2\/pages\/89","targetHints":{"allow":["GET"]}}],"collection":[{"href":"https:\/\/gary50.erasmus.site\/de\/wp-json\/wp\/v2\/pages"}],"about":[{"href":"https:\/\/gary50.erasmus.site\/de\/wp-json\/wp\/v2\/types\/page"}],"author":[{"embeddable":true,"href":"https:\/\/gary50.erasmus.site\/de\/wp-json\/wp\/v2\/users\/1"}],"replies":[{"embeddable":true,"href":"https:\/\/gary50.erasmus.site\/de\/wp-json\/wp\/v2\/comments?post=89"}],"version-history":[{"count":10,"href":"https:\/\/gary50.erasmus.site\/de\/wp-json\/wp\/v2\/pages\/89\/revisions"}],"predecessor-version":[{"id":330,"href":"https:\/\/gary50.erasmus.site\/de\/wp-json\/wp\/v2\/pages\/89\/revisions\/330"}],"wp:attachment":[{"href":"https:\/\/gary50.erasmus.site\/de\/wp-json\/wp\/v2\/media?parent=89"}],"curies":[{"name":"wp","href":"https:\/\/api.w.org\/{rel}","templated":true}]}}