{"id":103,"date":"2024-07-24T10:05:45","date_gmt":"2024-07-24T10:05:45","guid":{"rendered":"https:\/\/gary50.erasmus.site\/?page_id=103"},"modified":"2026-01-22T15:50:03","modified_gmt":"2026-01-22T15:50:03","slug":"development-of-industry-5-0-benchmarking-tool-for-vet","status":"publish","type":"page","link":"https:\/\/gary50.erasmus.site\/et\/development-of-industry-5-0-benchmarking-tool-for-vet\/","title":{"rendered":"T\u00f6\u00f6stuse 5.0 v\u00f5rdlusuuringu t\u00f6\u00f6riista arendamine kutsehariduse ja -koolituse jaoks"},"content":{"rendered":"<p>T\u00f6\u00f6riista eesm\u00e4rk on t\u00f5sta teadlikkust T\u00f6\u00f6stuse 5.0 rakendamise vajadusest ja aidata viia haridus vastavusse T\u00f6\u00f6stuse 5.0 n\u00f5uetega kutsehariduses ja -koolituses (VET). Tulemus p\u00f5hineb t\u00f6\u00f6turu vajaduste ja hariduspakkumiste vahelise l\u00e4henemise ja lahknevuse p\u00f5hjalikul anal\u00fc\u00fcsil. See v\u00f5tab arvesse v\u00e4ljakujunenud Euroopa standardeid, nagu Euroopa kutsehariduse ja -koolituse ainepunktide s\u00fcsteem (ECVET), Euroopa kvalifikatsiooniraamistik (EQF) ja riiklik kvalifikatsiooniraamistik (NQF). See v\u00f5imaldab haridusprogramme j\u00e4rjepidevalt ja objektiivselt v\u00f5rrelda.<\/p>\n<p>T\u00f6\u00f6riist ise t\u00f6\u00f6tab v\u00e4lja v\u00f5rdlusuuringu juhised. Need v\u00f5imaldavad standardiseerida v\u00f5rdlusuuringu protsessi ja hinnata haridusprogrammide vastavust T\u00f6\u00f6stuse 5.0 n\u00f5uetele. T\u00f6\u00f6riista katsetatakse v\u00e4ljaspool projekti mitmes partnerriigis: Saksamaal, Poolas, Eestis, Itaalias ja Portugalis. See protsess r\u00f5hutab, et kutse\u00f5ppeasutused viivad oma programmid vastavusse t\u00f6\u00f6turu tegelike vajadustega, tagades, et \u00f5pilased omandavad T\u00f6\u00f6stus 5.0-s arenemiseks vajalikud oskused ja p\u00e4devused.<\/p>\n<div style=\"text-align: center; margin-bottom: 60px;\"><a class=\"button\" href=\"https:\/\/gary50.erasmus.site\/platform\/benchmark\" target=\"_blank\" rel=\"noopener\">Avatud<\/a><\/div>\n<p><\/p>","protected":false},"excerpt":{"rendered":"<p>T\u00f6\u00f6riista eesm\u00e4rk on t\u00f5sta teadlikkust T\u00f6\u00f6stuse 5.0 rakendamise vajadusest ja aidata viia haridus vastavusse T\u00f6\u00f6stuse 5.0 n\u00f5uetega kutsehariduses ja -koolituses (VET). Tulemus p\u00f5hineb t\u00f6\u00f6turu vajaduste ja hariduspakkumiste vahelise l\u00e4henemise ja lahknevuse p\u00f5hjalikul anal\u00fc\u00fcsil. See v\u00f5tab arvesse v\u00e4ljakujunenud Euroopa standardeid, nagu Euroopa kutsehariduse ja -koolituse ainepunktide s\u00fcsteem (ECVET), Euroopa kvalifikatsiooniraamistik (EQF) ja riiklik kvalifikatsiooniraamistik (NQF). See&hellip;&nbsp;<a href=\"https:\/\/gary50.erasmus.site\/et\/development-of-industry-5-0-benchmarking-tool-for-vet\/\" rel=\"bookmark\">Read More &raquo;<span class=\"screen-reader-text\">T\u00f6\u00f6stuse 5.0 v\u00f5rdlusuuringu t\u00f6\u00f6riista arendamine kutsehariduse ja -koolituse jaoks<\/span><\/a><\/p>\n","protected":false},"author":1,"featured_media":0,"parent":0,"menu_order":0,"comment_status":"closed","ping_status":"closed","template":"","meta":{"neve_meta_sidebar":"","neve_meta_container":"","neve_meta_enable_content_width":"off","neve_meta_content_width":100,"neve_meta_title_alignment":"","neve_meta_author_avatar":"","neve_post_elements_order":"","neve_meta_disable_header":"","neve_meta_disable_footer":"","neve_meta_disable_title":"","footnotes":""},"class_list":["post-103","page","type-page","status-publish","hentry"],"_links":{"self":[{"href":"https:\/\/gary50.erasmus.site\/et\/wp-json\/wp\/v2\/pages\/103","targetHints":{"allow":["GET"]}}],"collection":[{"href":"https:\/\/gary50.erasmus.site\/et\/wp-json\/wp\/v2\/pages"}],"about":[{"href":"https:\/\/gary50.erasmus.site\/et\/wp-json\/wp\/v2\/types\/page"}],"author":[{"embeddable":true,"href":"https:\/\/gary50.erasmus.site\/et\/wp-json\/wp\/v2\/users\/1"}],"replies":[{"embeddable":true,"href":"https:\/\/gary50.erasmus.site\/et\/wp-json\/wp\/v2\/comments?post=103"}],"version-history":[{"count":9,"href":"https:\/\/gary50.erasmus.site\/et\/wp-json\/wp\/v2\/pages\/103\/revisions"}],"predecessor-version":[{"id":327,"href":"https:\/\/gary50.erasmus.site\/et\/wp-json\/wp\/v2\/pages\/103\/revisions\/327"}],"wp:attachment":[{"href":"https:\/\/gary50.erasmus.site\/et\/wp-json\/wp\/v2\/media?parent=103"}],"curies":[{"name":"wp","href":"https:\/\/api.w.org\/{rel}","templated":true}]}}