{"id":105,"date":"2024-07-24T10:06:14","date_gmt":"2024-07-24T10:06:14","guid":{"rendered":"https:\/\/gary50.erasmus.site\/?page_id=105"},"modified":"2026-01-22T15:51:47","modified_gmt":"2026-01-22T15:51:47","slug":"industry-5-0-adaptive-and-validation-oer","status":"publish","type":"page","link":"https:\/\/gary50.erasmus.site\/et\/industry-5-0-adaptive-and-validation-oer\/","title":{"rendered":"T\u00f6\u00f6stuse 5.0 adaptiivne ja valideeriv OER"},"content":{"rendered":"<p>Tulemuse peamine eesm\u00e4rk on pakkuda juurdep\u00e4\u00e4su uusimatele teadmistele T\u00f6\u00f6stuse 5.0 kohta. Luues uuendusliku veebirakenduse, mis toimib avatud \u00f5pperessursina (OER), pakub platvorm keskse juurdep\u00e4\u00e4supunkti \u00f5pilastele, \u00f5petajatele ja t\u00f6\u00f6stust\u00f6\u00f6tajatele. Nad saavad kasutada erinevaid \u00f5ppematerjale interaktiivses formaadis. Rakendus ei piirdu staatiliste ressurssidega, vaid pakub interaktiivset platvormi, mis kohandub iga kasutaja \u00f5ppimisvajaduste ja -tempoga. T\u00e4nu sellele on k\u00f5igil v\u00f5imalik arendada oma oskusi ja p\u00e4devusi vastavalt T\u00f6\u00f6stuse 5.0 kehtivatele n\u00f5uetele.<\/p>\n<p>Lisaks pakub platvorm mugavat juurdep\u00e4\u00e4su ajakohastele \u00f5ppematerjalidele, v\u00f5imaldades kasutajatel t\u00f5husalt t\u00e4iustada t\u00f6\u00f6stus 5.0 edu saavutamiseks vajalikke oskusi.<\/p>\n<p>Arvestades digitaliseerimise k\u00f5rgendatud t\u00e4htsust, mis on osaliselt tingitud globaalsest epidemioloogilisest olukorrast, on T\u00f6\u00f6stuse 5.0 adaptiivne ja valideeritud avatud l\u00e4htematerjal projekti oluliseks tulemuseks. Sellel on potentsiaal j\u00f5uda laia publikuni ja toetada kutsehariduse ja -koolituse (VET) sektori digitaalset \u00fcmberkujundamist.<\/p>\n<p>T\u00e4nu rakendusele p\u00e4\u00e4sevad \u00f5pilased, \u00f5petajad ja t\u00f6\u00f6stuse t\u00f6\u00f6tajad h\u00f5lpsasti juurde v\u00e4rskendatud haridussisule. See v\u00f5imaldab neil t\u00f5husalt arendada oma oskusi ja p\u00e4devusi T\u00f6\u00f6stuse 5.0 n\u00f5uetele vastavaks. Platvorm kohandatakse ka erinevatele \u00f5pistiilidele, v\u00f5imaldades personaalset l\u00e4henemist haridusele ja oskuste arendamisele igale kasutajale sobivas tempos.<\/p>\n<p>\u00dcleminek toodete, teenuste ja inimeste digiteerimisele n\u00f5uab v\u00f5tmeosaliste r\u00fchma kaasamist, dialoogi kasutajatega ja mitmetasandilist koost\u00f6\u00f6partnerlust. Mitmetasandilised kursused tutvustavad T\u00f6\u00f6stuse 5.0-le orienteeritud digip\u00e4devuste arendamist.<\/p>\n<p>Selle koolituse eesm\u00e4rk on arendada tugevaid digitaalseid p\u00e4devusi, mis on kohandatud T\u00f6\u00f6stusele 5.0, h\u00f5lmates kutsehariduse ja -koolituse koolitajaid, praktikuid, \u00f5ppijaid ja VKEde esindajaid erinevatest sektoritest.<\/p>\n<div style=\"text-align:center;margin-bottom:60px;\"><a href=\"https:\/\/gary50.erasmus.site\/platform\/oer\" target=\"_blank\" class=\"button\">Otw\u00f3rz<\/a><\/div>\n<p><\/p>","protected":false},"excerpt":{"rendered":"<p>Tulemuse peamine eesm\u00e4rk on pakkuda juurdep\u00e4\u00e4su uusimatele teadmistele T\u00f6\u00f6stuse 5.0 kohta. Luues uuendusliku veebirakenduse, mis toimib avatud \u00f5pperessursina (OER), pakub platvorm keskse juurdep\u00e4\u00e4supunkti \u00f5pilastele, \u00f5petajatele ja t\u00f6\u00f6stust\u00f6\u00f6tajatele. Nad saavad kasutada erinevaid \u00f5ppematerjale interaktiivses formaadis. Rakendus ei piirdu staatiliste ressurssidega, vaid pakub interaktiivset platvormi, mis kohandub iga kasutaja \u00f5ppimisvajaduste ja -tempoga. T\u00e4nu sellele on k\u00f5igil v\u00f5imalik&hellip;&nbsp;<a href=\"https:\/\/gary50.erasmus.site\/et\/industry-5-0-adaptive-and-validation-oer\/\" rel=\"bookmark\">Read More &raquo;<span class=\"screen-reader-text\">T\u00f6\u00f6stuse 5.0 adaptiivne ja valideeriv OER<\/span><\/a><\/p>\n","protected":false},"author":1,"featured_media":0,"parent":0,"menu_order":0,"comment_status":"closed","ping_status":"closed","template":"","meta":{"neve_meta_sidebar":"","neve_meta_container":"","neve_meta_enable_content_width":"off","neve_meta_content_width":100,"neve_meta_title_alignment":"","neve_meta_author_avatar":"","neve_post_elements_order":"","neve_meta_disable_header":"","neve_meta_disable_footer":"","neve_meta_disable_title":"","footnotes":""},"class_list":["post-105","page","type-page","status-publish","hentry"],"_links":{"self":[{"href":"https:\/\/gary50.erasmus.site\/et\/wp-json\/wp\/v2\/pages\/105","targetHints":{"allow":["GET"]}}],"collection":[{"href":"https:\/\/gary50.erasmus.site\/et\/wp-json\/wp\/v2\/pages"}],"about":[{"href":"https:\/\/gary50.erasmus.site\/et\/wp-json\/wp\/v2\/types\/page"}],"author":[{"embeddable":true,"href":"https:\/\/gary50.erasmus.site\/et\/wp-json\/wp\/v2\/users\/1"}],"replies":[{"embeddable":true,"href":"https:\/\/gary50.erasmus.site\/et\/wp-json\/wp\/v2\/comments?post=105"}],"version-history":[{"count":8,"href":"https:\/\/gary50.erasmus.site\/et\/wp-json\/wp\/v2\/pages\/105\/revisions"}],"predecessor-version":[{"id":328,"href":"https:\/\/gary50.erasmus.site\/et\/wp-json\/wp\/v2\/pages\/105\/revisions\/328"}],"wp:attachment":[{"href":"https:\/\/gary50.erasmus.site\/et\/wp-json\/wp\/v2\/media?parent=105"}],"curies":[{"name":"wp","href":"https:\/\/api.w.org\/{rel}","templated":true}]}}