{"id":43,"date":"2024-07-24T08:38:44","date_gmt":"2024-07-24T08:38:44","guid":{"rendered":"https:\/\/gary50.erasmus.site\/?page_id=43"},"modified":"2025-11-13T16:05:22","modified_gmt":"2025-11-13T16:05:22","slug":"home","status":"publish","type":"page","link":"https:\/\/gary50.erasmus.site\/et\/","title":{"rendered":"Kodu"},"content":{"rendered":"\t\t<div data-elementor-type=\"wp-page\" data-elementor-id=\"43\" class=\"elementor elementor-43\">\n\t\t\t\t\t\t<section class=\"elementor-section elementor-top-section elementor-element elementor-element-d7ee4dc elementor-section-boxed elementor-section-height-default elementor-section-height-default\" data-id=\"d7ee4dc\" data-element_type=\"section\" data-e-type=\"section\" data-settings=\"{&quot;background_background&quot;:&quot;classic&quot;}\">\n\t\t\t\t\t\t\t<div class=\"elementor-background-overlay\"><\/div>\n\t\t\t\t\t\t\t<div class=\"elementor-container elementor-column-gap-default\">\n\t\t\t\t\t<div class=\"elementor-column elementor-col-100 elementor-top-column elementor-element elementor-element-46cad61 elementor-invisible\" data-id=\"46cad61\" data-element_type=\"column\" data-e-type=\"column\" data-settings=\"{&quot;background_background&quot;:&quot;classic&quot;,&quot;animation&quot;:&quot;fadeIn&quot;}\">\n\t\t\t<div class=\"elementor-widget-wrap elementor-element-populated\">\n\t\t\t\t\t\t<div class=\"elementor-element elementor-element-5cf29a2 elementor-widget elementor-widget-image\" data-id=\"5cf29a2\" data-element_type=\"widget\" data-e-type=\"widget\" data-widget_type=\"image.default\">\n\t\t\t\t<div class=\"elementor-widget-container\">\n\t\t\t\t\t\t\t\t\t\t\t\t\t\t\t<img fetchpriority=\"high\" decoding=\"async\" width=\"300\" height=\"300\" src=\"https:\/\/gary50.erasmus.site\/wp-content\/uploads\/2024\/07\/Gary_5.0_logo-removebg-preview-300x300.png\" class=\"attachment-medium size-medium wp-image-56\" alt=\"\" srcset=\"https:\/\/gary50.erasmus.site\/wp-content\/uploads\/2024\/07\/Gary_5.0_logo-removebg-preview-300x300.png 300w, https:\/\/gary50.erasmus.site\/wp-content\/uploads\/2024\/07\/Gary_5.0_logo-removebg-preview-150x150.png 150w, https:\/\/gary50.erasmus.site\/wp-content\/uploads\/2024\/07\/Gary_5.0_logo-removebg-preview.png 500w\" sizes=\"(max-width: 300px) 100vw, 300px\" \/>\t\t\t\t\t\t\t\t\t\t\t\t\t\t\t<\/div>\n\t\t\t\t<\/div>\n\t\t\t\t<div class=\"elementor-element elementor-element-4723d76 elementor-widget elementor-widget-heading\" data-id=\"4723d76\" data-element_type=\"widget\" data-e-type=\"widget\" data-widget_type=\"heading.default\">\n\t\t\t\t<div class=\"elementor-widget-container\">\n\t\t\t\t\t<h2 class=\"elementor-heading-title elementor-size-xl\">GARY 5.0 Greater Aggregation of knowledge and Reinforcements of awareness in the field Industry 5.0 in vocational education<\/h2>\t\t\t\t<\/div>\n\t\t\t\t<\/div>\n\t\t\t\t<div class=\"elementor-element elementor-element-5bdba00 elementor-widget elementor-widget-text-editor\" data-id=\"5bdba00\" data-element_type=\"widget\" data-e-type=\"widget\" data-widget_type=\"text-editor.default\">\n\t\t\t\t<div class=\"elementor-widget-container\">\n\t\t\t\t\t\t\t\t\t<p>Valdkond: Kutseharidus ja -koolitus<br \/>Projekti number: 2023-1-DE02-KA220-VET-000158236<br \/>Rakendusperiood: 01.12.2023 &#8211; 30.11.2025<\/p>\t\t\t\t\t\t\t\t<\/div>\n\t\t\t\t<\/div>\n\t\t\t\t\t<\/div>\n\t\t<\/div>\n\t\t\t\t\t<\/div>\n\t\t<\/section>\n\t\t<div class=\"elementor-element elementor-element-7ae3c74 e-flex e-con-boxed e-con e-parent\" data-id=\"7ae3c74\" data-element_type=\"container\" data-e-type=\"container\">\n\t\t\t\t\t<div class=\"e-con-inner\">\n\t\t<div class=\"elementor-element elementor-element-4c79668 e-con-full e-flex e-con e-child\" data-id=\"4c79668\" data-element_type=\"container\" data-e-type=\"container\">\n\t\t\t\t<div class=\"elementor-element elementor-element-d06687c elementor-widget elementor-widget-menu-anchor\" data-id=\"d06687c\" data-element_type=\"widget\" data-e-type=\"widget\" data-widget_type=\"menu-anchor.default\">\n\t\t\t\t<div class=\"elementor-widget-container\">\n\t\t\t\t\t\t\t<div class=\"elementor-menu-anchor\" id=\"about\"><\/div>\n\t\t\t\t\t\t<\/div>\n\t\t\t\t<\/div>\n\t\t\t\t<div class=\"elementor-element elementor-element-ed3e4a1 elementor-widget elementor-widget-heading\" data-id=\"ed3e4a1\" data-element_type=\"widget\" data-e-type=\"widget\" data-widget_type=\"heading.default\">\n\t\t\t\t<div class=\"elementor-widget-container\">\n\t\t\t\t\t<h2 class=\"elementor-heading-title elementor-size-xl\">Projekti kohta<\/h2>\t\t\t\t<\/div>\n\t\t\t\t<\/div>\n\t\t\t\t<div class=\"elementor-element elementor-element-86518db elementor-widget elementor-widget-text-editor\" data-id=\"86518db\" data-element_type=\"widget\" data-e-type=\"widget\" data-widget_type=\"text-editor.default\">\n\t\t\t\t<div class=\"elementor-widget-container\">\n\t\t\t\t\t\t\t\t\t<p><\/li><\/ul><p><\/p><p><\/p><p>GARY 5.0 projekt on uuenduslik projekt, mille eesm\u00e4rk on arendada ettev\u00f5tlus- ja innovatsioonioskusi. L\u00e4bi mitmek\u00fclgsete \u00f5ppetegevuste, mentorluse ja praktiliste r\u00fchmaprojektide soovime anda osalejatele vajalikud teadmised ja t\u00f6\u00f6riistad oma \u00e4riideede loomiseks ja elluviimiseks.<\/p><p>Projekti raames l\u00e4biviidavad tegevused h\u00f5lmavad erinevaid \u00f5ppimise vorme interaktiivsetest t\u00f6\u00f6tubadest ja koolitustest kogenud ettev\u00f5tete ja avalikkuse juhitavate mentorsessioonideni kuni loovat m\u00f5tlemist ja innovatsiooni soodustavate \u00e4riideede konkurssideni.<\/p><p>Projekti eesm\u00e4rk on luua inspireeriv keskkond, mis soodustab praktiliste oskuste arendamist ning v\u00f5imaldab inimestel saada k\u00e4egakatsutavaid kogemusi ettev\u00f5tluse ja innovatsiooni vallas. Metoodika p\u00f5hineb aktiivsel \u00f5ppimisel, koost\u00f6\u00f6l ja praktilistel v\u00e4ljakutsetel, mida osalejad r\u00fchmades ette v\u00f5tavad.<\/p><p>Projekti sihtr\u00fchmad on<\/p><ul><li>Kutsehariduskeskuse juhid \u2013 kutsekoolitajad, praktikud \u2013 kutse\u00f5ppe \u00f5ppijad,<\/li><li>kutsehariduse pakkujate, ettev\u00f5tlusinkubaatorite, regionaalarengu agentuuride, kodade esindajad,<\/li><li>VKEde esindajad tegutsevad kindlates sektorites (lennundus- ja autot\u00f6\u00f6stus, \u00f6koturism, toidu- ja joogit\u00f6\u00f6stus ning puidut\u00f6\u00f6stus).<\/li><\/ul><p><\/p><p><\/li><\/ul>\t\t\t\t\t\t\t\t<\/div>\n\t\t\t\t<\/div>\n\t\t\t\t<\/div>\n\t\t<div class=\"elementor-element elementor-element-b8e3a64 e-con-full e-flex e-con e-child\" data-id=\"b8e3a64\" data-element_type=\"container\" data-e-type=\"container\">\n\t\t\t\t<div class=\"elementor-element elementor-element-4e16e6d elementor-widget elementor-widget-image\" data-id=\"4e16e6d\" data-element_type=\"widget\" data-e-type=\"widget\" data-widget_type=\"image.default\">\n\t\t\t\t<div class=\"elementor-widget-container\">\n\t\t\t\t\t\t\t\t\t\t\t\t\t\t\t<img decoding=\"async\" width=\"1024\" height=\"585\" src=\"https:\/\/gary50.erasmus.site\/wp-content\/uploads\/2024\/07\/Firefly-The-GARY-5.0-project-is-an-innovative-project-aimed-at-developing-entrepreneurial-and-innova-1024x585.jpg\" class=\"attachment-large size-large wp-image-68\" alt=\"\" srcset=\"https:\/\/gary50.erasmus.site\/wp-content\/uploads\/2024\/07\/Firefly-The-GARY-5.0-project-is-an-innovative-project-aimed-at-developing-entrepreneurial-and-innova-1024x585.jpg 1024w, https:\/\/gary50.erasmus.site\/wp-content\/uploads\/2024\/07\/Firefly-The-GARY-5.0-project-is-an-innovative-project-aimed-at-developing-entrepreneurial-and-innova-300x171.jpg 300w, https:\/\/gary50.erasmus.site\/wp-content\/uploads\/2024\/07\/Firefly-The-GARY-5.0-project-is-an-innovative-project-aimed-at-developing-entrepreneurial-and-innova-768x439.jpg 768w, https:\/\/gary50.erasmus.site\/wp-content\/uploads\/2024\/07\/Firefly-The-GARY-5.0-project-is-an-innovative-project-aimed-at-developing-entrepreneurial-and-innova-1536x878.jpg 1536w, https:\/\/gary50.erasmus.site\/wp-content\/uploads\/2024\/07\/Firefly-The-GARY-5.0-project-is-an-innovative-project-aimed-at-developing-entrepreneurial-and-innova-2048x1170.jpg 2048w\" sizes=\"(max-width: 1024px) 100vw, 1024px\" \/>\t\t\t\t\t\t\t\t\t\t\t\t\t\t\t<\/div>\n\t\t\t\t<\/div>\n\t\t\t\t<\/div>\n\t\t\t\t\t<\/div>\n\t\t\t\t<\/div>\n\t\t<div class=\"elementor-element elementor-element-2a4b7b5 e-flex e-con-boxed e-con e-parent\" data-id=\"2a4b7b5\" data-element_type=\"container\" data-e-type=\"container\">\n\t\t\t\t\t<div class=\"e-con-inner\">\n\t\t\t\t<div class=\"elementor-element elementor-element-869c522 elementor-widget elementor-widget-heading\" data-id=\"869c522\" data-element_type=\"widget\" data-e-type=\"widget\" data-widget_type=\"heading.default\">\n\t\t\t\t<div class=\"elementor-widget-container\">\n\t\t\t\t\t<h2 class=\"elementor-heading-title elementor-size-xl\">Thematic scope<\/h2>\t\t\t\t<\/div>\n\t\t\t\t<\/div>\n\t\t\t\t<div class=\"elementor-element elementor-element-7387b3b elementor-widget elementor-widget-text-editor\" data-id=\"7387b3b\" data-element_type=\"widget\" data-e-type=\"widget\" data-widget_type=\"text-editor.default\">\n\t\t\t\t<div class=\"elementor-widget-container\">\n\t\t\t\t\t\t\t\t\t<p>Projekti tulemuseks on v\u00f5imas haridusrakendus, mis t\u00f5stab teadlikkust T\u00f6\u00f6stus 5.0 rakendamise vajadusest kosmose-, auto-, \u00f6koturismi-, toidu- ja joogi- ning puidut\u00f6\u00f6stuses, pakkudes t\u00e4iustatud t\u00f6\u00f6riistu selle eesm\u00e4rgi saavutamiseks. Rakendus on saadaval ilma piiranguteta ja sisaldab viit moodulit, mis on p\u00fchendatud j\u00e4rgmistele elementidele:<\/p><\/div><div class=\"nv-content-wrap entry-content\"><p><strong>1) T\u00f6\u00f6stuse 5.0-ks \u00fcleminekuks kohalikul tasandil vajalikud kompetentsid ja ressursid \u2013 <\/strong>Moodul keskendub T\u00f6\u00f6stuse 5.0 kohalikule \u00fcleminekuks vajalike oskuste ja ressursside tuvastamisele ja arendamisele. See h\u00f5lmab kohalike kutse\u00f5ppeasutuste vajaduste anal\u00fc\u00fcsimist ning koolitusmaterjalide ja tugivahendite pakkumist, et valmistuda uuteks T\u00f6\u00f6stuse 5.0 tehnoloogiateks ja metoodikateks. Eesm\u00e4rk on kohandada globaalseid kontseptsioone kohalike kogukondade spetsiifiliste tingimuste ja vajadustega.<\/p><p><strong>2) Taastava ringmajanduse l\u00e4henemisviisid T\u00f6\u00f6stuse 5.0 rakendamise raamistikuna \u2013 <\/strong>edendada taastavat l\u00e4henemisviisi ringmajandusele kui T\u00f6\u00f6stuse 5.0 rakendamise alust. Tulemuseks on j\u00e4tkusuutlikke tavasid ja ressursit\u00f5husust toetavate \u00f5ppematerjalide ja -vahendite loomine ja jagamine.<\/p><p><strong>3) Inimese ja masina vahelised vastasm\u00f5jud kui majandusteaduse alus igal tasandil \u2013<\/strong> moodul sisaldab t\u00f6\u00f6riistu T\u00f6\u00f6stuse 5.0 v\u00f5rdlusuuringuks tarnijate ja kutse\u00f5ppe \u00fcli\u00f5pilastega Saksamaalt, Poolast, Eestist, Itaaliast ja Portugalist. Lisaks keskendub see inimese ja masina interaktsiooni optimeerimisele, mis on t\u00e4nap\u00e4eva majanduse aluseks. Koolitusprogrammid h\u00f5lmavad t\u00e4iustatud tehnoloogiaid ja tarkvara, mis toetavad paremat koost\u00f6\u00f6d inimeste ja masinate vahel, suurendades t\u00f6\u00f6koha efektiivsust ja ohutust. Osalejad \u00f5pivad neid tehnoloogiaid kasutama ka praktilistes stsenaariumides, valmistades neid paremini ette reaalseteks professionaalseteks v\u00e4ljakutseteks.<\/p><p><strong>4) Simulatsioonimudelid ja digitaalsed kaksikud tootmise planeerimise aluseks <\/strong>\u2013 Moodul sisaldab simulatsioonimudelite ja digikaksikute loomise oskuste arendamist. Koolitus keskendub simulatsioonide kavandamisele ja anal\u00fc\u00fcsimisele ning digitaalsete kaksikute kasutamisele tootmisprotsesside optimeerimiseks. Osalejad omandavad praktilise oskuse edukalt planeerida ja juhtida tootmist T\u00f6\u00f6stuse 5.0 keskkonnas. Arendus k\u00e4sitleb kosmose- ja autot\u00f6\u00f6stuse, \u00f6koturismi, toidu ja joogi ning puittoodete valdkondi.<\/p><p><strong>5) Virtuaalreaalsus kui kogemusp\u00f5hine kasvuvahend <\/strong>\u2013 Moodul kasutab virtuaalreaalsust hariduse ja professionaalse arengu vahendina. Koolitatavad saavad kaasahaarava virtuaalreaalsuse kogemuse kaudu omandada praktilisi oskusi, mis valmistavad neid ette k\u00f5rgtehnoloogilises t\u00f6\u00f6stuskeskkonnas t\u00f6\u00f6tamiseks. VR-koolituskursus on loodud reaalsete t\u00f6\u00f6stsenaariumide simuleerimiseks, v\u00f5imaldades teil arendada oma oskusi turvalises ja kontrollitud keskkonnas.<\/p><\/div>\t\t\t\t\t\t\t\t<\/div>\n\t\t\t\t<\/div>\n\t\t\t\t\t<\/div>\n\t\t\t\t<\/div>\n\t\t<div class=\"elementor-element elementor-element-eef2152 e-flex e-con-boxed e-con e-parent\" data-id=\"eef2152\" data-element_type=\"container\" data-e-type=\"container\">\n\t\t\t\t\t<div class=\"e-con-inner\">\n\t\t\t\t<div class=\"elementor-element elementor-element-60b313d elementor-align-center elementor-widget elementor-widget-button\" data-id=\"60b313d\" data-element_type=\"widget\" data-e-type=\"widget\" data-widget_type=\"button.default\">\n\t\t\t\t<div class=\"elementor-widget-container\">\n\t\t\t\t\t\t\t\t\t<div class=\"elementor-button-wrapper\">\n\t\t\t\t\t<a class=\"elementor-button elementor-button-link elementor-size-sm\" href=\"https:\/\/gary50.erasmus.site\/platform\/\" target=\"_blank\">\n\t\t\t\t\t\t<span class=\"elementor-button-content-wrapper\">\n\t\t\t\t\t\t\t\t\t<span class=\"elementor-button-text\">Open Gary 5.0 Platform<\/span>\n\t\t\t\t\t<\/span>\n\t\t\t\t\t<\/a>\n\t\t\t\t<\/div>\n\t\t\t\t\t\t\t\t<\/div>\n\t\t\t\t<\/div>\n\t\t\t\t\t<\/div>\n\t\t\t\t<\/div>\n\t\t\t\t<\/div>\n\t\t","protected":false},"excerpt":{"rendered":"<p>GARY 5.0 Greater Aggregation of knowledge and Reinforcements of awareness in the field Industry 5.0 in vocational education Valdkond: Kutseharidus ja -koolitusProjekti number: 2023-1-DE02-KA220-VET-000158236Rakendusperiood: 01.12.2023 &#8211; 30.11.2025 Projekti kohta GARY 5.0 projekt on uuenduslik projekt, mille eesm\u00e4rk on arendada ettev\u00f5tlus- ja innovatsioonioskusi. L\u00e4bi mitmek\u00fclgsete \u00f5ppetegevuste, mentorluse ja praktiliste r\u00fchmaprojektide soovime anda osalejatele vajalikud teadmised ja&hellip;&nbsp;<a href=\"https:\/\/gary50.erasmus.site\/et\/\" rel=\"bookmark\">Read More &raquo;<span class=\"screen-reader-text\">Kodu<\/span><\/a><\/p>\n","protected":false},"author":1,"featured_media":0,"parent":0,"menu_order":0,"comment_status":"closed","ping_status":"closed","template":"page-templates\/template-pagebuilder-full-width.php","meta":{"neve_meta_sidebar":"","neve_meta_container":"","neve_meta_enable_content_width":"off","neve_meta_content_width":100,"neve_meta_title_alignment":"","neve_meta_author_avatar":"","neve_post_elements_order":"","neve_meta_disable_header":"","neve_meta_disable_footer":"","neve_meta_disable_title":"","footnotes":""},"class_list":["post-43","page","type-page","status-publish","hentry"],"_links":{"self":[{"href":"https:\/\/gary50.erasmus.site\/et\/wp-json\/wp\/v2\/pages\/43","targetHints":{"allow":["GET"]}}],"collection":[{"href":"https:\/\/gary50.erasmus.site\/et\/wp-json\/wp\/v2\/pages"}],"about":[{"href":"https:\/\/gary50.erasmus.site\/et\/wp-json\/wp\/v2\/types\/page"}],"author":[{"embeddable":true,"href":"https:\/\/gary50.erasmus.site\/et\/wp-json\/wp\/v2\/users\/1"}],"replies":[{"embeddable":true,"href":"https:\/\/gary50.erasmus.site\/et\/wp-json\/wp\/v2\/comments?post=43"}],"version-history":[{"count":90,"href":"https:\/\/gary50.erasmus.site\/et\/wp-json\/wp\/v2\/pages\/43\/revisions"}],"predecessor-version":[{"id":286,"href":"https:\/\/gary50.erasmus.site\/et\/wp-json\/wp\/v2\/pages\/43\/revisions\/286"}],"wp:attachment":[{"href":"https:\/\/gary50.erasmus.site\/et\/wp-json\/wp\/v2\/media?parent=43"}],"curies":[{"name":"wp","href":"https:\/\/api.w.org\/{rel}","templated":true}]}}