{"id":89,"date":"2024-07-24T09:50:12","date_gmt":"2024-07-24T09:50:12","guid":{"rendered":"https:\/\/gary50.erasmus.site\/?page_id=89"},"modified":"2026-03-20T15:25:16","modified_gmt":"2026-03-20T15:25:16","slug":"partnership","status":"publish","type":"page","link":"https:\/\/gary50.erasmus.site\/et\/partnership\/","title":{"rendered":"Partnerlus"},"content":{"rendered":"<p><\/p>\n<h3 style=\"text-align: center;\"><img fetchpriority=\"high\" decoding=\"async\" class=\"alignnone size-full wp-image-91\" src=\"https:\/\/gary50.erasmus.site\/wp-content\/uploads\/2024\/07\/assist.png\" alt=\"\" width=\"300\" height=\"300\" srcset=\"https:\/\/gary50.erasmus.site\/wp-content\/uploads\/2024\/07\/assist.png 300w, https:\/\/gary50.erasmus.site\/wp-content\/uploads\/2024\/07\/assist-150x150.png 150w, https:\/\/gary50.erasmus.site\/wp-content\/uploads\/2024\/07\/assist-24x24.png 24w, https:\/\/gary50.erasmus.site\/wp-content\/uploads\/2024\/07\/assist-36x36.png 36w, https:\/\/gary50.erasmus.site\/wp-content\/uploads\/2024\/07\/assist-48x48.png 48w\" sizes=\"(max-width: 300px) 100vw, 300px\" \/><br \/>\n<strong>Assist GmbH \u2013 Saksamaa<\/strong> &#8211; Projekti koordinaator<\/h3>\n<p>Assist GmbH on keskmise suurusega osa\u00fching, mille peakontor asub Kesk-Saksamaal Paderbornis ja mis tegutseb kogu maailmas ning pakub \u00e4rikonsultatsioone ja personaliarendust. Pakume nii kultuuridevahelisi koolitusi, juhtimiskoolitusi, suhtlemiskoolitusi, konsultantide koolitusi kui ka juhendamist, n\u00f5ustamist ja rahvusvahelisi t\u00f6\u00f6tubasid uuenduslike kombineeritud \u00f5ppevahenditega, et toetada rahvusvaheliste meeskondade, juhtide ja \u00fclemaailmsete organisatsioonide j\u00e4tkusuutlikku arengut. Assist arendab ja kujundab pidevalt uusi e-koolituse formaate ja e-koolitusmaterjale nii reaalajas kui ka v\u00f5rguv\u00e4lise koolituse jaoks. Unikaalse Blended Online Live Training (BOLT) abil t\u00e4iendab assist GmbH n\u00e4ost n\u00e4kku koolitust uuenduslike \u00f5ppevormingutega, et optimeerida \u00f5ppet\u00f5husust ning koolituse sisu ja p\u00e4devuse j\u00e4tkusuutlikkust.<\/p>\n<p><strong>Veebisait: <\/strong> <a href=\"https:\/\/www.international-hr.de\/\" target=\"_blank\" rel=\"noopener\">https:\/\/www.international-hr.de\/<\/a><\/p>\n<p>Sotsiaalmeedia:<\/p>\n<p>Facebook: <a href=\"https:\/\/www.facebook.com\/thomas.gary.3597\/\" target=\"_blank\" rel=\"noopener\">https:\/\/www.facebook.com\/thomas.gary.3597\/<\/a><\/p>\n<p>LinkedIn: <a href=\"https:\/\/www.linkedin.com\/in\/gary-thomas-a037a9b\/\" target=\"_blank\" rel=\"noopener\">https:\/\/www.linkedin.com\/in\/gary-thomas-a037a9b\/<\/a><\/p>\n<p>&nbsp;<\/p>\n<hr \/>\n<h3 style=\"text-align: center;\"><img decoding=\"async\" class=\"alignnone wp-image-94 size-full\" src=\"https:\/\/gary50.erasmus.site\/wp-content\/uploads\/2024\/07\/cwep.png\" alt=\"\" width=\"300\" height=\"300\" srcset=\"https:\/\/gary50.erasmus.site\/wp-content\/uploads\/2024\/07\/cwep.png 300w, https:\/\/gary50.erasmus.site\/wp-content\/uploads\/2024\/07\/cwep-150x150.png 150w, https:\/\/gary50.erasmus.site\/wp-content\/uploads\/2024\/07\/cwep-24x24.png 24w, https:\/\/gary50.erasmus.site\/wp-content\/uploads\/2024\/07\/cwep-36x36.png 36w, https:\/\/gary50.erasmus.site\/wp-content\/uploads\/2024\/07\/cwep-48x48.png 48w\" sizes=\"(max-width: 300px) 100vw, 300px\" \/><br \/>\n<strong>Hariduse ja ettev\u00f5tluse tugikeskus \u2013 Poola<\/strong><\/h3>\n<p>Center for Education and Entrepreneurship Support (CWEP) on valitsusv\u00e4line organisatsioon, mille asutas 2004. aastal Poolast Rzesz\u00f3wist p\u00e4rit ettev\u00f5tjate, \u00f5petajate ja \u00fchiskonnaaktivistide r\u00fchm. CWEP teeb koost\u00f6\u00f6d ettev\u00f5tete ja haridusasutustega. CWEPi missioon on t\u00f5sta hariduse kvaliteeti k\u00f5igil tasanditel ja k\u00f5ikides selle vormides, samuti edendada ettev\u00f5tlust, et soodustada k\u00f5igi sotsiaalsete r\u00fchmade integratsiooni, s\u00f5ltumata nende soost, vanusest v\u00f5i etnilisest p\u00e4ritolust. Eelk\u00f5ige on eesm\u00e4rgiks parandada k\u00f5ikide inimeste hariduse k\u00e4ttesaadavust, kvaliteeti ja t\u00f5husust, edendada ja aidata kaasa t\u00e4iskasvanuharidusele, elukestvale \u00f5ppele, e-\u00f5ppele ning uute tehnoloogiate kasutamisele hariduses ja ettev\u00f5tluses. Assotsiatsioon teeb ettev\u00f5tete majandusliku positsiooni tugevdamiseks koost\u00f6\u00f6d paljude partneritega Euroopast ning pakub ettev\u00f5tetele on-line platvorme.<\/p>\n<p>Veebisait:<\/p>\n<p><a href=\"https:\/\/cwep.eu\/\">https:\/\/cwep.eu\/<\/a><\/p>\n<p>Sotsiaalmeedia:<\/p>\n<p>Facebook:<\/p>\n<p><a href=\"https:\/\/www.facebook.com\/CWEP.EU\">https:\/\/www.facebook.com\/CWEP.EU<\/a><\/p>\n<p>LinkedIn:<\/p>\n<p><a href=\"https:\/\/www.linkedin.com\/company\/cwep\/\">https:\/\/www.linkedin.com\/company\/cwep\/<\/a><\/p>\n<hr \/>\n<h3 style=\"text-align: center;\"><img decoding=\"async\" class=\"alignnone wp-image-95 size-full\" src=\"https:\/\/gary50.erasmus.site\/wp-content\/uploads\/2024\/07\/ed.png\" alt=\"\" width=\"300\" height=\"300\" srcset=\"https:\/\/gary50.erasmus.site\/wp-content\/uploads\/2024\/07\/ed.png 300w, https:\/\/gary50.erasmus.site\/wp-content\/uploads\/2024\/07\/ed-150x150.png 150w, https:\/\/gary50.erasmus.site\/wp-content\/uploads\/2024\/07\/ed-24x24.png 24w, https:\/\/gary50.erasmus.site\/wp-content\/uploads\/2024\/07\/ed-36x36.png 36w, https:\/\/gary50.erasmus.site\/wp-content\/uploads\/2024\/07\/ed-48x48.png 48w\" sizes=\"(max-width: 300px) 100vw, 300px\" \/><br \/>\n<strong>E&amp;D Knowledge Consulting Lda. \u2013 Portugal<\/strong><\/h3>\n<p>E&amp;D Knowledge Consulting on konsultatsiooni- ja erialakoolitusettev\u00f5te, mis on spetsialiseerunud ettev\u00f5tlus-, avaliku- ja sotsiaalsektori innovatsiooni edendamiseks vajalike kompetentside arendamise toetamisele. E&amp;D p\u00f5hitegevused on keskendunud juhtidele ja ettev\u00f5tjatele p\u00e4devuste, teadmiste ja t\u00f6\u00f6riistade pakkumisele, mis on vajalikud innovatsioonistrateegiate edukaks rakendamiseks ja elluviimiseks nende organisatsioonides, aga ka innovatsiooni edendamiseks oma keskkonnas.<\/p>\n<p>E&amp;D p\u00f5hivaldkonnad on organisatsioonide innovatsioonitegevuse juurutamise toetamine \u2013 innovatsiooniaudititest innovatsioonistrateegiate m\u00e4\u00e4ratlemise ja elluviimise toetamiseni, organisatsioonide individuaalsetele vajadustele kohandatud innovatsiooniprotsesside ja -mehhanismide v\u00e4ljat\u00f6\u00f6tamiseni, juurdep\u00e4\u00e4su tagamine vajalikele oskustele ja p\u00e4devustele. edukat innovatsiooni nii juhtide ja juhtide kui ka t\u00f6\u00f6tajate seas.<\/p>\n<p>Veebisait:<\/p>\n<p><a href=\"https:\/\/ed-knowledgeconsulting.com\/\">https:\/\/ed-knowledgeconsulting.com\/<\/a><\/p>\n<p>Sotsiaalmeedia:<\/p>\n<p>Facebook:<\/p>\n<p><a href=\"https:\/\/www.facebook.com\/EDKnowledgeConsulting\">https:\/\/www.facebook.com\/EDKnowledgeConsulting<\/a><\/p>\n<p>LinkedIn:<\/p>\n<p><a href=\"https:\/\/www.linkedin.com\/company\/e&amp;d-knowledge-consulting\">https:\/\/www.linkedin.com\/company\/e&amp;d-knowledge-consulting<\/a><\/p>\n<hr \/>\n<h3 style=\"text-align: center;\"><img loading=\"lazy\" decoding=\"async\" class=\"alignnone wp-image-98 size-full\" src=\"https:\/\/gary50.erasmus.site\/wp-content\/uploads\/2024\/07\/estihub.png\" alt=\"\" width=\"300\" height=\"300\" srcset=\"https:\/\/gary50.erasmus.site\/wp-content\/uploads\/2024\/07\/estihub.png 300w, https:\/\/gary50.erasmus.site\/wp-content\/uploads\/2024\/07\/estihub-150x150.png 150w, https:\/\/gary50.erasmus.site\/wp-content\/uploads\/2024\/07\/estihub-24x24.png 24w, https:\/\/gary50.erasmus.site\/wp-content\/uploads\/2024\/07\/estihub-36x36.png 36w, https:\/\/gary50.erasmus.site\/wp-content\/uploads\/2024\/07\/estihub-48x48.png 48w\" sizes=\"(max-width: 300px) 100vw, 300px\" \/><br \/>\n<strong>Eesti EduHub \u2013 Estonia<\/strong><\/h3>\n<p>Eesti EduHub on Eesti haridus- ja koolitusorganisatsioon, mis pakub teadmisi, oskusi ja p\u00e4devusi uuenduslike \u00f5ppe- ja arenduslahenduste kaudu, mis h\u00f5lmavad mitmeid valdkondi ja t\u00f6\u00f6stusharusid, mis on kohandatud t\u00e4iskasvanute, noorte ja \u00e4riringkondade vajadustele. Eesti edendab kohalikku arengut, edendades ettev\u00f5tlust, pehmete oskuste arendamist, innovatsiooni, j\u00e4tkusuutlikku ettev\u00f5tluse arengut, sotsiaalset vastutust, v\u00f5rgustike loomist, digitaalseid ja rohelisi oskusi ning t\u00f6\u00f6alaseid oskusi. Organisatsiooni peamine eesm\u00e4rk on edendada Euroopa kodanike pidevat professionaalset ja isiklikku arengut kultuurilise, haridusliku, majandusliku ja sotsiaalse tegevuse kaudu.<\/p>\n<p>Veebisait: <a href=\"https:\/\/www.eestieduhub.com\/\">https:\/\/www.eestieduhub.com\/<\/a><\/p>\n<p>Sotsiaalmeedia:<\/p>\n<p>Facebook:<\/p>\n<p><a href=\"https:\/\/www.facebook.com\/people\/Eesti-Edu-Hub\/61554387220123\/\">https:\/\/www.facebook.com\/people\/Eesti-Edu-Hub\/61554387220123\/<\/a><\/p>\n<p>LinkedIn:<\/p>\n<p><a href=\"https:\/\/www.linkedin.com\/company\/eesti-edu-hub\">https:\/\/www.linkedin.com\/company\/eesti-edu-hub<\/a><\/p>\n<hr \/>\n<h3 style=\"text-align: center;\"><img loading=\"lazy\" decoding=\"async\" class=\"alignnone wp-image-96 size-full\" src=\"https:\/\/gary50.erasmus.site\/wp-content\/uploads\/2024\/07\/labc.png\" alt=\"\" width=\"300\" height=\"300\" srcset=\"https:\/\/gary50.erasmus.site\/wp-content\/uploads\/2024\/07\/labc.png 300w, https:\/\/gary50.erasmus.site\/wp-content\/uploads\/2024\/07\/labc-150x150.png 150w, https:\/\/gary50.erasmus.site\/wp-content\/uploads\/2024\/07\/labc-24x24.png 24w, https:\/\/gary50.erasmus.site\/wp-content\/uploads\/2024\/07\/labc-36x36.png 36w, https:\/\/gary50.erasmus.site\/wp-content\/uploads\/2024\/07\/labc-48x48.png 48w\" sizes=\"(max-width: 300px) 100vw, 300px\" \/><br \/>\n<strong>LABC S.R.L. &#8211; Itaalia<\/strong><\/h3>\n<p>LABC asub Torinos ning selle eesm\u00e4rk on jagada ja tugineda spetsialistide kogemustele individuaalse ja kogukonna heaolu, r\u00fchmat\u00f6\u00f6, hariduse ja koolituse, t\u00f6\u00f6turule taasintegreerimise ja projektijuhtimise valdkonnas.<\/p>\n<p>LABC on \u00fcleeuroopaline \u00f5pikogukond, mis v\u00f5tab omaks ja jagab j\u00e4rgmisi p\u00f5him\u00f5tteid:<\/p>\n<ul>\n<li>koost\u00f6\u00f6p\u00f5hine \u00f5pe, et vahetada, t\u00e4iustada ja jagada kogemusi, ressursse ja oskusi, et optimeerida rahvusvahelist ja intermodaalset koost\u00f6\u00f6d, arendada ja edasi anda metoodikat ja praktikat<\/li>\n<li>generatiivsus, et luua, toetada ja suunata v\u00f5imet luua, genereerida ja toota uusi ps\u00fchholoogilisi, sotsiaalseid ja hariduslikke t\u00f6\u00f6riistu, mudeleid ja praktikaid, eesm\u00e4rgiga neid kogu kogukonnas vabalt levitada.<\/li>\n<\/ul>\n<p>LABC on aktiivne ja kogenud \u00fcksikisiku ja kogukonna heaolu tagamisel laialdaselt erinevaid tegevusi, sealhulgas r\u00fchmat\u00f6\u00f6 sessioone, supervisioone, koolitusi, n\u00f5ustamist jne ning haridust ja teadust\u00f6\u00f6d, kavandades \u00f5ppemetoodikaid ning rakendades koolitusmaterjale ja t\u00f6\u00f6riistu, mis on p\u00fchendatud teadlikkuse t\u00f5stmisele. osalejatest.<\/p>\n<p>Veebisait: <a href=\"https:\/\/labcentro.it\/\">https:\/\/labcentro.it\/<\/a><\/p>\n<p>Sotsiaalmeedia:<\/p>\n<p>Facebook:<\/p>\n<p><a href=\"https:\/\/www.facebook.com\/LABCsrl\/\">https:\/\/www.facebook.com\/LABCsrl\/<\/a><\/p>\n<p>LinkedIn: <a href=\"https:\/\/www.linkedin.com\/company\/labc-srl\/\">https:\/\/www.linkedin.com\/company\/labc-srl\/<\/a><\/p>","protected":false},"excerpt":{"rendered":"<p>Assist GmbH \u2013 Saksamaa &#8211; Projekti koordinaator Assist GmbH on keskmise suurusega osa\u00fching, mille peakontor asub Kesk-Saksamaal Paderbornis ja mis tegutseb kogu maailmas ning pakub \u00e4rikonsultatsioone ja personaliarendust. Pakume nii kultuuridevahelisi koolitusi, juhtimiskoolitusi, suhtlemiskoolitusi, konsultantide koolitusi kui ka juhendamist, n\u00f5ustamist ja rahvusvahelisi t\u00f6\u00f6tubasid uuenduslike kombineeritud \u00f5ppevahenditega, et toetada rahvusvaheliste meeskondade, juhtide ja \u00fclemaailmsete organisatsioonide j\u00e4tkusuutlikku&hellip;&nbsp;<a href=\"https:\/\/gary50.erasmus.site\/et\/partnership\/\" rel=\"bookmark\">Read More &raquo;<span class=\"screen-reader-text\">Partnerlus<\/span><\/a><\/p>\n","protected":false},"author":1,"featured_media":0,"parent":0,"menu_order":0,"comment_status":"closed","ping_status":"closed","template":"","meta":{"neve_meta_sidebar":"","neve_meta_container":"","neve_meta_enable_content_width":"off","neve_meta_content_width":100,"neve_meta_title_alignment":"","neve_meta_author_avatar":"","neve_post_elements_order":"","neve_meta_disable_header":"","neve_meta_disable_footer":"","neve_meta_disable_title":"","footnotes":""},"class_list":["post-89","page","type-page","status-publish","hentry"],"_links":{"self":[{"href":"https:\/\/gary50.erasmus.site\/et\/wp-json\/wp\/v2\/pages\/89","targetHints":{"allow":["GET"]}}],"collection":[{"href":"https:\/\/gary50.erasmus.site\/et\/wp-json\/wp\/v2\/pages"}],"about":[{"href":"https:\/\/gary50.erasmus.site\/et\/wp-json\/wp\/v2\/types\/page"}],"author":[{"embeddable":true,"href":"https:\/\/gary50.erasmus.site\/et\/wp-json\/wp\/v2\/users\/1"}],"replies":[{"embeddable":true,"href":"https:\/\/gary50.erasmus.site\/et\/wp-json\/wp\/v2\/comments?post=89"}],"version-history":[{"count":10,"href":"https:\/\/gary50.erasmus.site\/et\/wp-json\/wp\/v2\/pages\/89\/revisions"}],"predecessor-version":[{"id":330,"href":"https:\/\/gary50.erasmus.site\/et\/wp-json\/wp\/v2\/pages\/89\/revisions\/330"}],"wp:attachment":[{"href":"https:\/\/gary50.erasmus.site\/et\/wp-json\/wp\/v2\/media?parent=89"}],"curies":[{"name":"wp","href":"https:\/\/api.w.org\/{rel}","templated":true}]}}