{"id":103,"date":"2024-07-24T10:05:45","date_gmt":"2024-07-24T10:05:45","guid":{"rendered":"https:\/\/gary50.erasmus.site\/?page_id=103"},"modified":"2026-01-22T15:50:03","modified_gmt":"2026-01-22T15:50:03","slug":"development-of-industry-5-0-benchmarking-tool-for-vet","status":"publish","type":"page","link":"https:\/\/gary50.erasmus.site\/it\/development-of-industry-5-0-benchmarking-tool-for-vet\/","title":{"rendered":"Sviluppo dello strumento di benchmarking Industria 5.0 per l&#8217;istruzione e la formazione professionale"},"content":{"rendered":"<p>Lo strumento mira a stimolare la consapevolezza della necessit\u00e0 di implementare l&#8217;Industria 5.0 e ad aiutare ad allineare l&#8217;istruzione ai requisiti dell&#8217;Industria 5.0 nell&#8217;ambito dell&#8217;istruzione e della formazione professionale (IFP). Il risultato si basa su un&#8217;analisi completa della convergenza e della discrepanza tra le esigenze del mercato del lavoro e l&#8217;offerta formativa. Tiene conto di standard europei consolidati come il Sistema europeo di crediti per l&#8217;istruzione e la formazione professionale (ECVET), il Quadro europeo delle qualifiche (EQF) e il Quadro nazionale delle qualifiche (NQF). Ci\u00f2 consente un confronto coerente e oggettivo dei programmi educativi.<\/p>\n<p>Lo strumento stesso svilupper\u00e0 linee guida per il benchmarking. Esse consentiranno di standardizzare il processo di benchmarking e di valutare l&#8217;efficacia della conformit\u00e0 dei programmi formativi ai requisiti dell&#8217;Industria 5.0. Lo strumento sar\u00e0 soggetto a un pilotaggio esterno. Lo strumento sar\u00e0 oggetto di una sperimentazione esterna in diversi Paesi partner del progetto: Germania, Polonia, Estonia, Italia e Portogallo. Questo processo sottolinea che gli istituti di formazione professionale allineeranno i loro programmi con le reali esigenze del mercato del lavoro, assicurando che gli studenti acquisiscano le abilit\u00e0 e le competenze necessarie per prosperare nell&#8217;Industria 5.0.<\/p>\n<div style=\"text-align: center; margin-bottom: 60px;\"><a class=\"button\" href=\"https:\/\/gary50.erasmus.site\/platform\/benchmark\" target=\"_blank\" rel=\"noopener\">Aprire<\/a><\/div>\n<p><\/p>","protected":false},"excerpt":{"rendered":"<p>Lo strumento mira a stimolare la consapevolezza della necessit\u00e0 di implementare l&#8217;Industria 5.0 e ad aiutare ad allineare l&#8217;istruzione ai requisiti dell&#8217;Industria 5.0 nell&#8217;ambito dell&#8217;istruzione e della formazione professionale (IFP). Il risultato si basa su un&#8217;analisi completa della convergenza e della discrepanza tra le esigenze del mercato del lavoro e l&#8217;offerta formativa. Tiene conto di&hellip;&nbsp;<a href=\"https:\/\/gary50.erasmus.site\/it\/development-of-industry-5-0-benchmarking-tool-for-vet\/\" rel=\"bookmark\">Leggi tutto &raquo;<span class=\"screen-reader-text\">Sviluppo dello strumento di benchmarking Industria 5.0 per l&#8217;istruzione e la formazione professionale<\/span><\/a><\/p>\n","protected":false},"author":1,"featured_media":0,"parent":0,"menu_order":0,"comment_status":"closed","ping_status":"closed","template":"","meta":{"neve_meta_sidebar":"","neve_meta_container":"","neve_meta_enable_content_width":"off","neve_meta_content_width":100,"neve_meta_title_alignment":"","neve_meta_author_avatar":"","neve_post_elements_order":"","neve_meta_disable_header":"","neve_meta_disable_footer":"","neve_meta_disable_title":"","footnotes":""},"class_list":["post-103","page","type-page","status-publish","hentry"],"_links":{"self":[{"href":"https:\/\/gary50.erasmus.site\/it\/wp-json\/wp\/v2\/pages\/103","targetHints":{"allow":["GET"]}}],"collection":[{"href":"https:\/\/gary50.erasmus.site\/it\/wp-json\/wp\/v2\/pages"}],"about":[{"href":"https:\/\/gary50.erasmus.site\/it\/wp-json\/wp\/v2\/types\/page"}],"author":[{"embeddable":true,"href":"https:\/\/gary50.erasmus.site\/it\/wp-json\/wp\/v2\/users\/1"}],"replies":[{"embeddable":true,"href":"https:\/\/gary50.erasmus.site\/it\/wp-json\/wp\/v2\/comments?post=103"}],"version-history":[{"count":9,"href":"https:\/\/gary50.erasmus.site\/it\/wp-json\/wp\/v2\/pages\/103\/revisions"}],"predecessor-version":[{"id":327,"href":"https:\/\/gary50.erasmus.site\/it\/wp-json\/wp\/v2\/pages\/103\/revisions\/327"}],"wp:attachment":[{"href":"https:\/\/gary50.erasmus.site\/it\/wp-json\/wp\/v2\/media?parent=103"}],"curies":[{"name":"wp","href":"https:\/\/api.w.org\/{rel}","templated":true}]}}