{"id":105,"date":"2024-07-24T10:06:14","date_gmt":"2024-07-24T10:06:14","guid":{"rendered":"https:\/\/gary50.erasmus.site\/?page_id=105"},"modified":"2026-01-22T15:51:47","modified_gmt":"2026-01-22T15:51:47","slug":"industry-5-0-adaptive-and-validation-oer","status":"publish","type":"page","link":"https:\/\/gary50.erasmus.site\/it\/industry-5-0-adaptive-and-validation-oer\/","title":{"rendered":"Industria 5.0 adattiva e di validazione OER"},"content":{"rendered":"<p>L&#8217;obiettivo principale del risultato \u00e8 quello di fornire l&#8217;accesso alle conoscenze pi\u00f9 recenti sull&#8217;Industria 5.0. Creando un&#8217;applicazione web innovativa che funge da risorsa educativa aperta (OER), la piattaforma fornir\u00e0 un punto di accesso centrale per studenti, insegnanti e lavoratori dell&#8217;industria. Questi ultimi potranno utilizzare diversi materiali didattici in un formato interattivo. L&#8217;applicazione non si limita a risorse statiche, ma offre una piattaforma interattiva che si adatta alle esigenze e al ritmo di apprendimento di ciascun utente. Di conseguenza, tutti potranno sviluppare le proprie capacit\u00e0 e competenze in base agli attuali requisiti dell&#8217;Industria 5.0.<\/p>\n<p>Inoltre, la piattaforma offrir\u00e0 un comodo accesso a materiali didattici aggiornati, consentendo agli utenti di migliorare in modo efficiente le competenze essenziali per avere successo nell&#8217;Industria 5.0.<\/p>\n<p>Data la crescente importanza della digitalizzazione, in parte determinata dalla situazione epidemiologica globale, l&#8217;OER adattabile e validata dell&#8217;Industria 5.0 emerge come un risultato cruciale del progetto. Ha il potenziale per raggiungere un ampio pubblico e sostenere la trasformazione digitale del settore dell&#8217;istruzione e della formazione professionale (VET).<\/p>\n<p>Grazie all&#8217;applicazione, studenti, insegnanti e dipendenti dell&#8217;industria potranno accedere facilmente a contenuti didattici aggiornati. Ci\u00f2 consentir\u00e0 loro di sviluppare efficacemente le proprie capacit\u00e0 e competenze in base ai requisiti dell&#8217;Industria 5.0. La piattaforma sar\u00e0 inoltre adattabile alle esigenze di tutti i partecipanti. La piattaforma sar\u00e0 inoltre adattata ai diversi stili di apprendimento, consentendo un approccio personalizzato all&#8217;istruzione e allo sviluppo delle competenze al ritmo adatto a ciascun utente.<\/p>\n<p>La trasformazione verso la digitalizzazione di prodotti, servizi e persone richiede il coinvolgimento di un gruppo di attori chiave, il dialogo con gli utenti e partnership collaborative a pi\u00f9 livelli. I corsi multilivello introdurranno lo sviluppo di competenze digitali orientate verso l&#8217;Industria 5.0.<\/p>\n<p>Questa formazione mira a coltivare solide competenze digitali adattate all&#8217;Industria 5.0, coinvolgendo formatori di IFP, operatori, studenti e rappresentanti delle PMI di diversi settori.<\/p>\n<div style=\"text-align:center;margin-bottom:60px;\"><a href=\"https:\/\/gary50.erasmus.site\/platform\/oer\" target=\"_blank\" class=\"button\">Aprire<\/a><\/div>\n<p><\/p>","protected":false},"excerpt":{"rendered":"<p>L&#8217;obiettivo principale del risultato \u00e8 quello di fornire l&#8217;accesso alle conoscenze pi\u00f9 recenti sull&#8217;Industria 5.0. Creando un&#8217;applicazione web innovativa che funge da risorsa educativa aperta (OER), la piattaforma fornir\u00e0 un punto di accesso centrale per studenti, insegnanti e lavoratori dell&#8217;industria. Questi ultimi potranno utilizzare diversi materiali didattici in un formato interattivo. L&#8217;applicazione non si limita&hellip;&nbsp;<a href=\"https:\/\/gary50.erasmus.site\/it\/industry-5-0-adaptive-and-validation-oer\/\" rel=\"bookmark\">Leggi tutto &raquo;<span class=\"screen-reader-text\">Industria 5.0 adattiva e di validazione OER<\/span><\/a><\/p>\n","protected":false},"author":1,"featured_media":0,"parent":0,"menu_order":0,"comment_status":"closed","ping_status":"closed","template":"","meta":{"neve_meta_sidebar":"","neve_meta_container":"","neve_meta_enable_content_width":"off","neve_meta_content_width":100,"neve_meta_title_alignment":"","neve_meta_author_avatar":"","neve_post_elements_order":"","neve_meta_disable_header":"","neve_meta_disable_footer":"","neve_meta_disable_title":"","footnotes":""},"class_list":["post-105","page","type-page","status-publish","hentry"],"_links":{"self":[{"href":"https:\/\/gary50.erasmus.site\/it\/wp-json\/wp\/v2\/pages\/105","targetHints":{"allow":["GET"]}}],"collection":[{"href":"https:\/\/gary50.erasmus.site\/it\/wp-json\/wp\/v2\/pages"}],"about":[{"href":"https:\/\/gary50.erasmus.site\/it\/wp-json\/wp\/v2\/types\/page"}],"author":[{"embeddable":true,"href":"https:\/\/gary50.erasmus.site\/it\/wp-json\/wp\/v2\/users\/1"}],"replies":[{"embeddable":true,"href":"https:\/\/gary50.erasmus.site\/it\/wp-json\/wp\/v2\/comments?post=105"}],"version-history":[{"count":8,"href":"https:\/\/gary50.erasmus.site\/it\/wp-json\/wp\/v2\/pages\/105\/revisions"}],"predecessor-version":[{"id":328,"href":"https:\/\/gary50.erasmus.site\/it\/wp-json\/wp\/v2\/pages\/105\/revisions\/328"}],"wp:attachment":[{"href":"https:\/\/gary50.erasmus.site\/it\/wp-json\/wp\/v2\/media?parent=105"}],"curies":[{"name":"wp","href":"https:\/\/api.w.org\/{rel}","templated":true}]}}