{"id":89,"date":"2024-07-24T09:50:12","date_gmt":"2024-07-24T09:50:12","guid":{"rendered":"https:\/\/gary50.erasmus.site\/?page_id=89"},"modified":"2026-03-20T15:25:16","modified_gmt":"2026-03-20T15:25:16","slug":"partnership","status":"publish","type":"page","link":"https:\/\/gary50.erasmus.site\/it\/partnership\/","title":{"rendered":"Partnership"},"content":{"rendered":"<p><\/p>\n<h3 style=\"text-align: center;\"><img fetchpriority=\"high\" decoding=\"async\" class=\"alignnone size-full wp-image-91\" src=\"https:\/\/gary50.erasmus.site\/wp-content\/uploads\/2024\/07\/assist.png\" alt=\"\" width=\"300\" height=\"300\" srcset=\"https:\/\/gary50.erasmus.site\/wp-content\/uploads\/2024\/07\/assist.png 300w, https:\/\/gary50.erasmus.site\/wp-content\/uploads\/2024\/07\/assist-150x150.png 150w, https:\/\/gary50.erasmus.site\/wp-content\/uploads\/2024\/07\/assist-24x24.png 24w, https:\/\/gary50.erasmus.site\/wp-content\/uploads\/2024\/07\/assist-36x36.png 36w, https:\/\/gary50.erasmus.site\/wp-content\/uploads\/2024\/07\/assist-48x48.png 48w\" sizes=\"(max-width: 300px) 100vw, 300px\" \/><br \/>\nAssist GmbH &#8211; <strong>Germania<\/strong> &#8211; Coordinatore del progetto<\/h3>\n<p>Assist GmbH \u00e8 una societ\u00e0 a responsabilit\u00e0 limitata di medie dimensioni con sede a Paderborn, nella Germania centrale, che opera in tutto il mondo e fornisce consulenza aziendale e sviluppo delle risorse umane. Offriamo formazione interculturale, formazione sulla leadership, formazione sulla comunicazione, formazione per consulenti, nonch\u00e9 coaching, consulenza e workshop internazionali con strumenti innovativi di apprendimento misto per sostenere lo sviluppo sostenibile di team internazionali, leader e organizzazioni globali. Assist sviluppa e progetta costantemente nuovi formati di e-training e materiali di e-training per la formazione dal vivo online e offline. Con l&#8217;esclusivo Blended Online Live Training (BOLT) assist GmbH integra la formazione faccia a faccia con formati di apprendimento innovativi per ottimizzare l&#8217;efficienza dell&#8217;apprendimento e la sostenibilit\u00e0 dei contenuti e delle competenze della formazione.<\/p>\n<p>Sito web: <a href=\"https:\/\/www.international-hr.de\/\" target=\"_blank\" rel=\"noopener\">https:\/\/www.international-hr.de\/<\/a><\/p>\n<p>Media sociali:<\/p>\n<p>Facebook: <a href=\"https:\/\/www.facebook.com\/thomas.gary.3597\/\" target=\"_blank\" rel=\"noopener\">https:\/\/www.facebook.com\/thomas.gary.3597\/<\/a><\/p>\n<p>LinkedIn: <a href=\"https:\/\/www.linkedin.com\/in\/gary-thomas-a037a9b\/\" target=\"_blank\" rel=\"noopener\">https:\/\/www.linkedin.com\/in\/gary-thomas-a037a9b\/<\/a><\/p>\n<p>&nbsp;<\/p>\n<hr \/>\n<h3 style=\"text-align: center;\"><img decoding=\"async\" class=\"alignnone wp-image-94 size-full\" src=\"https:\/\/gary50.erasmus.site\/wp-content\/uploads\/2024\/07\/cwep.png\" alt=\"\" width=\"300\" height=\"300\" srcset=\"https:\/\/gary50.erasmus.site\/wp-content\/uploads\/2024\/07\/cwep.png 300w, https:\/\/gary50.erasmus.site\/wp-content\/uploads\/2024\/07\/cwep-150x150.png 150w, https:\/\/gary50.erasmus.site\/wp-content\/uploads\/2024\/07\/cwep-24x24.png 24w, https:\/\/gary50.erasmus.site\/wp-content\/uploads\/2024\/07\/cwep-36x36.png 36w, https:\/\/gary50.erasmus.site\/wp-content\/uploads\/2024\/07\/cwep-48x48.png 48w\" sizes=\"(max-width: 300px) 100vw, 300px\" \/><br \/>\nCentro per l&#8217;istruzione e il sostegno all&#8217;imprenditorialit\u00e0 &#8211; Polonia<\/h3>\n<p>Centro per l&#8217;istruzione e il sostegno all&#8217;imprenditorialit\u00e0 (CWEP) \u00e8 un&#8217;organizzazione non governativa fondata nel 2004 da un gruppo di imprenditori, insegnanti e attivisti sociali di Rzesz\u00f3w, in Polonia. Il CWEP collabora con imprese e istituzioni educative. La missione del CWEP \u00e8 aumentare la qualit\u00e0 della formazione scolastica a tutti i livelli e in tutte le sue forme, nonch\u00e9 promuovere l&#8217;imprenditorialit\u00e0 per favorire l&#8217;integrazione di qualsiasi gruppo sociale, indipendentemente dal sesso, dall&#8217;et\u00e0 o dall&#8217;origine etnica. In particolare, gli obiettivi sono migliorare l&#8217;accessibilit\u00e0, la qualit\u00e0 e l&#8217;efficienza dell&#8217;istruzione di tutte le persone, promuovere e contribuire all&#8217;educazione degli adulti, all&#8217;apprendimento permanente, all&#8217;e-learning e all&#8217;uso delle nuove tecnologie nell&#8217;istruzione e nell&#8217;imprenditorialit\u00e0. L&#8217;Associazione collabora con numerosi partner europei per rafforzare la posizione economica delle imprese e fornisce piattaforme on-line per le aziende.<\/p>\n<p>Sito web:<\/p>\n<p><a href=\"https:\/\/cwep.eu\/\">https:\/\/cwep.eu\/<\/a><\/p>\n<p>Social media:<\/p>\n<p>Facebook:<\/p>\n<p><a href=\"https:\/\/www.facebook.com\/CWEP.EU\">https:\/\/www.facebook.com\/CWEP.EU<\/a><\/p>\n<p>LinkedIn:<\/p>\n<p><a href=\"https:\/\/www.linkedin.com\/company\/\">https:\/\/www.linkedin.com\/company\/<\/a><\/p>\n<hr \/>\n<h3 style=\"text-align: center;\"><img decoding=\"async\" class=\"alignnone wp-image-95 size-full\" src=\"https:\/\/gary50.erasmus.site\/wp-content\/uploads\/2024\/07\/ed.png\" alt=\"\" width=\"300\" height=\"300\" srcset=\"https:\/\/gary50.erasmus.site\/wp-content\/uploads\/2024\/07\/ed.png 300w, https:\/\/gary50.erasmus.site\/wp-content\/uploads\/2024\/07\/ed-150x150.png 150w, https:\/\/gary50.erasmus.site\/wp-content\/uploads\/2024\/07\/ed-24x24.png 24w, https:\/\/gary50.erasmus.site\/wp-content\/uploads\/2024\/07\/ed-36x36.png 36w, https:\/\/gary50.erasmus.site\/wp-content\/uploads\/2024\/07\/ed-48x48.png 48w\" sizes=\"(max-width: 300px) 100vw, 300px\" \/><br \/>\n<strong>E&amp;D Knowledge Consulting Lda. \u2013 Portogallo<\/strong><\/h3>\n<p>E&amp;D Knowledge Consulting \u00e8 una societ\u00e0 di consulenza e formazione professionale specializzata nel supporto allo sviluppo delle competenze necessarie per promuovere l&#8217;innovazione nel settore aziendale, pubblico e sociale. Le attivit\u00e0 principali di E&amp;D si concentrano sul fornire a manager e imprenditori le competenze, le conoscenze e gli strumenti necessari per implementare ed eseguire con successo le strategie di innovazione nelle loro organizzazioni, ma anche per promuovere l&#8217;innovazione nel loro ambiente.<\/p>\n<p>Le aree chiave di E&amp;D sono: il supporto all&#8217;introduzione di operazioni di innovazione nelle organizzazioni &#8211; dall&#8217;audit dell&#8217;innovazione al supporto alla definizione e all&#8217;implementazione di strategie di innovazione, allo sviluppo di processi e meccanismi di innovazione adattati alle esigenze individuali delle organizzazioni, assicurando l&#8217;accesso alle abilit\u00e0 e alle competenze richieste per un&#8217;innovazione di successo, sia tra i leader e i manager, sia tra i dipendenti.<\/p>\n<p>Sito web: <a href=\"https:\/\/ed-knowledgeconsulting.com\/\">https:\/\/ed-knowledgeconsulting.com\/<\/a><\/p>\n<p>Social media:<\/p>\n<p>Facebook:<\/p>\n<p><a href=\"https:\/\/www.facebook.com\/EDKnowledgeConsulting\">https:\/\/www.facebook.com\/EDKnowledgeConsulting<\/a><\/p>\n<p>LinkedIn:<\/p>\n<p><a href=\"https:\/\/www.linkedin.com\/company\/e&amp;d-knowledge-consulting\">https:\/\/www.linkedin.com\/company\/e&amp;d-knowledge-consulting<\/a><\/p>\n<hr \/>\n<h3 style=\"text-align: center;\"><img loading=\"lazy\" decoding=\"async\" class=\"alignnone wp-image-98 size-full\" src=\"https:\/\/gary50.erasmus.site\/wp-content\/uploads\/2024\/07\/estihub.png\" alt=\"\" width=\"300\" height=\"300\" srcset=\"https:\/\/gary50.erasmus.site\/wp-content\/uploads\/2024\/07\/estihub.png 300w, https:\/\/gary50.erasmus.site\/wp-content\/uploads\/2024\/07\/estihub-150x150.png 150w, https:\/\/gary50.erasmus.site\/wp-content\/uploads\/2024\/07\/estihub-24x24.png 24w, https:\/\/gary50.erasmus.site\/wp-content\/uploads\/2024\/07\/estihub-36x36.png 36w, https:\/\/gary50.erasmus.site\/wp-content\/uploads\/2024\/07\/estihub-48x48.png 48w\" sizes=\"(max-width: 300px) 100vw, 300px\" \/><br \/>\n<strong>Eesti EduHub \u00a0&#8211; Estonia<\/strong><\/h3>\n<p>Eesti EduHub &#8211; Estonia<br \/>\nEesti EduHub \u00e8 un&#8217;organizzazione estone per l&#8217;istruzione e la formazione, che fornisce conoscenze, abilit\u00e0 e competenze attraverso soluzioni innovative di apprendimento e sviluppo, che coprono molteplici aree e settori, su misura per soddisfare le esigenze di adulti, giovani e comunit\u00e0 imprenditoriale. Eesti favorisce lo sviluppo locale promuovendo l&#8217;imprenditorialit\u00e0, lo sviluppo di competenze trasversali, l&#8217;innovazione, lo sviluppo sostenibile del business, la responsabilit\u00e0 sociale, il networking, le competenze digitali e verdi e le competenze specifiche per il lavoro. L&#8217;obiettivo principale dell&#8217;organizzazione \u00e8 promuovere il continuo sviluppo professionale e personale dei cittadini europei, attraverso attivit\u00e0 culturali, educative, economiche e sociali.<br \/>\nSito web: <a href=\"https:\/\/www.eestieduhub.com\/\">https:\/\/www.eestieduhub.com\/<\/a><br \/>\nMedia sociali:<br \/>\nFacebook:<br \/>\n<a href=\"https:\/\/www.facebook.com\/people\/Eesti-Edu-Hub\/61554387220123\/\">https:\/\/www.facebook.com\/people\/Eesti-Edu-Hub\/61554387220123\/<\/a><br \/>\nLinkedIn:<br \/>\n<a href=\"https:\/\/www.linkedin.com\/company\/eesti-edu-hub\">https:\/\/www.linkedin.com\/company\/eesti-edu-hub<\/a><\/p>\n<hr \/>\n<h3 style=\"text-align: center;\"><img loading=\"lazy\" decoding=\"async\" class=\"alignnone wp-image-96 size-full\" src=\"https:\/\/gary50.erasmus.site\/wp-content\/uploads\/2024\/07\/labc.png\" alt=\"\" width=\"300\" height=\"300\" srcset=\"https:\/\/gary50.erasmus.site\/wp-content\/uploads\/2024\/07\/labc.png 300w, https:\/\/gary50.erasmus.site\/wp-content\/uploads\/2024\/07\/labc-150x150.png 150w, https:\/\/gary50.erasmus.site\/wp-content\/uploads\/2024\/07\/labc-24x24.png 24w, https:\/\/gary50.erasmus.site\/wp-content\/uploads\/2024\/07\/labc-36x36.png 36w, https:\/\/gary50.erasmus.site\/wp-content\/uploads\/2024\/07\/labc-48x48.png 48w\" sizes=\"(max-width: 300px) 100vw, 300px\" \/><br \/>\n<strong>LABC S.R.L. \u2013 Italia<\/strong><\/h3>\n<p>LABC ha sede a Torino e si propone di condividere e valorizzare l&#8217;esperienza di professionisti nel campo del benessere individuale e comunitario, del lavoro di gruppo, dell&#8217;educazione e della formazione, del reinserimento lavorativo e della gestione di progetti.<\/p>\n<p>LABC \u00e8 una comunit\u00e0 di apprendimento paneuropea, che adotta e condivide i principi di:<\/p>\n<p>&#8211; apprendimento collaborativo, per scambiare, migliorare e condividere esperienze, risorse e competenze, al fine di ottimizzare le collaborazioni internazionali e intermodali, sviluppare e trasferire metodologie e prassi<\/p>\n<p>&#8211; generativit\u00e0, per stabilire, sostenere e guidare la capacit\u00e0 di creare, generare e produrre nuovi strumenti, modelli e prassi psicologiche, sociali ed educative, con l&#8217;obiettivo di diffonderli liberamente in tutta la comunit\u00e0.<\/p>\n<p>Il LABC \u00e8 attivo ed esperto nel campo del benessere individuale e comunitario attraverso una vasta gamma di attivit\u00e0, tra cui sessioni di lavoro di gruppo, supervisioni, formazione, consulenza, ecc. e nell&#8217;ambito dell&#8217;educazione e della ricerca, attraverso la progettazione di metodologie di apprendimento e l&#8217;implementazione di materiali e strumenti formativi dedicati a migliorare la consapevolezza dei partecipanti.<\/p>\n<p>Sito web: <a href=\"https:\/\/labcentro.it\/\">https:\/\/labcentro.it\/<\/a><\/p>\n<p>Social media:<\/p>\n<p>Facebook:<\/p>\n<p><a href=\"https:\/\/www.facebook.com\/LABCsrl\/\">https:\/\/www.facebook.com\/LABCsrl\/<\/a><\/p>\n<p>LinkedIn: <a href=\"https:\/\/www.linkedin.com\/company\/labc-srl\/\">https:\/\/www.linkedin.com\/company\/labc-srl\/<\/a><\/p>","protected":false},"excerpt":{"rendered":"<p>Assist GmbH &#8211; Germania &#8211; Coordinatore del progetto Assist GmbH \u00e8 una societ\u00e0 a responsabilit\u00e0 limitata di medie dimensioni con sede a Paderborn, nella Germania centrale, che opera in tutto il mondo e fornisce consulenza aziendale e sviluppo delle risorse umane. Offriamo formazione interculturale, formazione sulla leadership, formazione sulla comunicazione, formazione per consulenti, nonch\u00e9 coaching,&hellip;&nbsp;<a href=\"https:\/\/gary50.erasmus.site\/it\/partnership\/\" rel=\"bookmark\">Leggi tutto &raquo;<span class=\"screen-reader-text\">Partnership<\/span><\/a><\/p>\n","protected":false},"author":1,"featured_media":0,"parent":0,"menu_order":0,"comment_status":"closed","ping_status":"closed","template":"","meta":{"neve_meta_sidebar":"","neve_meta_container":"","neve_meta_enable_content_width":"off","neve_meta_content_width":100,"neve_meta_title_alignment":"","neve_meta_author_avatar":"","neve_post_elements_order":"","neve_meta_disable_header":"","neve_meta_disable_footer":"","neve_meta_disable_title":"","footnotes":""},"class_list":["post-89","page","type-page","status-publish","hentry"],"_links":{"self":[{"href":"https:\/\/gary50.erasmus.site\/it\/wp-json\/wp\/v2\/pages\/89","targetHints":{"allow":["GET"]}}],"collection":[{"href":"https:\/\/gary50.erasmus.site\/it\/wp-json\/wp\/v2\/pages"}],"about":[{"href":"https:\/\/gary50.erasmus.site\/it\/wp-json\/wp\/v2\/types\/page"}],"author":[{"embeddable":true,"href":"https:\/\/gary50.erasmus.site\/it\/wp-json\/wp\/v2\/users\/1"}],"replies":[{"embeddable":true,"href":"https:\/\/gary50.erasmus.site\/it\/wp-json\/wp\/v2\/comments?post=89"}],"version-history":[{"count":10,"href":"https:\/\/gary50.erasmus.site\/it\/wp-json\/wp\/v2\/pages\/89\/revisions"}],"predecessor-version":[{"id":330,"href":"https:\/\/gary50.erasmus.site\/it\/wp-json\/wp\/v2\/pages\/89\/revisions\/330"}],"wp:attachment":[{"href":"https:\/\/gary50.erasmus.site\/it\/wp-json\/wp\/v2\/media?parent=89"}],"curies":[{"name":"wp","href":"https:\/\/api.w.org\/{rel}","templated":true}]}}