{"id":103,"date":"2024-07-24T10:05:45","date_gmt":"2024-07-24T10:05:45","guid":{"rendered":"https:\/\/gary50.erasmus.site\/?page_id=103"},"modified":"2026-01-22T15:50:03","modified_gmt":"2026-01-22T15:50:03","slug":"development-of-industry-5-0-benchmarking-tool-for-vet","status":"publish","type":"page","link":"https:\/\/gary50.erasmus.site\/pl\/development-of-industry-5-0-benchmarking-tool-for-vet\/","title":{"rendered":"Opracowanie narz\u0119dzia benchmarkingowego Przemys\u0142u 5.0 dla VET"},"content":{"rendered":"<p>Narz\u0119dzie ma na celu pobudzenie \u015bwiadomo\u015bci potrzeby wdro\u017cenia Przemys\u0142u 5.0 i pomoc w dostosowaniu kszta\u0142cenia do wymaga\u0144 Przemys\u0142u 5.0 w Kszta\u0142ceniu i Szkoleniu Zawodowym (VET). Rezultat opiera si\u0119 na kompleksowej analizie zbie\u017cno\u015bci i rozbie\u017cno\u015bci mi\u0119dzy potrzebami rynku pracy a ofert\u0105 edukacyjn\u0105. Uwzgl\u0119dnia ugruntowane standardy europejskie, takie jak Europejski System Transferu Osi\u0105gni\u0119\u0107 w Kszta\u0142ceniu i Szkoleniu Zawodowym (ECVET), Europejskie Ramy Kwalifikacji (EQF) i Krajowe Ramy Kwalifikacji (NQF). Pozwala to na sp\u00f3jne i obiektywne por\u00f3wnywanie r\u00f3\u017cnych poziom\u00f3w kszta\u0142cenia.<\/p>\n<p>Samo narz\u0119dzie opracuje wytyczne dotycz\u0105ce benchmarkingu. Pozwol\u0105 one na ustandaryzowanie procesu benchmarkingu i ocen\u0119 efektywno\u015bci zgodno\u015bci program\u00f3w edukacyjnych z wymogami Przemys\u0142u 5.0. Narz\u0119dzie zostanie poddane zewn\u0119trznemu pilota\u017cowi w kilku krajach partnerskich projektu: Niemczech, Polsce, Estonii, W\u0142oszech i Portugalii. Celem tego procesu jest podkre\u015blenie, \u017ce instytucje VET dostosuj\u0105 swoje programy do rzeczywistych potrzeb rynku pracy, gwarantuj\u0105c, przy tym, uzyskanie przez uczni\u00f3w umiej\u0119tno\u015bci i kompetencji niezb\u0119dnych do rozwoju w Przemy\u015ble 5.0.<\/p>\n<div style=\"text-align: center; margin-bottom: 60px;\"><a class=\"button\" href=\"https:\/\/gary50.erasmus.site\/platform\/benchmark\" target=\"_blank\" rel=\"noopener\">Otw\u00f3rz<\/a><\/div>\n<p><\/p>","protected":false},"excerpt":{"rendered":"<p>Narz\u0119dzie ma na celu pobudzenie \u015bwiadomo\u015bci potrzeby wdro\u017cenia Przemys\u0142u 5.0 i pomoc w dostosowaniu kszta\u0142cenia do wymaga\u0144 Przemys\u0142u 5.0 w Kszta\u0142ceniu i Szkoleniu Zawodowym (VET). Rezultat opiera si\u0119 na kompleksowej analizie zbie\u017cno\u015bci i rozbie\u017cno\u015bci mi\u0119dzy potrzebami rynku pracy a ofert\u0105 edukacyjn\u0105. Uwzgl\u0119dnia ugruntowane standardy europejskie, takie jak Europejski System Transferu Osi\u0105gni\u0119\u0107 w Kszta\u0142ceniu i Szkoleniu&hellip;&nbsp;<a href=\"https:\/\/gary50.erasmus.site\/pl\/development-of-industry-5-0-benchmarking-tool-for-vet\/\" rel=\"bookmark\">Dowiedz si\u0119 wi\u0119cej &raquo;<span class=\"screen-reader-text\">Opracowanie narz\u0119dzia benchmarkingowego Przemys\u0142u 5.0 dla VET<\/span><\/a><\/p>\n","protected":false},"author":1,"featured_media":0,"parent":0,"menu_order":0,"comment_status":"closed","ping_status":"closed","template":"","meta":{"neve_meta_sidebar":"","neve_meta_container":"","neve_meta_enable_content_width":"off","neve_meta_content_width":100,"neve_meta_title_alignment":"","neve_meta_author_avatar":"","neve_post_elements_order":"","neve_meta_disable_header":"","neve_meta_disable_footer":"","neve_meta_disable_title":"","footnotes":""},"class_list":["post-103","page","type-page","status-publish","hentry"],"_links":{"self":[{"href":"https:\/\/gary50.erasmus.site\/pl\/wp-json\/wp\/v2\/pages\/103","targetHints":{"allow":["GET"]}}],"collection":[{"href":"https:\/\/gary50.erasmus.site\/pl\/wp-json\/wp\/v2\/pages"}],"about":[{"href":"https:\/\/gary50.erasmus.site\/pl\/wp-json\/wp\/v2\/types\/page"}],"author":[{"embeddable":true,"href":"https:\/\/gary50.erasmus.site\/pl\/wp-json\/wp\/v2\/users\/1"}],"replies":[{"embeddable":true,"href":"https:\/\/gary50.erasmus.site\/pl\/wp-json\/wp\/v2\/comments?post=103"}],"version-history":[{"count":9,"href":"https:\/\/gary50.erasmus.site\/pl\/wp-json\/wp\/v2\/pages\/103\/revisions"}],"predecessor-version":[{"id":327,"href":"https:\/\/gary50.erasmus.site\/pl\/wp-json\/wp\/v2\/pages\/103\/revisions\/327"}],"wp:attachment":[{"href":"https:\/\/gary50.erasmus.site\/pl\/wp-json\/wp\/v2\/media?parent=103"}],"curies":[{"name":"wp","href":"https:\/\/api.w.org\/{rel}","templated":true}]}}