{"id":43,"date":"2024-07-24T08:38:44","date_gmt":"2024-07-24T08:38:44","guid":{"rendered":"https:\/\/gary50.erasmus.site\/?page_id=43"},"modified":"2025-11-13T16:05:22","modified_gmt":"2025-11-13T16:05:22","slug":"home","status":"publish","type":"page","link":"https:\/\/gary50.erasmus.site\/pl\/","title":{"rendered":"Strona g\u0142\u00f3wna"},"content":{"rendered":"\t\t<div data-elementor-type=\"wp-page\" data-elementor-id=\"43\" class=\"elementor elementor-43\">\n\t\t\t\t\t\t<section class=\"elementor-section elementor-top-section elementor-element elementor-element-d7ee4dc elementor-section-boxed elementor-section-height-default elementor-section-height-default\" data-id=\"d7ee4dc\" data-element_type=\"section\" data-e-type=\"section\" data-settings=\"{&quot;background_background&quot;:&quot;classic&quot;}\">\n\t\t\t\t\t\t\t<div class=\"elementor-background-overlay\"><\/div>\n\t\t\t\t\t\t\t<div class=\"elementor-container elementor-column-gap-default\">\n\t\t\t\t\t<div class=\"elementor-column elementor-col-100 elementor-top-column elementor-element elementor-element-46cad61 elementor-invisible\" data-id=\"46cad61\" data-element_type=\"column\" data-e-type=\"column\" data-settings=\"{&quot;background_background&quot;:&quot;classic&quot;,&quot;animation&quot;:&quot;fadeIn&quot;}\">\n\t\t\t<div class=\"elementor-widget-wrap elementor-element-populated\">\n\t\t\t\t\t\t<div class=\"elementor-element elementor-element-5cf29a2 elementor-widget elementor-widget-image\" data-id=\"5cf29a2\" data-element_type=\"widget\" data-e-type=\"widget\" data-widget_type=\"image.default\">\n\t\t\t\t<div class=\"elementor-widget-container\">\n\t\t\t\t\t\t\t\t\t\t\t\t\t\t\t<img fetchpriority=\"high\" decoding=\"async\" width=\"300\" height=\"300\" src=\"https:\/\/gary50.erasmus.site\/wp-content\/uploads\/2024\/07\/Gary_5.0_logo-removebg-preview-300x300.png\" class=\"attachment-medium size-medium wp-image-56\" alt=\"\" srcset=\"https:\/\/gary50.erasmus.site\/wp-content\/uploads\/2024\/07\/Gary_5.0_logo-removebg-preview-300x300.png 300w, https:\/\/gary50.erasmus.site\/wp-content\/uploads\/2024\/07\/Gary_5.0_logo-removebg-preview-150x150.png 150w, https:\/\/gary50.erasmus.site\/wp-content\/uploads\/2024\/07\/Gary_5.0_logo-removebg-preview.png 500w\" sizes=\"(max-width: 300px) 100vw, 300px\" \/>\t\t\t\t\t\t\t\t\t\t\t\t\t\t\t<\/div>\n\t\t\t\t<\/div>\n\t\t\t\t<div class=\"elementor-element elementor-element-4723d76 elementor-widget elementor-widget-heading\" data-id=\"4723d76\" data-element_type=\"widget\" data-e-type=\"widget\" data-widget_type=\"heading.default\">\n\t\t\t\t<div class=\"elementor-widget-container\">\n\t\t\t\t\t<h2 class=\"elementor-heading-title elementor-size-xl\">GARY 5.0 Greater Aggregation of knowledge and Reinforcements of awareness in the field Industry 5.0 in vocational education<\/h2>\t\t\t\t<\/div>\n\t\t\t\t<\/div>\n\t\t\t\t<div class=\"elementor-element elementor-element-5bdba00 elementor-widget elementor-widget-text-editor\" data-id=\"5bdba00\" data-element_type=\"widget\" data-e-type=\"widget\" data-widget_type=\"text-editor.default\">\n\t\t\t\t<div class=\"elementor-widget-container\">\n\t\t\t\t\t\t\t\t\t<p>Sektor: Kszta\u0142cenie i Szkolenie Zawodowe<br \/>Numer projektu: 2023-1-DE02-KA220-VET-000158236<br \/>Czas realizacji: 01.12.2023 &#8211; 30.11.2025<\/p>\t\t\t\t\t\t\t\t<\/div>\n\t\t\t\t<\/div>\n\t\t\t\t\t<\/div>\n\t\t<\/div>\n\t\t\t\t\t<\/div>\n\t\t<\/section>\n\t\t<div class=\"elementor-element elementor-element-7ae3c74 e-flex e-con-boxed e-con e-parent\" data-id=\"7ae3c74\" data-element_type=\"container\" data-e-type=\"container\">\n\t\t\t\t\t<div class=\"e-con-inner\">\n\t\t<div class=\"elementor-element elementor-element-4c79668 e-con-full e-flex e-con e-child\" data-id=\"4c79668\" data-element_type=\"container\" data-e-type=\"container\">\n\t\t\t\t<div class=\"elementor-element elementor-element-d06687c elementor-widget elementor-widget-menu-anchor\" data-id=\"d06687c\" data-element_type=\"widget\" data-e-type=\"widget\" data-widget_type=\"menu-anchor.default\">\n\t\t\t\t<div class=\"elementor-widget-container\">\n\t\t\t\t\t\t\t<div class=\"elementor-menu-anchor\" id=\"about\"><\/div>\n\t\t\t\t\t\t<\/div>\n\t\t\t\t<\/div>\n\t\t\t\t<div class=\"elementor-element elementor-element-ed3e4a1 elementor-widget elementor-widget-heading\" data-id=\"ed3e4a1\" data-element_type=\"widget\" data-e-type=\"widget\" data-widget_type=\"heading.default\">\n\t\t\t\t<div class=\"elementor-widget-container\">\n\t\t\t\t\t<h2 class=\"elementor-heading-title elementor-size-xl\">Opis projektu<\/h2>\t\t\t\t<\/div>\n\t\t\t\t<\/div>\n\t\t\t\t<div class=\"elementor-element elementor-element-86518db elementor-widget elementor-widget-text-editor\" data-id=\"86518db\" data-element_type=\"widget\" data-e-type=\"widget\" data-widget_type=\"text-editor.default\">\n\t\t\t\t<div class=\"elementor-widget-container\">\n\t\t\t\t\t\t\t\t\t<p>GARY 5.0 to innowacyjny projekt, maj\u0105cy na celu rozwijanie umiej\u0119tno\u015bci w zakresie przedsi\u0119biorczo\u015bci i innowacji. Poprzez r\u00f3\u017cnorodne dzia\u0142ania edukacyjne, mentoring i praktyczne projekty grupowe, chcemy wyposa\u017cy\u0107 uczestnik\u00f3w w niezb\u0119dn\u0105 wiedz\u0119 i narz\u0119dzia do tworzenia i wdra\u017cania swoich pomys\u0142\u00f3w biznesowych.<\/p><p>Dzia\u0142ania prowadzone w ramach projektu obejmuj\u0105 r\u00f3\u017cne formy nauki, od interaktywnych warsztat\u00f3w i szkole\u0144, przez sesje mentorskie prowadzone przez do\u015bwiadczonych przedsi\u0119biorc\u00f3w i spo\u0142ecze\u0144stwo, po konkursy na pomys\u0142y biznesowe, kt\u00f3re zach\u0119caj\u0105 do kreatywnego my\u015blenia i innowacji.<\/p><p>Projekt d\u0105\u017cy do stworzenia inspiruj\u0105cego \u015brodowiska, kt\u00f3re sprzyja rozwojowi praktycznych umiej\u0119tno\u015bci i pozwala ludziom zdoby\u0107 namacalne do\u015bwiadczenie w zakresie przedsi\u0119biorczo\u015bci i innowacji. Metodologia opiera si\u0119 na aktywnym uczeniu si\u0119, wsp\u00f3\u0142pracy i praktycznych wyzwaniach, kt\u00f3re uczestnicy podejmuj\u0105 w grupach.<\/p><p>Grupami docelowymi tego projektu s\u0105<\/p><ul><li>Liderzy centr\u00f3w VET &#8211; trenerzy VET, praktycy &#8211; uczniowie VET,<\/li><li>przedstawiciele dostawc\u00f3w VET, inkubator\u00f3w przedsi\u0119biorczo\u015bci, agencji rozwoju regionalnego,<\/li><li>przedstawiciele M\u015aP dzia\u0142aj\u0105cy w okre\u015blonych sektorach (przemys\u0142 lotniczy i motoryzacyjny, ekoturystyka, przemys\u0142 spo\u017cywczy i napoj\u00f3w, a tak\u017ce przemys\u0142 drzewny).<\/li><\/ul><p><\/p><p><\/p><p><\/li><\/ul>\t\t\t\t\t\t\t\t<\/div>\n\t\t\t\t<\/div>\n\t\t\t\t<\/div>\n\t\t<div class=\"elementor-element elementor-element-b8e3a64 e-con-full e-flex e-con e-child\" data-id=\"b8e3a64\" data-element_type=\"container\" data-e-type=\"container\">\n\t\t\t\t<div class=\"elementor-element elementor-element-4e16e6d elementor-widget elementor-widget-image\" data-id=\"4e16e6d\" data-element_type=\"widget\" data-e-type=\"widget\" data-widget_type=\"image.default\">\n\t\t\t\t<div class=\"elementor-widget-container\">\n\t\t\t\t\t\t\t\t\t\t\t\t\t\t\t<img decoding=\"async\" width=\"1024\" height=\"585\" src=\"https:\/\/gary50.erasmus.site\/wp-content\/uploads\/2024\/07\/Firefly-The-GARY-5.0-project-is-an-innovative-project-aimed-at-developing-entrepreneurial-and-innova-1024x585.jpg\" class=\"attachment-large size-large wp-image-68\" alt=\"\" srcset=\"https:\/\/gary50.erasmus.site\/wp-content\/uploads\/2024\/07\/Firefly-The-GARY-5.0-project-is-an-innovative-project-aimed-at-developing-entrepreneurial-and-innova-1024x585.jpg 1024w, https:\/\/gary50.erasmus.site\/wp-content\/uploads\/2024\/07\/Firefly-The-GARY-5.0-project-is-an-innovative-project-aimed-at-developing-entrepreneurial-and-innova-300x171.jpg 300w, https:\/\/gary50.erasmus.site\/wp-content\/uploads\/2024\/07\/Firefly-The-GARY-5.0-project-is-an-innovative-project-aimed-at-developing-entrepreneurial-and-innova-768x439.jpg 768w, https:\/\/gary50.erasmus.site\/wp-content\/uploads\/2024\/07\/Firefly-The-GARY-5.0-project-is-an-innovative-project-aimed-at-developing-entrepreneurial-and-innova-1536x878.jpg 1536w, https:\/\/gary50.erasmus.site\/wp-content\/uploads\/2024\/07\/Firefly-The-GARY-5.0-project-is-an-innovative-project-aimed-at-developing-entrepreneurial-and-innova-2048x1170.jpg 2048w\" sizes=\"(max-width: 1024px) 100vw, 1024px\" \/>\t\t\t\t\t\t\t\t\t\t\t\t\t\t\t<\/div>\n\t\t\t\t<\/div>\n\t\t\t\t<\/div>\n\t\t\t\t\t<\/div>\n\t\t\t\t<\/div>\n\t\t<div class=\"elementor-element elementor-element-2a4b7b5 e-flex e-con-boxed e-con e-parent\" data-id=\"2a4b7b5\" data-element_type=\"container\" data-e-type=\"container\">\n\t\t\t\t\t<div class=\"e-con-inner\">\n\t\t\t\t<div class=\"elementor-element elementor-element-869c522 elementor-widget elementor-widget-heading\" data-id=\"869c522\" data-element_type=\"widget\" data-e-type=\"widget\" data-widget_type=\"heading.default\">\n\t\t\t\t<div class=\"elementor-widget-container\">\n\t\t\t\t\t<h2 class=\"elementor-heading-title elementor-size-xl\">Thematic scope<\/h2>\t\t\t\t<\/div>\n\t\t\t\t<\/div>\n\t\t\t\t<div class=\"elementor-element elementor-element-7387b3b elementor-widget elementor-widget-text-editor\" data-id=\"7387b3b\" data-element_type=\"widget\" data-e-type=\"widget\" data-widget_type=\"text-editor.default\">\n\t\t\t\t<div class=\"elementor-widget-container\">\n\t\t\t\t\t\t\t\t\t<p>Rezultatem projektu jest pot\u0119\u017cna aplikacja edukacyjna maj\u0105ca na celu podniesienie \u015bwiadomo\u015bci potrzeby wdro\u017cenia Przemys\u0142u 5.0 w przemy\u015ble lotniczym, motoryzacyjnym, ekoturystycznym, spo\u017cywczym i drzewnym, oferuj\u0105ca zaawansowane narz\u0119dzia do osi\u0105gni\u0119cia tego celu. Aplikacja b\u0119dzie dost\u0119pna bez ogranicze\u0144 i b\u0119dzie zawiera\u0107 pi\u0119\u0107 modu\u0142\u00f3w po\u015bwi\u0119conych nast\u0119puj\u0105cym elementom:<\/p><div class=\"nv-content-wrap entry-content\"><p><strong>1) Kompetencje i zasoby niezb\u0119dne do transformacji do Przemys\u0142u 5.0 na poziomie lokalnym \u2013<\/strong> modu\u0142 koncentruje si\u0119 na identyfikacji i rozwoju umiej\u0119tno\u015bci i zasob\u00f3w potrzebnych do przej\u015bcia do Przemys\u0142u 5.0 lokalnie. Obejmuje on analiz\u0119 potrzeb lokalnych instytucji VET oraz zapewnienie materia\u0142\u00f3w szkoleniowych i narz\u0119dzi wsparcia w celu przygotowania si\u0119 do nowych technologii i metodologii Przemys\u0142u 5.0. Celem jest dostosowanie globalnych koncepcji do konkretnych warunk\u00f3w i potrzeb spo\u0142eczno\u015bci lokalnych.<\/p><p><strong>2) Regeneracyjne podej\u015bcie do gospodarki o obiegu zamkni\u0119tym jako ramy wdra\u017cania Przemys\u0142u 5.0 \u2013<\/strong> promowanie regeneracyjnego podej\u015bcia do gospodarki o obiegu zamkni\u0119tym jako podstawy wdra\u017cania Przemys\u0142u 5.0. Rezultat obejmuje tworzenie i udost\u0119pnianie materia\u0142\u00f3w edukacyjnych i narz\u0119dzi wspieraj\u0105cych zr\u00f3wnowa\u017cone praktyki i efektywne gospodarowanie zasobami.<\/p><p><strong>3) Interakcje mi\u0119dzy cz\u0142owiekiem a maszyn\u0105 jako podstawa ekonomii na ka\u017cdym poziomie \u2013<\/strong> modu\u0142 zawiera narz\u0119dzia do analizy por\u00f3wnawczej Przemys\u0142u 5.0 z dostawcami i studentami VET z Niemiec, Polski, Estonii, W\u0142och i Portugalii. Ponadto koncentruje si\u0119 na optymalizacji interakcji cz\u0142owiek-maszyna, kt\u00f3ra jest podstaw\u0105 dzisiejszej gospodarki. Programy szkoleniowe obejmuj\u0105 zaawansowane technologie i oprogramowanie, kt\u00f3re wspieraj\u0105 lepsz\u0105 wsp\u00f3\u0142prac\u0119 mi\u0119dzy lud\u017ami i maszynami, zwi\u0119kszaj\u0105c wydajno\u015b\u0107 i bezpiecze\u0144stwo w miejscu pracy. Uczestnicy ucz\u0105 si\u0119 r\u00f3wnie\u017c korzysta\u0107 z tych technologii w praktycznych scenariuszach, lepiej przygotowuj\u0105c si\u0119 do rzeczywistych wyzwa\u0144 zawodowych.<\/p><p><strong>4) Modele symulacyjne i cyfrowe bli\u017aniaki jako podstawa planowania produkcji \u2013 <\/strong>Modu\u0142 obejmuje rozw\u00f3j umiej\u0119tno\u015bci tworzenia modeli symulacyjnych i cyfrowych bli\u017aniak\u00f3w. Szkolenie koncentruje si\u0119 na projektowaniu i analizowaniu symulacji oraz wykorzystywaniu cyfrowych bli\u017aniak\u00f3w do optymalizacji proces\u00f3w produkcyjnych. Uczestnicy zyskuj\u0105 praktyczn\u0105 umiej\u0119tno\u015b\u0107 skutecznego planowania i zarz\u0105dzania produkcj\u0105 w \u015brodowisku Przemys\u0142u 5.0. Rozw\u00f3j dotyczy obszar\u00f3w przemys\u0142u lotniczego i motoryzacyjnego, ekoturystyki, \u017cywno\u015bci i napoj\u00f3w oraz produkt\u00f3w drzewnych.<\/p><p><strong>5) Wirtualna rzeczywisto\u015b\u0107 jako oparte na do\u015bwiadczeniu narz\u0119dzie rozwoju \u2013<\/strong> modu\u0142 wykorzystuje wirtualn\u0105 rzeczywisto\u015b\u0107 jako narz\u0119dzie edukacji i rozwoju zawodowego. Uczestnicy szkolenia mog\u0105 zdoby\u0107 praktyczne umiej\u0119tno\u015bci poprzez wci\u0105gaj\u0105ce do\u015bwiadczenia wirtualnej rzeczywisto\u015bci, kt\u00f3re przygotowuj\u0105 ich do pracy w zaawansowanych technologicznie \u015brodowiskach przemys\u0142owych. Szkolenie VR zosta\u0142o zaprojektowane tak, aby symulowa\u0107 rzeczywiste scenariusze pracy, umo\u017cliwiaj\u0105c rozwijanie umiej\u0119tno\u015bci w bezpiecznym i kontrolowanym \u015brodowisku.<\/p><\/div>\t\t\t\t\t\t\t\t<\/div>\n\t\t\t\t<\/div>\n\t\t\t\t\t<\/div>\n\t\t\t\t<\/div>\n\t\t<div class=\"elementor-element elementor-element-eef2152 e-flex e-con-boxed e-con e-parent\" data-id=\"eef2152\" data-element_type=\"container\" data-e-type=\"container\">\n\t\t\t\t\t<div class=\"e-con-inner\">\n\t\t\t\t<div class=\"elementor-element elementor-element-60b313d elementor-align-center elementor-widget elementor-widget-button\" data-id=\"60b313d\" data-element_type=\"widget\" data-e-type=\"widget\" data-widget_type=\"button.default\">\n\t\t\t\t<div class=\"elementor-widget-container\">\n\t\t\t\t\t\t\t\t\t<div class=\"elementor-button-wrapper\">\n\t\t\t\t\t<a class=\"elementor-button elementor-button-link elementor-size-sm\" href=\"https:\/\/gary50.erasmus.site\/platform\/\" target=\"_blank\">\n\t\t\t\t\t\t<span class=\"elementor-button-content-wrapper\">\n\t\t\t\t\t\t\t\t\t<span class=\"elementor-button-text\">Open Gary 5.0 Platform<\/span>\n\t\t\t\t\t<\/span>\n\t\t\t\t\t<\/a>\n\t\t\t\t<\/div>\n\t\t\t\t\t\t\t\t<\/div>\n\t\t\t\t<\/div>\n\t\t\t\t\t<\/div>\n\t\t\t\t<\/div>\n\t\t\t\t<\/div>\n\t\t","protected":false},"excerpt":{"rendered":"<p>GARY 5.0 Greater Aggregation of knowledge and Reinforcements of awareness in the field Industry 5.0 in vocational education Sektor: Kszta\u0142cenie i Szkolenie ZawodoweNumer projektu: 2023-1-DE02-KA220-VET-000158236Czas realizacji: 01.12.2023 &#8211; 30.11.2025 Opis projektu GARY 5.0 to innowacyjny projekt, maj\u0105cy na celu rozwijanie umiej\u0119tno\u015bci w zakresie przedsi\u0119biorczo\u015bci i innowacji. Poprzez r\u00f3\u017cnorodne dzia\u0142ania edukacyjne, mentoring i praktyczne projekty grupowe,&hellip;&nbsp;<a href=\"https:\/\/gary50.erasmus.site\/pl\/\" rel=\"bookmark\">Dowiedz si\u0119 wi\u0119cej &raquo;<span class=\"screen-reader-text\">Strona g\u0142\u00f3wna<\/span><\/a><\/p>\n","protected":false},"author":1,"featured_media":0,"parent":0,"menu_order":0,"comment_status":"closed","ping_status":"closed","template":"page-templates\/template-pagebuilder-full-width.php","meta":{"neve_meta_sidebar":"","neve_meta_container":"","neve_meta_enable_content_width":"off","neve_meta_content_width":100,"neve_meta_title_alignment":"","neve_meta_author_avatar":"","neve_post_elements_order":"","neve_meta_disable_header":"","neve_meta_disable_footer":"","neve_meta_disable_title":"","footnotes":""},"class_list":["post-43","page","type-page","status-publish","hentry"],"_links":{"self":[{"href":"https:\/\/gary50.erasmus.site\/pl\/wp-json\/wp\/v2\/pages\/43","targetHints":{"allow":["GET"]}}],"collection":[{"href":"https:\/\/gary50.erasmus.site\/pl\/wp-json\/wp\/v2\/pages"}],"about":[{"href":"https:\/\/gary50.erasmus.site\/pl\/wp-json\/wp\/v2\/types\/page"}],"author":[{"embeddable":true,"href":"https:\/\/gary50.erasmus.site\/pl\/wp-json\/wp\/v2\/users\/1"}],"replies":[{"embeddable":true,"href":"https:\/\/gary50.erasmus.site\/pl\/wp-json\/wp\/v2\/comments?post=43"}],"version-history":[{"count":90,"href":"https:\/\/gary50.erasmus.site\/pl\/wp-json\/wp\/v2\/pages\/43\/revisions"}],"predecessor-version":[{"id":286,"href":"https:\/\/gary50.erasmus.site\/pl\/wp-json\/wp\/v2\/pages\/43\/revisions\/286"}],"wp:attachment":[{"href":"https:\/\/gary50.erasmus.site\/pl\/wp-json\/wp\/v2\/media?parent=43"}],"curies":[{"name":"wp","href":"https:\/\/api.w.org\/{rel}","templated":true}]}}