{"id":89,"date":"2024-07-24T09:50:12","date_gmt":"2024-07-24T09:50:12","guid":{"rendered":"https:\/\/gary50.erasmus.site\/?page_id=89"},"modified":"2026-03-20T15:25:16","modified_gmt":"2026-03-20T15:25:16","slug":"partnership","status":"publish","type":"page","link":"https:\/\/gary50.erasmus.site\/pl\/partnership\/","title":{"rendered":"Partnerstwo"},"content":{"rendered":"<p><\/p>\n<h3 style=\"text-align: center;\"><img fetchpriority=\"high\" decoding=\"async\" class=\"alignnone size-full wp-image-91\" src=\"https:\/\/gary50.erasmus.site\/wp-content\/uploads\/2024\/07\/assist.png\" alt=\"\" width=\"300\" height=\"300\" srcset=\"https:\/\/gary50.erasmus.site\/wp-content\/uploads\/2024\/07\/assist.png 300w, https:\/\/gary50.erasmus.site\/wp-content\/uploads\/2024\/07\/assist-150x150.png 150w, https:\/\/gary50.erasmus.site\/wp-content\/uploads\/2024\/07\/assist-24x24.png 24w, https:\/\/gary50.erasmus.site\/wp-content\/uploads\/2024\/07\/assist-36x36.png 36w, https:\/\/gary50.erasmus.site\/wp-content\/uploads\/2024\/07\/assist-48x48.png 48w\" sizes=\"(max-width: 300px) 100vw, 300px\" \/><br \/>\n<strong>Assist GmbH &#8211; Niemcy<\/strong> &#8211; Koordynator projektu<\/h3>\n<p>Assist GmbH jest \u015bredniej wielko\u015bci prywatn\u0105 sp\u00f3\u0142k\u0105 z ograniczon\u0105 odpowiedzialno\u015bci\u0105 z siedzib\u0105 w Paderborn w \u015brodkowych Niemczech. Dzia\u0142a na ca\u0142ym \u015bwiecie, zapewniaj\u0105c doradztwo biznesowe i rozw\u00f3j zasob\u00f3w ludzkich. Oferuje szkolenia mi\u0119dzykulturowe, szkolenia z przyw\u00f3dztwa, szkolenia z komunikacji, szkolenia dla konsultant\u00f3w, a tak\u017ce coaching, doradztwo i mi\u0119dzynarodowe warsztaty z innowacyjnymi instrumentami blended learning, aby wspiera\u0107 zr\u00f3wnowa\u017cony rozw\u00f3j mi\u0119dzynarodowych zespo\u0142\u00f3w, lider\u00f3w i globalnych organizacji. Assist stale rozwija i projektuje nowe formaty e-szkole\u0144 i materia\u0142y e-szkoleniowe do szkole\u0144 na \u017cywo online i offline. Dzi\u0119ki unikalnemu Blended Online Live Training (BOLT) assist GmbH uzupe\u0142nia szkolenia bezpo\u015brednie o innowacyjne formaty uczenia si\u0119, aby zoptymalizowa\u0107 efektywno\u015b\u0107 uczenia si\u0119 i trwa\u0142o\u015b\u0107 zawarto\u015bci szkoleniowych i kompetencji.<\/p>\n<p>Strona internetowa: <a href=\"https:\/\/www.international-hr.de\/\" target=\"_blank\" rel=\"noopener\">https:\/\/www.international-hr.de\/<\/a><\/p>\n<p>Media spo\u0142eczno\u015bciowe:<\/p>\n<p>Facebook: <a href=\"https:\/\/www.facebook.com\/thomas.gary.3597\/\" target=\"_blank\" rel=\"noopener\">https:\/\/www.facebook.com\/thomas.gary.3597\/<\/a><\/p>\n<p>LinkedIn: <a href=\"https:\/\/www.linkedin.com\/in\/gary-thomas-a037a9b\/\" target=\"_blank\" rel=\"noopener\">https:\/\/www.linkedin.com\/in\/gary-thomas-a037a9b\/<\/a><\/p>\n<p>&nbsp;<\/p>\n<hr \/>\n<h3 style=\"text-align: center;\"><img decoding=\"async\" class=\"alignnone wp-image-94 size-full\" src=\"https:\/\/gary50.erasmus.site\/wp-content\/uploads\/2024\/07\/cwep.png\" alt=\"\" width=\"300\" height=\"300\" srcset=\"https:\/\/gary50.erasmus.site\/wp-content\/uploads\/2024\/07\/cwep.png 300w, https:\/\/gary50.erasmus.site\/wp-content\/uploads\/2024\/07\/cwep-150x150.png 150w, https:\/\/gary50.erasmus.site\/wp-content\/uploads\/2024\/07\/cwep-24x24.png 24w, https:\/\/gary50.erasmus.site\/wp-content\/uploads\/2024\/07\/cwep-36x36.png 36w, https:\/\/gary50.erasmus.site\/wp-content\/uploads\/2024\/07\/cwep-48x48.png 48w\" sizes=\"(max-width: 300px) 100vw, 300px\" \/><br \/>\n<strong>Centrum Wspierania Edukacji i Przedsi\u0119biorczo\u015bci (CWEP) &#8211; Polska<\/strong><\/h3>\n<p>Centrum Wspierania Edukacji i Przedsi\u0119biorczo\u015bci (CWEP) jest organizacj\u0105 pozarz\u0105dow\u0105 za\u0142o\u017con\u0105 w 2004 roku przez grup\u0119 przedsi\u0119biorc\u00f3w, nauczycieli i dzia\u0142aczy spo\u0142ecznych z Rzeszowa. CWEP wsp\u00f3\u0142pracuje z przedsi\u0119biorstwami i instytucjami edukacyjnymi. Misj\u0105 CWEP jest podnoszenie jako\u015bci kszta\u0142cenia na wszystkich poziomach i we wszystkich jego formach, a tak\u017ce promowanie przedsi\u0119biorczo\u015bci w celu wspierania integracji ka\u017cdej grupy spo\u0142ecznej, niezale\u017cnie od p\u0142ci, wieku czy pochodzenia etnicznego. W szczeg\u00f3lno\u015bci celem jest poprawa dost\u0119pno\u015bci, jako\u015bci i skuteczno\u015bci edukacji wszystkich ludzi, promowanie i wspieranie edukacji doros\u0142ych, uczenia si\u0119 przez ca\u0142e \u017cycie, e-learningu oraz wykorzystania nowych technologii w edukacji i przedsi\u0119biorczo\u015bci. Stowarzyszenie wsp\u00f3\u0142pracuje z wieloma partnerami z Europy w celu wzmocnienia pozycji ekonomicznej przedsi\u0119biorstw i dostarcza platformy internetowe dla firm.<\/p>\n<p>Strona internetowa: <a href=\"https:\/\/cwep.eu\/\">https:\/\/cwep.eu\/<\/a><\/p>\n<p>Media spo\u0142eczno\u015bciowe:<\/p>\n<p>Facebook:<\/p>\n<p><a href=\"https:\/\/www.facebook.com\/CWEP.EU\">https:\/\/www.facebook.com\/CWEP.EU<\/a><\/p>\n<p>LinkedIn<\/p>\n<p><a href=\"https:\/\/www.linkedin.com\/company\/cwep\/\">https:\/\/www.linkedin.com\/company\/cwep\/<\/a><\/p>\n<hr \/>\n<h3 style=\"text-align: center;\"><img decoding=\"async\" class=\"alignnone wp-image-95 size-full\" src=\"https:\/\/gary50.erasmus.site\/wp-content\/uploads\/2024\/07\/ed.png\" alt=\"\" width=\"300\" height=\"300\" srcset=\"https:\/\/gary50.erasmus.site\/wp-content\/uploads\/2024\/07\/ed.png 300w, https:\/\/gary50.erasmus.site\/wp-content\/uploads\/2024\/07\/ed-150x150.png 150w, https:\/\/gary50.erasmus.site\/wp-content\/uploads\/2024\/07\/ed-24x24.png 24w, https:\/\/gary50.erasmus.site\/wp-content\/uploads\/2024\/07\/ed-36x36.png 36w, https:\/\/gary50.erasmus.site\/wp-content\/uploads\/2024\/07\/ed-48x48.png 48w\" sizes=\"(max-width: 300px) 100vw, 300px\" \/><br \/>\n<strong>E&amp;D Knowledge Consulting Lda. \u2013 Portugalia<\/strong><\/h3>\n<p>E&amp;D Knowledge Consulting jest firm\u0105 konsultingow\u0105 i szkoleniow\u0105 specjalizuj\u0105c\u0105 si\u0119 we wspieraniu rozwoju kompetencji potrzebnych do wspierania innowacji w sektorze biznesowym, publicznym i spo\u0142ecznym. G\u0142\u00f3wne dzia\u0142ania E&amp;D koncentruj\u0105 si\u0119 na dostarczaniu mened\u017cerom i przedsi\u0119biorcom kompetencji, wiedzy i narz\u0119dzi potrzebnych do skutecznego wdra\u017cania i realizacji strategii innowacji w ich organizacjach, ale tak\u017ce do wspierania innowacji w ich otoczeniu.<\/p>\n<p>Kluczowymi obszarami E&amp;D s\u0105: wsparcie we wprowadzaniu innowacyjnych dzia\u0142a\u0144 organizacji &#8211; od audyt\u00f3w innowacyjno\u015bci, poprzez wsparcie w definiowaniu i wdra\u017caniu strategii innowacji, po rozw\u00f3j proces\u00f3w i mechanizm\u00f3w innowacji dostosowanych do indywidualnych potrzeb poszczeg\u00f3lnych organizacji, zapewnienie dost\u0119pu do odpowiednich umiej\u0119tno\u015bci i kompetencji niezb\u0119dnych do skutecznego wprowadzania innowacji, zar\u00f3wno w\u015br\u00f3d lider\u00f3w i mened\u017cer\u00f3w, jak i pracownik\u00f3w.<\/p>\n<p>Strona internetowa:<\/p>\n<p><a href=\"https:\/\/ed-knowledgeconsulting.com\/\">https:\/\/ed-knowledgeconsulting.com\/<\/a><\/p>\n<p>Media spo\u0142eczno\u015bciowe:<\/p>\n<p>Facebook:<\/p>\n<p><a href=\"https:\/\/www.facebook.com\/EDKnowledgeConsulting\">https:\/\/www.facebook.com\/EDKnowledgeConsulting<\/a><\/p>\n<p>LinkedIn:<\/p>\n<p><a href=\"https:\/\/www.linkedin.com\/company\/e&amp;d-knowledge-consulting\">https:\/\/www.linkedin.com\/company\/e&amp;d-knowledge-consulting<\/a><\/p>\n<hr \/>\n<h3 style=\"text-align: center;\"><img loading=\"lazy\" decoding=\"async\" class=\"alignnone wp-image-98 size-full\" src=\"https:\/\/gary50.erasmus.site\/wp-content\/uploads\/2024\/07\/estihub.png\" alt=\"\" width=\"300\" height=\"300\" srcset=\"https:\/\/gary50.erasmus.site\/wp-content\/uploads\/2024\/07\/estihub.png 300w, https:\/\/gary50.erasmus.site\/wp-content\/uploads\/2024\/07\/estihub-150x150.png 150w, https:\/\/gary50.erasmus.site\/wp-content\/uploads\/2024\/07\/estihub-24x24.png 24w, https:\/\/gary50.erasmus.site\/wp-content\/uploads\/2024\/07\/estihub-36x36.png 36w, https:\/\/gary50.erasmus.site\/wp-content\/uploads\/2024\/07\/estihub-48x48.png 48w\" sizes=\"(max-width: 300px) 100vw, 300px\" \/><br \/>\n<strong>Eesti EduHub \u2013 Estonia<\/strong><\/h3>\n<p>Eesti EduHub to esto\u0144ska organizacja edukacyjna i szkoleniowa, kt\u00f3ra zapewnia wiedz\u0119, umiej\u0119tno\u015bci i kompetencje poprzez innowacyjne rozwi\u0105zania edukacyjne i rozwojowe, obejmuj\u0105ce wiele obszar\u00f3w i bran\u017c, dostosowane do potrzeb doros\u0142ych, m\u0142odzie\u017cy i spo\u0142eczno\u015bci biznesowej. Eesti wspiera rozw\u00f3j lokalny, promuj\u0105c przedsi\u0119biorczo\u015b\u0107, rozw\u00f3j umiej\u0119tno\u015bci mi\u0119kkich, innowacje, zr\u00f3wnowa\u017cony rozw\u00f3j biznesu, odpowiedzialno\u015b\u0107 spo\u0142eczn\u0105, tworzenie sieci kontakt\u00f3w, umiej\u0119tno\u015bci cyfrowe i ekologiczne oraz umiej\u0119tno\u015bci zwi\u0105zane z prac\u0105. G\u0142\u00f3wnym celem organizacji jest promowanie ci\u0105g\u0142ego rozwoju zawodowego i osobistego obywateli Europy poprzez dzia\u0142ania o charakterze kulturalnym i edukacyjnym.<\/p>\n<p>Strona internetowa:<\/p>\n<p><a href=\"https:\/\/www.eestieduhub.com\/\">https:\/\/www.eestieduhub.com\/<\/a><\/p>\n<p>Media spo\u0142eczno\u015bciowe:<\/p>\n<p>Facebook:<\/p>\n<p><a href=\"https:\/\/www.facebook.com\/people\/Eesti-Edu-Hub\/61554387220123\/\">https:\/\/www.facebook.com\/people\/Eesti-Edu-Hub\/61554387220123\/<\/a><\/p>\n<p>LinkedIn:<\/p>\n<p><a href=\"https:\/\/www.linkedin.com\/company\/eesti-edu-hub\">https:\/\/www.linkedin.com\/company\/eesti-edu-hub<\/a><\/p>\n<hr \/>\n<h3 style=\"text-align: center;\"><img loading=\"lazy\" decoding=\"async\" class=\"alignnone wp-image-96 size-full\" src=\"https:\/\/gary50.erasmus.site\/wp-content\/uploads\/2024\/07\/labc.png\" alt=\"\" width=\"300\" height=\"300\" srcset=\"https:\/\/gary50.erasmus.site\/wp-content\/uploads\/2024\/07\/labc.png 300w, https:\/\/gary50.erasmus.site\/wp-content\/uploads\/2024\/07\/labc-150x150.png 150w, https:\/\/gary50.erasmus.site\/wp-content\/uploads\/2024\/07\/labc-24x24.png 24w, https:\/\/gary50.erasmus.site\/wp-content\/uploads\/2024\/07\/labc-36x36.png 36w, https:\/\/gary50.erasmus.site\/wp-content\/uploads\/2024\/07\/labc-48x48.png 48w\" sizes=\"(max-width: 300px) 100vw, 300px\" \/><br \/>\n<strong>LABC S.R.L. \u2013W\u0142ochy<\/strong><\/h3>\n<p>LABC ma siedzib\u0119 w Turynie i ma na celu dzielenie si\u0119 i rozwijanie do\u015bwiadcze\u0144 profesjonalist\u00f3w w dziedzinie zdrowia indywidualnego i spo\u0142ecznego, pracy grupowej, edukacji i szkole\u0144, reintegracji na rynku pracy i zarz\u0105dzania projektami.<\/p>\n<p>LABC to og\u00f3lnoeuropejska spo\u0142eczno\u015b\u0107 ucz\u0105ca si\u0119, przyjmuj\u0105ca i dziel\u0105ca si\u0119 zasadami:<\/p>\n<ul>\n<li>wsp\u00f3lne uczenie si\u0119 w celu wymiany, doskonalenia i dzielenia si\u0119 do\u015bwiadczeniami, zasobami i umiej\u0119tno\u015bciami w celu optymalizacji mi\u0119dzynarodowej i intermodalnej wsp\u00f3\u0142pracy, rozwijania i transferu metodologii i praktyki<\/li>\n<li>generatywno\u015b\u0107 w celu ustanowienia, wspierania i kierowania zdolno\u015bci\u0105 do tworzenia, generowania i wytwarzania nowych psychologicznych, spo\u0142ecznych i edukacyjnych narz\u0119dzi, modeli i praktyk, w celu swobodnego rozpowszechniania ich w ca\u0142ej spo\u0142eczno\u015bci.<\/li>\n<\/ul>\n<p>LABC jest aktywny i ma do\u015bwiadczenie w zakresie dobrostanu jednostki i spo\u0142eczno\u015bci poprzez szeroki zakres dzia\u0142a\u0144, w tym sesje pracy grupowej, superwizje, szkolenia, konsultacje itp. oraz Edukacj\u0119 i badania poprzez projektowanie metodologii uczenia si\u0119 oraz wdra\u017canie materia\u0142\u00f3w i narz\u0119dzi szkoleniowych po\u015bwi\u0119conych poprawie \u015bwiadomo\u015bci uczestnik\u00f3w.<\/p>\n<p>Strona internetowa projektu: <a href=\"https:\/\/labcentro.it\/\">https:\/\/labcentro.it\/<\/a><\/p>\n<p>Social media:<\/p>\n<p>Facebook: <a href=\"https:\/\/www.facebook.com\/LABCsrl\/\">https:\/\/www.facebook.com\/LABCsrl\/<\/a><\/p>\n<p>LinkedIn: <a href=\"https:\/\/www.linkedin.com\/company\/labc-srl\/\">https:\/\/www.linkedin.com\/company\/labc-srl\/<\/a><\/p>","protected":false},"excerpt":{"rendered":"<p>Assist GmbH &#8211; Niemcy &#8211; Koordynator projektu Assist GmbH jest \u015bredniej wielko\u015bci prywatn\u0105 sp\u00f3\u0142k\u0105 z ograniczon\u0105 odpowiedzialno\u015bci\u0105 z siedzib\u0105 w Paderborn w \u015brodkowych Niemczech. Dzia\u0142a na ca\u0142ym \u015bwiecie, zapewniaj\u0105c doradztwo biznesowe i rozw\u00f3j zasob\u00f3w ludzkich. Oferuje szkolenia mi\u0119dzykulturowe, szkolenia z przyw\u00f3dztwa, szkolenia z komunikacji, szkolenia dla konsultant\u00f3w, a tak\u017ce coaching, doradztwo i mi\u0119dzynarodowe warsztaty z&hellip;&nbsp;<a href=\"https:\/\/gary50.erasmus.site\/pl\/partnership\/\" rel=\"bookmark\">Dowiedz si\u0119 wi\u0119cej &raquo;<span class=\"screen-reader-text\">Partnerstwo<\/span><\/a><\/p>\n","protected":false},"author":1,"featured_media":0,"parent":0,"menu_order":0,"comment_status":"closed","ping_status":"closed","template":"","meta":{"neve_meta_sidebar":"","neve_meta_container":"","neve_meta_enable_content_width":"off","neve_meta_content_width":100,"neve_meta_title_alignment":"","neve_meta_author_avatar":"","neve_post_elements_order":"","neve_meta_disable_header":"","neve_meta_disable_footer":"","neve_meta_disable_title":"","footnotes":""},"class_list":["post-89","page","type-page","status-publish","hentry"],"_links":{"self":[{"href":"https:\/\/gary50.erasmus.site\/pl\/wp-json\/wp\/v2\/pages\/89","targetHints":{"allow":["GET"]}}],"collection":[{"href":"https:\/\/gary50.erasmus.site\/pl\/wp-json\/wp\/v2\/pages"}],"about":[{"href":"https:\/\/gary50.erasmus.site\/pl\/wp-json\/wp\/v2\/types\/page"}],"author":[{"embeddable":true,"href":"https:\/\/gary50.erasmus.site\/pl\/wp-json\/wp\/v2\/users\/1"}],"replies":[{"embeddable":true,"href":"https:\/\/gary50.erasmus.site\/pl\/wp-json\/wp\/v2\/comments?post=89"}],"version-history":[{"count":10,"href":"https:\/\/gary50.erasmus.site\/pl\/wp-json\/wp\/v2\/pages\/89\/revisions"}],"predecessor-version":[{"id":330,"href":"https:\/\/gary50.erasmus.site\/pl\/wp-json\/wp\/v2\/pages\/89\/revisions\/330"}],"wp:attachment":[{"href":"https:\/\/gary50.erasmus.site\/pl\/wp-json\/wp\/v2\/media?parent=89"}],"curies":[{"name":"wp","href":"https:\/\/api.w.org\/{rel}","templated":true}]}}