{"id":105,"date":"2024-07-24T10:06:14","date_gmt":"2024-07-24T10:06:14","guid":{"rendered":"https:\/\/gary50.erasmus.site\/?page_id=105"},"modified":"2026-01-22T15:51:47","modified_gmt":"2026-01-22T15:51:47","slug":"industry-5-0-adaptive-and-validation-oer","status":"publish","type":"page","link":"https:\/\/gary50.erasmus.site\/pt\/industry-5-0-adaptive-and-validation-oer\/","title":{"rendered":"Ind\u00fastria 5.0 adaptativa e valida\u00e7\u00e3o OER"},"content":{"rendered":"<p>O principal objetivo do resultado \u00e9 proporcionar o acesso aos conhecimentos mais recentes sobre a Ind\u00fastria 5.0. Ao criar uma aplica\u00e7\u00e3o Web inovadora que acuta como um Recurso Educativo Aberto (REA), a plataforma fornecer\u00e1 um ponto de acesso central para estudantes, professores e trabalhadores industriais. Estes poder\u00e3o utilizar v\u00e1rios materiais educativos num formato interativo. A aplica\u00e7\u00e3o n\u00e3o se limita a recursos est\u00e1ticos, mas oferece uma plataforma interativa que se adapta \u00e0s necessidades e ao ritmo de aprendizagem de cada utilizador. Como resultado, todos poder\u00e3o desenvolver as suas aptid\u00f5es e compet\u00eancias de acordo com os requisitos atuais da Ind\u00fastria 5.0.<\/p>\n<p>Al\u00e9m disso, a plataforma oferecer\u00e1 um acesso conveniente a materiais educativos atualizados, permitindo que os utilizadores melhorem de forma eficiente as compet\u00eancias essenciais para terem sucesso na Ind\u00fastria 5.0.<\/p>\n<p>Dada a import\u00e2ncia acrescida da digitaliza\u00e7\u00e3o, em parte impulsionada pela situa\u00e7\u00e3o epidemiol\u00f3gica global, o REA adapt\u00e1vel e validado da Ind\u00fastria 5.0 surge como um resultado crucial do projeto. Tem o potencial de atingir um p\u00fablico alargado e apoiar a transforma\u00e7\u00e3o digital do sector do ensino e forma\u00e7\u00e3o profissionais (EFP).<\/p>\n<p>Gra\u00e7as \u00e0 aplica\u00e7\u00e3o, estudantes, professores e funcion\u00e1rios da ind\u00fastria poder\u00e3o aceder facilmente a conte\u00fados educativos atualizados. Permitir-lhes-\u00e1 desenvolver eficazmente as suas aptid\u00f5es e compet\u00eancias de acordo com os requisitos da Ind\u00fastria 5.0. A plataforma tamb\u00e9m ser\u00e1 adaptada a diferentes estilos de aprendizagem, permitindo uma abordagem personalizada \u00e0 educa\u00e7\u00e3o e ao desenvolvimento de compet\u00eancias a um ritmo adequado a cada utilizador.<\/p>\n<p>A transforma\u00e7\u00e3o para a digitaliza\u00e7\u00e3o de produtos, servi\u00e7os e pessoas requer o envolvimento de um grupo de intervenientes-chave, o di\u00e1logo com os utilizadores e parcerias de colabora\u00e7\u00e3o a v\u00e1rios n\u00edveis. Os cursos multin\u00edvel introduzir\u00e3o o desenvolvimento de compet\u00eancias digitais orientadas para a Ind\u00fastria 5.0.<\/p>\n<p>Esta forma\u00e7\u00e3o visa cultivar compet\u00eancias digitais s\u00f3lidas adaptadas \u00e0 Ind\u00fastria 5.0, abrangendo formadores de EFP, profissionais, formandos e representantes de PME de diversos sectores.<\/p>\n<div style=\"text-align:center;margin-bottom:60px;\"><a href=\"https:\/\/gary50.erasmus.site\/platform\/oer\" target=\"_blank\" class=\"button\">Aberto<\/a><\/div>\n<p><\/p>","protected":false},"excerpt":{"rendered":"<p>O principal objetivo do resultado \u00e9 proporcionar o acesso aos conhecimentos mais recentes sobre a Ind\u00fastria 5.0. Ao criar uma aplica\u00e7\u00e3o Web inovadora que acuta como um Recurso Educativo Aberto (REA), a plataforma fornecer\u00e1 um ponto de acesso central para estudantes, professores e trabalhadores industriais. Estes poder\u00e3o utilizar v\u00e1rios materiais educativos num formato interativo. A&hellip;&nbsp;<a href=\"https:\/\/gary50.erasmus.site\/pt\/industry-5-0-adaptive-and-validation-oer\/\" rel=\"bookmark\">Ler mais &raquo;<span class=\"screen-reader-text\">Ind\u00fastria 5.0 adaptativa e valida\u00e7\u00e3o OER<\/span><\/a><\/p>\n","protected":false},"author":1,"featured_media":0,"parent":0,"menu_order":0,"comment_status":"closed","ping_status":"closed","template":"","meta":{"neve_meta_sidebar":"","neve_meta_container":"","neve_meta_enable_content_width":"off","neve_meta_content_width":100,"neve_meta_title_alignment":"","neve_meta_author_avatar":"","neve_post_elements_order":"","neve_meta_disable_header":"","neve_meta_disable_footer":"","neve_meta_disable_title":"","footnotes":""},"class_list":["post-105","page","type-page","status-publish","hentry"],"_links":{"self":[{"href":"https:\/\/gary50.erasmus.site\/pt\/wp-json\/wp\/v2\/pages\/105","targetHints":{"allow":["GET"]}}],"collection":[{"href":"https:\/\/gary50.erasmus.site\/pt\/wp-json\/wp\/v2\/pages"}],"about":[{"href":"https:\/\/gary50.erasmus.site\/pt\/wp-json\/wp\/v2\/types\/page"}],"author":[{"embeddable":true,"href":"https:\/\/gary50.erasmus.site\/pt\/wp-json\/wp\/v2\/users\/1"}],"replies":[{"embeddable":true,"href":"https:\/\/gary50.erasmus.site\/pt\/wp-json\/wp\/v2\/comments?post=105"}],"version-history":[{"count":8,"href":"https:\/\/gary50.erasmus.site\/pt\/wp-json\/wp\/v2\/pages\/105\/revisions"}],"predecessor-version":[{"id":328,"href":"https:\/\/gary50.erasmus.site\/pt\/wp-json\/wp\/v2\/pages\/105\/revisions\/328"}],"wp:attachment":[{"href":"https:\/\/gary50.erasmus.site\/pt\/wp-json\/wp\/v2\/media?parent=105"}],"curies":[{"name":"wp","href":"https:\/\/api.w.org\/{rel}","templated":true}]}}