{"id":43,"date":"2024-07-24T08:38:44","date_gmt":"2024-07-24T08:38:44","guid":{"rendered":"https:\/\/gary50.erasmus.site\/?page_id=43"},"modified":"2025-11-13T16:05:22","modified_gmt":"2025-11-13T16:05:22","slug":"home","status":"publish","type":"page","link":"https:\/\/gary50.erasmus.site\/pt\/","title":{"rendered":"Inicio"},"content":{"rendered":"\t\t<div data-elementor-type=\"wp-page\" data-elementor-id=\"43\" class=\"elementor elementor-43\">\n\t\t\t\t\t\t<section class=\"elementor-section elementor-top-section elementor-element elementor-element-d7ee4dc elementor-section-boxed elementor-section-height-default elementor-section-height-default\" data-id=\"d7ee4dc\" data-element_type=\"section\" data-e-type=\"section\" data-settings=\"{&quot;background_background&quot;:&quot;classic&quot;}\">\n\t\t\t\t\t\t\t<div class=\"elementor-background-overlay\"><\/div>\n\t\t\t\t\t\t\t<div class=\"elementor-container elementor-column-gap-default\">\n\t\t\t\t\t<div class=\"elementor-column elementor-col-100 elementor-top-column elementor-element elementor-element-46cad61 elementor-invisible\" data-id=\"46cad61\" data-element_type=\"column\" data-e-type=\"column\" data-settings=\"{&quot;background_background&quot;:&quot;classic&quot;,&quot;animation&quot;:&quot;fadeIn&quot;}\">\n\t\t\t<div class=\"elementor-widget-wrap elementor-element-populated\">\n\t\t\t\t\t\t<div class=\"elementor-element elementor-element-5cf29a2 elementor-widget elementor-widget-image\" data-id=\"5cf29a2\" data-element_type=\"widget\" data-e-type=\"widget\" data-widget_type=\"image.default\">\n\t\t\t\t<div class=\"elementor-widget-container\">\n\t\t\t\t\t\t\t\t\t\t\t\t\t\t\t<img fetchpriority=\"high\" decoding=\"async\" width=\"300\" height=\"300\" src=\"https:\/\/gary50.erasmus.site\/wp-content\/uploads\/2024\/07\/Gary_5.0_logo-removebg-preview-300x300.png\" class=\"attachment-medium size-medium wp-image-56\" alt=\"\" srcset=\"https:\/\/gary50.erasmus.site\/wp-content\/uploads\/2024\/07\/Gary_5.0_logo-removebg-preview-300x300.png 300w, https:\/\/gary50.erasmus.site\/wp-content\/uploads\/2024\/07\/Gary_5.0_logo-removebg-preview-150x150.png 150w, https:\/\/gary50.erasmus.site\/wp-content\/uploads\/2024\/07\/Gary_5.0_logo-removebg-preview.png 500w\" sizes=\"(max-width: 300px) 100vw, 300px\" \/>\t\t\t\t\t\t\t\t\t\t\t\t\t\t\t<\/div>\n\t\t\t\t<\/div>\n\t\t\t\t<div class=\"elementor-element elementor-element-4723d76 elementor-widget elementor-widget-heading\" data-id=\"4723d76\" data-element_type=\"widget\" data-e-type=\"widget\" data-widget_type=\"heading.default\">\n\t\t\t\t<div class=\"elementor-widget-container\">\n\t\t\t\t\t<h2 class=\"elementor-heading-title elementor-size-xl\">GARY 5.0 Greater Aggregation of knowledge and Reinforcements of awareness in the field Industry 5.0 in vocational education<\/h2>\t\t\t\t<\/div>\n\t\t\t\t<\/div>\n\t\t\t\t<div class=\"elementor-element elementor-element-5bdba00 elementor-widget elementor-widget-text-editor\" data-id=\"5bdba00\" data-element_type=\"widget\" data-e-type=\"widget\" data-widget_type=\"text-editor.default\">\n\t\t\t\t<div class=\"elementor-widget-container\">\n\t\t\t\t\t\t\t\t\t<p>Dom\u00ednio: Ensino e forma\u00e7\u00e3o profissional<br \/>N\u00famero do Projeto: 2023-1-DE02-KA220-VET-000158236<br \/>Per\u00edodo de implementa\u00e7\u00e3o: 01.12.2023 &#8211; 30.11.2025<\/p>\t\t\t\t\t\t\t\t<\/div>\n\t\t\t\t<\/div>\n\t\t\t\t\t<\/div>\n\t\t<\/div>\n\t\t\t\t\t<\/div>\n\t\t<\/section>\n\t\t<div class=\"elementor-element elementor-element-7ae3c74 e-flex e-con-boxed e-con e-parent\" data-id=\"7ae3c74\" data-element_type=\"container\" data-e-type=\"container\">\n\t\t\t\t\t<div class=\"e-con-inner\">\n\t\t<div class=\"elementor-element elementor-element-4c79668 e-con-full e-flex e-con e-child\" data-id=\"4c79668\" data-element_type=\"container\" data-e-type=\"container\">\n\t\t\t\t<div class=\"elementor-element elementor-element-d06687c elementor-widget elementor-widget-menu-anchor\" data-id=\"d06687c\" data-element_type=\"widget\" data-e-type=\"widget\" data-widget_type=\"menu-anchor.default\">\n\t\t\t\t<div class=\"elementor-widget-container\">\n\t\t\t\t\t\t\t<div class=\"elementor-menu-anchor\" id=\"about\"><\/div>\n\t\t\t\t\t\t<\/div>\n\t\t\t\t<\/div>\n\t\t\t\t<div class=\"elementor-element elementor-element-ed3e4a1 elementor-widget elementor-widget-heading\" data-id=\"ed3e4a1\" data-element_type=\"widget\" data-e-type=\"widget\" data-widget_type=\"heading.default\">\n\t\t\t\t<div class=\"elementor-widget-container\">\n\t\t\t\t\t<h2 class=\"elementor-heading-title elementor-size-xl\">Sobre o projeto<\/h2>\t\t\t\t<\/div>\n\t\t\t\t<\/div>\n\t\t\t\t<div class=\"elementor-element elementor-element-86518db elementor-widget elementor-widget-text-editor\" data-id=\"86518db\" data-element_type=\"widget\" data-e-type=\"widget\" data-widget_type=\"text-editor.default\">\n\t\t\t\t<div class=\"elementor-widget-container\">\n\t\t\t\t\t\t\t\t\t<p><\/li><\/ul><p><\/p><p><\/p><p><\/p><p>O projeto GARY 5.0 \u00e9 um projeto inovador que visa desenvolver compet\u00eancias de empreendedorismo e inova\u00e7\u00e3o. Atrav\u00e9s de diversas atividades educativas, mentoria e projetos pr\u00e1ticos de grupo, pretendemos dotar os participantes de conhecimentos e ferramentas necess\u00e1rios para criar e implementar as tuas ideias de neg\u00f3cio.<\/p><p>As atividades realizadas no \u00e2mbito do projeto incluem v\u00e1rias formas de aprendizagem, desde workshops interativos e forma\u00e7\u00e3o a sess\u00f5es de orienta\u00e7\u00e3o conduzidas por empresas experientes e pelo p\u00fablico, at\u00e9 competi\u00e7\u00e3o de ideias de neg\u00f3cio que incentivam o pensamento criativo e a inova\u00e7\u00e3o.<\/p><p>O projeto procura criar um ambiente inspirador que promova o desenvolvimento de compet\u00eancias pr\u00e1ticas e permita \u00e0s pessoas adquirir experi\u00eancia tang\u00edvel em mat\u00e9ria de empreendedorismo e inova\u00e7\u00e3o. A metodologia baseia-se na aprendizagem ativa, na colabora\u00e7\u00e3o e em desafios pr\u00e1ticos que os participantes realizam em grupos.<\/p><p>Os grupos-alvo do projeto s\u00e3o<\/p><ul><li>L\u00edderes de centros de EFP &#8211; formadores de EFP, profissionais &#8211; alunos de EFP,<\/li><li>representantes de prestadores de EFP, incubadoras de empresas, ag\u00eancias de desenvolvimento regional, c\u00e2maras,<\/li><li>representantes de PME que operam em sectores espec\u00edficos (avia\u00e7\u00e3o e ind\u00fastria autom\u00f3vel, ecoturismo, ind\u00fastria alimentar e de bebidas, bem como a ind\u00fastria da madeira).<\/li><\/ul><p><\/li><\/ul>\t\t\t\t\t\t\t\t<\/div>\n\t\t\t\t<\/div>\n\t\t\t\t<\/div>\n\t\t<div class=\"elementor-element elementor-element-b8e3a64 e-con-full e-flex e-con e-child\" data-id=\"b8e3a64\" data-element_type=\"container\" data-e-type=\"container\">\n\t\t\t\t<div class=\"elementor-element elementor-element-4e16e6d elementor-widget elementor-widget-image\" data-id=\"4e16e6d\" data-element_type=\"widget\" data-e-type=\"widget\" data-widget_type=\"image.default\">\n\t\t\t\t<div class=\"elementor-widget-container\">\n\t\t\t\t\t\t\t\t\t\t\t\t\t\t\t<img decoding=\"async\" width=\"1024\" height=\"585\" src=\"https:\/\/gary50.erasmus.site\/wp-content\/uploads\/2024\/07\/Firefly-The-GARY-5.0-project-is-an-innovative-project-aimed-at-developing-entrepreneurial-and-innova-1024x585.jpg\" class=\"attachment-large size-large wp-image-68\" alt=\"\" srcset=\"https:\/\/gary50.erasmus.site\/wp-content\/uploads\/2024\/07\/Firefly-The-GARY-5.0-project-is-an-innovative-project-aimed-at-developing-entrepreneurial-and-innova-1024x585.jpg 1024w, https:\/\/gary50.erasmus.site\/wp-content\/uploads\/2024\/07\/Firefly-The-GARY-5.0-project-is-an-innovative-project-aimed-at-developing-entrepreneurial-and-innova-300x171.jpg 300w, https:\/\/gary50.erasmus.site\/wp-content\/uploads\/2024\/07\/Firefly-The-GARY-5.0-project-is-an-innovative-project-aimed-at-developing-entrepreneurial-and-innova-768x439.jpg 768w, https:\/\/gary50.erasmus.site\/wp-content\/uploads\/2024\/07\/Firefly-The-GARY-5.0-project-is-an-innovative-project-aimed-at-developing-entrepreneurial-and-innova-1536x878.jpg 1536w, https:\/\/gary50.erasmus.site\/wp-content\/uploads\/2024\/07\/Firefly-The-GARY-5.0-project-is-an-innovative-project-aimed-at-developing-entrepreneurial-and-innova-2048x1170.jpg 2048w\" sizes=\"(max-width: 1024px) 100vw, 1024px\" \/>\t\t\t\t\t\t\t\t\t\t\t\t\t\t\t<\/div>\n\t\t\t\t<\/div>\n\t\t\t\t<\/div>\n\t\t\t\t\t<\/div>\n\t\t\t\t<\/div>\n\t\t<div class=\"elementor-element elementor-element-2a4b7b5 e-flex e-con-boxed e-con e-parent\" data-id=\"2a4b7b5\" data-element_type=\"container\" data-e-type=\"container\">\n\t\t\t\t\t<div class=\"e-con-inner\">\n\t\t\t\t<div class=\"elementor-element elementor-element-869c522 elementor-widget elementor-widget-heading\" data-id=\"869c522\" data-element_type=\"widget\" data-e-type=\"widget\" data-widget_type=\"heading.default\">\n\t\t\t\t<div class=\"elementor-widget-container\">\n\t\t\t\t\t<h2 class=\"elementor-heading-title elementor-size-xl\">Thematic scope<\/h2>\t\t\t\t<\/div>\n\t\t\t\t<\/div>\n\t\t\t\t<div class=\"elementor-element elementor-element-7387b3b elementor-widget elementor-widget-text-editor\" data-id=\"7387b3b\" data-element_type=\"widget\" data-e-type=\"widget\" data-widget_type=\"text-editor.default\">\n\t\t\t\t<div class=\"elementor-widget-container\">\n\t\t\t\t\t\t\t\t\t<p>O resultado do projeto \u00e9 uma poderosa aplica\u00e7\u00e3o educativa para sensibilizar para a necessidade de implementar a Ind\u00fastria 5.0 nas ind\u00fastrias aeroespacial, autom\u00f3vel, ecoturismo, alimenta\u00e7\u00e3o e bebidas e madeira, oferecendo ferramentas avan\u00e7adas para atingir este objetivo. A aplica\u00e7\u00e3o estar\u00e1 dispon\u00edvel sem restri\u00e7\u00f5es e incluir\u00e1 cinco m\u00f3dulos dedicados aos seguintes elementos:<\/p><\/div><div class=\"nv-content-wrap entry-content\"><ul><li><strong>Compet\u00eancias e recursos necess\u00e1rios para a transforma\u00e7\u00e3o para a Ind\u00fastria 5.0 a n\u00edvel local \u2013<\/strong> O m\u00f3dulo centra-se na identifica\u00e7\u00e3o e desenvolvimento das compet\u00eancias e recursos necess\u00e1rios para a transi\u00e7\u00e3o para a Ind\u00fastria 5.0 a n\u00edvel local. Envolve a an\u00e1lise das necessidades das institui\u00e7\u00f5es locais de EFP e o fornecimento de materiais de forma\u00e7\u00e3o e ferramentas de apoio para preparar as novas tecnologias e metodologias da Ind\u00fastria 5.0. O objetivo \u00e9 adaptar os conceitos globais \u00e0s condi\u00e7\u00f5es e necessidades espec\u00edficas das comunidades locais.<\/li><li><strong>Abordagens regenerativas e de economia circular como um quadro para a implementa\u00e7\u00e3o da Ind\u00fastria 5.0 \u2013 <\/strong>promover uma abordagem regenerativa para uma economia circular como base para a implementa\u00e7\u00e3o da Ind\u00fastria 5.0. O resultado inclui a cria\u00e7\u00e3o e partilha de materiais e ferramentas educativas que apoiam pr\u00e1ticas sustent\u00e1veis e a efici\u00eancia dos recursos.<\/li><li><strong>Intera\u00e7\u00f5es entre o homem e a m\u00e1quina como base da economia a todos os n\u00edveis \u2013<\/strong> o m\u00f3dulo inclui ferramentas para a avalia\u00e7\u00e3o comparativa da Ind\u00fastria 5.0 com fornecedores e estudantes de EFP da Alemanha, Pol\u00f3nia, Est\u00f3nia, It\u00e1lia e Portugal. Al\u00e9m disso, centra-se na otimiza\u00e7\u00e3o da intera\u00e7\u00e3o homem-m\u00e1quina, que \u00e9 a base da economia atual. Os programas de forma\u00e7\u00e3o incluem tecnologias avan\u00e7adas e software que apoiam uma melhor coopera\u00e7\u00e3o entre humanos e m\u00e1quinas, aumentando a efici\u00eancia e a seguran\u00e7a no local de trabalho. Os participantes tamb\u00e9m aprendem a utilizar estas tecnologias em cen\u00e1rios pr\u00e1ticos, preparando-os melhor para os desafios profissionais do mundo real<\/li><li><strong>Modelos de simula\u00e7\u00e3o e g\u00e9meos digitais como base para o planeamento da produ\u00e7\u00e3o \u2013<\/strong> O m\u00f3dulo inclui o desenvolvimento de compet\u00eancias na cria\u00e7\u00e3o de modelos de simula\u00e7\u00e3o e g\u00e9meos digitais. A forma\u00e7\u00e3o centra-se na conce\u00e7\u00e3o e an\u00e1lise de simula\u00e7\u00f5es e na utiliza\u00e7\u00e3o de g\u00e9meos digitais para otimizar os processos de fabrico. Os participantes adquirem a capacidade pr\u00e1tica de planear e gerir com sucesso a produ\u00e7\u00e3o num ambiente da Ind\u00fastria 5.0. O desenvolvimento aborda as \u00e1reas aeroespacial e autom\u00f3vel, ecoturismo, alimentos e bebidas e produtos de madeira.<\/li><li><strong>Realidade virtual como ferramenta de crescimento baseada na experi\u00eancia \u2013<\/strong> O m\u00f3dulo utiliza a Realidade Virtual como ferramenta de ensino e desenvolvimento profissional. Os formandos podem adquirir compet\u00eancias pr\u00e1ticas atrav\u00e9s de experi\u00eancias imersivas de Realidade Virtual, que os preparam para trabalhar em ambientes industriais de alta tecnologia. O curso de forma\u00e7\u00e3o em RV foi concebido para simular cen\u00e1rios de trabalho do mundo real, permitindo-lhe desenvolver as suas compet\u00eancias num ambiente seguro e controlado.<\/li><\/ul><p><\/p><\/div>\t\t\t\t\t\t\t\t<\/div>\n\t\t\t\t<\/div>\n\t\t\t\t\t<\/div>\n\t\t\t\t<\/div>\n\t\t<div class=\"elementor-element elementor-element-eef2152 e-flex e-con-boxed e-con e-parent\" data-id=\"eef2152\" data-element_type=\"container\" data-e-type=\"container\">\n\t\t\t\t\t<div class=\"e-con-inner\">\n\t\t\t\t<div class=\"elementor-element elementor-element-60b313d elementor-align-center elementor-widget elementor-widget-button\" data-id=\"60b313d\" data-element_type=\"widget\" data-e-type=\"widget\" data-widget_type=\"button.default\">\n\t\t\t\t<div class=\"elementor-widget-container\">\n\t\t\t\t\t\t\t\t\t<div class=\"elementor-button-wrapper\">\n\t\t\t\t\t<a class=\"elementor-button elementor-button-link elementor-size-sm\" href=\"https:\/\/gary50.erasmus.site\/platform\/\" target=\"_blank\">\n\t\t\t\t\t\t<span class=\"elementor-button-content-wrapper\">\n\t\t\t\t\t\t\t\t\t<span class=\"elementor-button-text\">Open Gary 5.0 Platform<\/span>\n\t\t\t\t\t<\/span>\n\t\t\t\t\t<\/a>\n\t\t\t\t<\/div>\n\t\t\t\t\t\t\t\t<\/div>\n\t\t\t\t<\/div>\n\t\t\t\t\t<\/div>\n\t\t\t\t<\/div>\n\t\t\t\t<\/div>\n\t\t","protected":false},"excerpt":{"rendered":"<p>GARY 5.0 Greater Aggregation of knowledge and Reinforcements of awareness in the field Industry 5.0 in vocational education Dom\u00ednio: Ensino e forma\u00e7\u00e3o profissionalN\u00famero do Projeto: 2023-1-DE02-KA220-VET-000158236Per\u00edodo de implementa\u00e7\u00e3o: 01.12.2023 &#8211; 30.11.2025 Sobre o projeto O projeto GARY 5.0 \u00e9 um projeto inovador que visa desenvolver compet\u00eancias de empreendedorismo e inova\u00e7\u00e3o. Atrav\u00e9s de diversas atividades educativas,&hellip;&nbsp;<a href=\"https:\/\/gary50.erasmus.site\/pt\/\" rel=\"bookmark\">Ler mais &raquo;<span class=\"screen-reader-text\">Inicio<\/span><\/a><\/p>\n","protected":false},"author":1,"featured_media":0,"parent":0,"menu_order":0,"comment_status":"closed","ping_status":"closed","template":"page-templates\/template-pagebuilder-full-width.php","meta":{"neve_meta_sidebar":"","neve_meta_container":"","neve_meta_enable_content_width":"off","neve_meta_content_width":100,"neve_meta_title_alignment":"","neve_meta_author_avatar":"","neve_post_elements_order":"","neve_meta_disable_header":"","neve_meta_disable_footer":"","neve_meta_disable_title":"","footnotes":""},"class_list":["post-43","page","type-page","status-publish","hentry"],"_links":{"self":[{"href":"https:\/\/gary50.erasmus.site\/pt\/wp-json\/wp\/v2\/pages\/43","targetHints":{"allow":["GET"]}}],"collection":[{"href":"https:\/\/gary50.erasmus.site\/pt\/wp-json\/wp\/v2\/pages"}],"about":[{"href":"https:\/\/gary50.erasmus.site\/pt\/wp-json\/wp\/v2\/types\/page"}],"author":[{"embeddable":true,"href":"https:\/\/gary50.erasmus.site\/pt\/wp-json\/wp\/v2\/users\/1"}],"replies":[{"embeddable":true,"href":"https:\/\/gary50.erasmus.site\/pt\/wp-json\/wp\/v2\/comments?post=43"}],"version-history":[{"count":90,"href":"https:\/\/gary50.erasmus.site\/pt\/wp-json\/wp\/v2\/pages\/43\/revisions"}],"predecessor-version":[{"id":286,"href":"https:\/\/gary50.erasmus.site\/pt\/wp-json\/wp\/v2\/pages\/43\/revisions\/286"}],"wp:attachment":[{"href":"https:\/\/gary50.erasmus.site\/pt\/wp-json\/wp\/v2\/media?parent=43"}],"curies":[{"name":"wp","href":"https:\/\/api.w.org\/{rel}","templated":true}]}}