{"id":89,"date":"2024-07-24T09:50:12","date_gmt":"2024-07-24T09:50:12","guid":{"rendered":"https:\/\/gary50.erasmus.site\/?page_id=89"},"modified":"2026-03-20T15:25:16","modified_gmt":"2026-03-20T15:25:16","slug":"partnership","status":"publish","type":"page","link":"https:\/\/gary50.erasmus.site\/pt\/partnership\/","title":{"rendered":"Parceria"},"content":{"rendered":"<p><\/p>\n<h3 style=\"text-align: center;\"><img fetchpriority=\"high\" decoding=\"async\" class=\"alignnone size-full wp-image-91\" src=\"https:\/\/gary50.erasmus.site\/wp-content\/uploads\/2024\/07\/assist.png\" alt=\"\" width=\"300\" height=\"300\" srcset=\"https:\/\/gary50.erasmus.site\/wp-content\/uploads\/2024\/07\/assist.png 300w, https:\/\/gary50.erasmus.site\/wp-content\/uploads\/2024\/07\/assist-150x150.png 150w, https:\/\/gary50.erasmus.site\/wp-content\/uploads\/2024\/07\/assist-24x24.png 24w, https:\/\/gary50.erasmus.site\/wp-content\/uploads\/2024\/07\/assist-36x36.png 36w, https:\/\/gary50.erasmus.site\/wp-content\/uploads\/2024\/07\/assist-48x48.png 48w\" sizes=\"(max-width: 300px) 100vw, 300px\" \/><br \/>\n<strong>Assist GmbH &#8211; Alemanha<\/strong> &#8211; Coordenador do Projeto<\/h3>\n<p>A Assist GmbH \u00e9 uma sociedade an\u00f3nima de m\u00e9dia dimens\u00e3o, com sede em Paderborn, no centro da Alemanha, que opera a n\u00edvel mundial e presta servi\u00e7os de consultoria empresarial e desenvolvimento de recursos humanos. Oferecemos forma\u00e7\u00e3o intercultural, forma\u00e7\u00e3o em lideran\u00e7a, forma\u00e7\u00e3o em comunica\u00e7\u00e3o, forma\u00e7\u00e3o em consultoria, bem como coaching, consultoria e workshops internacionais com instrumentos de aprendizagem inovadores e combinados para apoiar o desenvolvimento sustent\u00e1vel de equipas internacionais, l\u00edderes e organiza\u00e7\u00f5es globais. A Assist est\u00e1 constantemente a desenvolver e a conceber novos formatos de forma\u00e7\u00e3o eletr\u00f3nica e materiais de forma\u00e7\u00e3o eletr\u00f3nica para forma\u00e7\u00e3o em direto online e offline. Com o exclusivo Blended Online Live Training (BOLT), a Assist GmbH complementa a forma\u00e7\u00e3o presencial com formatos de aprendizagem inovadores para otimizar a efici\u00eancia da aprendizagem e a sustentabilidade do conte\u00fado e das compet\u00eancias da forma\u00e7\u00e3o.<\/p>\n<p><strong>Website: <\/strong> <a href=\"https:\/\/www.international-hr.de\/\" target=\"_blank\" rel=\"noopener\">https:\/\/www.international-hr.de\/<\/a><\/p>\n<p>Redes Sociais:<\/p>\n<p>Facebook: <a href=\"https:\/\/www.facebook.com\/thomas.gary.3597\/\" target=\"_blank\" rel=\"noopener\">https:\/\/www.facebook.com\/thomas.gary.3597\/<\/a><\/p>\n<p>LinkedIn: <a href=\"https:\/\/www.linkedin.com\/in\/gary-thomas-a037a9b\/\" target=\"_blank\" rel=\"noopener\">https:\/\/www.linkedin.com\/in\/gary-thomas-a037a9b\/<\/a><\/p>\n<p>&nbsp;<\/p>\n<hr \/>\n<h3 style=\"text-align: center;\"><img decoding=\"async\" class=\"alignnone wp-image-94 size-full\" src=\"https:\/\/gary50.erasmus.site\/wp-content\/uploads\/2024\/07\/cwep.png\" alt=\"\" width=\"300\" height=\"300\" srcset=\"https:\/\/gary50.erasmus.site\/wp-content\/uploads\/2024\/07\/cwep.png 300w, https:\/\/gary50.erasmus.site\/wp-content\/uploads\/2024\/07\/cwep-150x150.png 150w, https:\/\/gary50.erasmus.site\/wp-content\/uploads\/2024\/07\/cwep-24x24.png 24w, https:\/\/gary50.erasmus.site\/wp-content\/uploads\/2024\/07\/cwep-36x36.png 36w, https:\/\/gary50.erasmus.site\/wp-content\/uploads\/2024\/07\/cwep-48x48.png 48w\" sizes=\"(max-width: 300px) 100vw, 300px\" \/><br \/>\n<strong>Centro de Apoio \u00e0 Educa\u00e7\u00e3o e ao Empreendedorismo \u2013 Pol\u00f3nia<\/strong><\/h3>\n<p>O Centro de Apoio \u00e0 Educa\u00e7\u00e3o e ao Empreendedorismo (CWEP) \u00e9 uma organiza\u00e7\u00e3o n\u00e3o governamental fundada em 2004 por um grupo de empres\u00e1rios, professores e activistas sociais de Rzesz\u00f3w, na Pol\u00f3nia. O CWEP coopera com empresas e institui\u00e7\u00f5es de ensino. A miss\u00e3o da CWEP \u00e9 aumentar a qualidade da forma\u00e7\u00e3o educativa a todos os n\u00edveis e em todas as suas formas, bem como promover o empreendedorismo, a fim de fomentar a integra\u00e7\u00e3o de qualquer grupo social, independentemente do seu g\u00e9nero, idade ou origem \u00e9tnica. Em particular, os objectivos s\u00e3o melhorar a acessibilidade, a qualidade e a efici\u00eancia da educa\u00e7\u00e3o de todas as pessoas, promover e contribuir para a educa\u00e7\u00e3o de adultos, a aprendizagem ao longo da vida, a aprendizagem eletr\u00f3nica e a utiliza\u00e7\u00e3o de novas tecnologias na educa\u00e7\u00e3o e no empreendedorismo. A Associa\u00e7\u00e3o trabalha com muitos parceiros da Europa para refor\u00e7ar a posi\u00e7\u00e3o econ\u00f3mica das empresas e fornece plataformas em linha para as empresas.<\/p>\n<p>Website:<\/p>\n<p><a href=\"https:\/\/cwep.eu\/\">https:\/\/cwep.eu\/<\/a><\/p>\n<p>Redes Sociais:<\/p>\n<p>Facebook:<\/p>\n<p><a href=\"https:\/\/www.facebook.com\/CWEP.EU\">https:\/\/www.facebook.com\/CWEP.EU<\/a><\/p>\n<p>LinkedIn:<\/p>\n<p><a href=\"https:\/\/www.linkedin.com\/company\/cwep\/\">https:\/\/www.linkedin.com\/company\/cwep\/<\/a><\/p>\n<hr \/>\n<h3 style=\"text-align: center;\"><img decoding=\"async\" class=\"alignnone wp-image-95 size-full\" src=\"https:\/\/gary50.erasmus.site\/wp-content\/uploads\/2024\/07\/ed.png\" alt=\"\" width=\"300\" height=\"300\" srcset=\"https:\/\/gary50.erasmus.site\/wp-content\/uploads\/2024\/07\/ed.png 300w, https:\/\/gary50.erasmus.site\/wp-content\/uploads\/2024\/07\/ed-150x150.png 150w, https:\/\/gary50.erasmus.site\/wp-content\/uploads\/2024\/07\/ed-24x24.png 24w, https:\/\/gary50.erasmus.site\/wp-content\/uploads\/2024\/07\/ed-36x36.png 36w, https:\/\/gary50.erasmus.site\/wp-content\/uploads\/2024\/07\/ed-48x48.png 48w\" sizes=\"(max-width: 300px) 100vw, 300px\" \/><br \/>\n<strong>E&amp;D Knowledge Consulting Lda. \u2013 Portugal<\/strong><\/h3>\n<p>A E&amp;D Knowledge Consulting \u00e9 uma empresa de consultoria e forma\u00e7\u00e3o profissional especializada no apoio ao desenvolvimento de compet\u00eancias necess\u00e1rias \u00e0 promo\u00e7\u00e3o da inova\u00e7\u00e3o nos sectores empresarial, p\u00fablico e social. As principais actividades da E&amp;D est\u00e3o centradas em fornecer aos gestores e empres\u00e1rios as compet\u00eancias, conhecimentos e ferramentas necess\u00e1rias para implementar e executar com sucesso estrat\u00e9gias de inova\u00e7\u00e3o nas suas organiza\u00e7\u00f5es, mas tamb\u00e9m para promover a inova\u00e7\u00e3o no seu ambiente.<\/p>\n<p>As principais \u00e1reas de E&amp;D s\u00e3o o apoio \u00e0 introdu\u00e7\u00e3o de opera\u00e7\u00f5es de inova\u00e7\u00e3o nas organiza\u00e7\u00f5es &#8211; desde auditorias de inova\u00e7\u00e3o, passando pelo apoio \u00e0 defini\u00e7\u00e3o e implementa\u00e7\u00e3o de estrat\u00e9gias de inova\u00e7\u00e3o, at\u00e9 ao desenvolvimento de processos e mecanismos de inova\u00e7\u00e3o adaptados \u00e0s necessidades individuais das organiza\u00e7\u00f5es, assegurando o acesso a aptid\u00f5es e compet\u00eancias adequadas necess\u00e1rias para uma inova\u00e7\u00e3o bem sucedida, entre l\u00edderes e gestores, bem como entre os trabalhadores.<\/p>\n<p>Website:<\/p>\n<p><a href=\"https:\/\/ed-knowledgeconsulting.com\/\">https:\/\/ed-knowledgeconsulting.com\/<\/a><\/p>\n<p>Redes Sociais:<\/p>\n<p>Facebook:<\/p>\n<p><a href=\"https:\/\/www.facebook.com\/EDKnowledgeConsulting\">https:\/\/www.facebook.com\/EDKnowledgeConsulting<\/a><\/p>\n<p>LinkedIn:<\/p>\n<p><a href=\"https:\/\/www.linkedin.com\/company\/e&amp;d-knowledge-consulting\">https:\/\/www.linkedin.com\/company\/e&amp;d-knowledge-consulting<\/a><\/p>\n<hr \/>\n<h3 style=\"text-align: center;\"><img loading=\"lazy\" decoding=\"async\" class=\"alignnone wp-image-98 size-full\" src=\"https:\/\/gary50.erasmus.site\/wp-content\/uploads\/2024\/07\/estihub.png\" alt=\"\" width=\"300\" height=\"300\" srcset=\"https:\/\/gary50.erasmus.site\/wp-content\/uploads\/2024\/07\/estihub.png 300w, https:\/\/gary50.erasmus.site\/wp-content\/uploads\/2024\/07\/estihub-150x150.png 150w, https:\/\/gary50.erasmus.site\/wp-content\/uploads\/2024\/07\/estihub-24x24.png 24w, https:\/\/gary50.erasmus.site\/wp-content\/uploads\/2024\/07\/estihub-36x36.png 36w, https:\/\/gary50.erasmus.site\/wp-content\/uploads\/2024\/07\/estihub-48x48.png 48w\" sizes=\"(max-width: 300px) 100vw, 300px\" \/><br \/>\n<strong>Eesti EduHub \u2013 Est\u00f3nia<\/strong><\/h3>\n<p>A Eesti EduHub \u00e9 uma organiza\u00e7\u00e3o de educa\u00e7\u00e3o e forma\u00e7\u00e3o da Est\u00f3nia, que fornece conhecimentos, aptid\u00f5es e compet\u00eancias atrav\u00e9s de solu\u00e7\u00f5es inovadoras de aprendizagem e desenvolvimento, abrangendo v\u00e1rias \u00e1reas e sectores, adaptadas \u00e0s necessidades dos adultos, dos jovens e da comunidade empresarial. A Eesti fomenta o desenvolvimento local atrav\u00e9s da promo\u00e7\u00e3o do empreendedorismo, do desenvolvimento de compet\u00eancias transversais, da inova\u00e7\u00e3o, do desenvolvimento empresarial sustent\u00e1vel, da responsabilidade social, do trabalho em rede, das compet\u00eancias digitais e ecol\u00f3gicas e das compet\u00eancias espec\u00edficas para o emprego. O principal objetivo da organiza\u00e7\u00e3o \u00e9 promover o desenvolvimento profissional e pessoal cont\u00ednuo dos cidad\u00e3os europeus, atrav\u00e9s de atividades culturais, educativas, econ\u00f3micas e sociais.<\/p>\n<p>Website: <a href=\"https:\/\/www.eestieduhub.com\/\">https:\/\/www.eestieduhub.com\/<\/a><\/p>\n<p>Redes Sociais:<\/p>\n<p>Facebook:<\/p>\n<p><a href=\"https:\/\/www.facebook.com\/people\/Eesti-Edu-Hub\/61554387220123\/\">https:\/\/www.facebook.com\/people\/Eesti-Edu-Hub\/61554387220123\/<\/a><\/p>\n<p>LinkedIn:<\/p>\n<p><a href=\"https:\/\/www.linkedin.com\/company\/eesti-edu-hub\">https:\/\/www.linkedin.com\/company\/eesti-edu-hub<\/a><\/p>\n<hr \/>\n<h3 style=\"text-align: center;\"><img loading=\"lazy\" decoding=\"async\" class=\"alignnone wp-image-96 size-full\" src=\"https:\/\/gary50.erasmus.site\/wp-content\/uploads\/2024\/07\/labc.png\" alt=\"\" width=\"300\" height=\"300\" srcset=\"https:\/\/gary50.erasmus.site\/wp-content\/uploads\/2024\/07\/labc.png 300w, https:\/\/gary50.erasmus.site\/wp-content\/uploads\/2024\/07\/labc-150x150.png 150w, https:\/\/gary50.erasmus.site\/wp-content\/uploads\/2024\/07\/labc-24x24.png 24w, https:\/\/gary50.erasmus.site\/wp-content\/uploads\/2024\/07\/labc-36x36.png 36w, https:\/\/gary50.erasmus.site\/wp-content\/uploads\/2024\/07\/labc-48x48.png 48w\" sizes=\"(max-width: 300px) 100vw, 300px\" \/><br \/>\n<strong>LABC S.R.L. \u2013 It\u00e1lia<\/strong><\/h3>\n<p>O LABC est\u00e1 sediado em Turim e tem como objetivo partilhar e desenvolver a experi\u00eancia de profissionais na \u00e1rea do bem-estar individual e comunit\u00e1rio, trabalho de grupo, educa\u00e7\u00e3o e forma\u00e7\u00e3o, reintegra\u00e7\u00e3o no mercado de trabalho e gest\u00e3o de projetos.<\/p>\n<p>A LABC \u00e9 uma comunidade de aprendizagem pan-europeia, que adota e partilha os princ\u00edpios de<\/p>\n<p>&#8211; aprendizagem colaborativa, para trocar, melhorar e partilhar experi\u00eancias, recursos e compet\u00eancias, a fim de otimizar as colabora\u00e7\u00f5es internacionais e intermodais, desenvolver e transferir metodologias e pr\u00e1ticas<\/p>\n<p>&#8211; generatividade para estabelecer, apoiar e orientar a capacidade de criar, gerar e produzir novas ferramentas, modelos e pr\u00e1ticas psicol\u00f3gicas, sociais e educativas, com o objetivo de as difundir livremente na comunidade.<\/p>\n<p>O LABC \u00e9 ativo e experiente no bem-estar individual e comunit\u00e1rio atrav\u00e9s de uma vasta gama de atividades, incluindo sess\u00f5es de trabalho de grupo, supervis\u00f5es, forma\u00e7\u00e3o, consultoria, etc. e Educa\u00e7\u00e3o e Investiga\u00e7\u00e3o atrav\u00e9s da conce\u00e7\u00e3o de metodologias de aprendizagem e da implementa\u00e7\u00e3o de materiais e ferramentas de forma\u00e7\u00e3o dedicados a melhorar a consci\u00eancia dos participantes.<\/p>\n<p>Website: <a href=\"https:\/\/labcentro.it\/\">https:\/\/labcentro.it\/<\/a><\/p>\n<p>Redes Sociais:<\/p>\n<p>Facebook:<\/p>\n<p><a href=\"https:\/\/www.facebook.com\/LABCsrl\/\">https:\/\/www.facebook.com\/LABCsrl\/<\/a><\/p>\n<p>LinkedIn: <a href=\"https:\/\/www.linkedin.com\/company\/labc-srl\/\">https:\/\/www.linkedin.com\/company\/labc-srl\/<\/a><\/p>","protected":false},"excerpt":{"rendered":"<p>Assist GmbH &#8211; Alemanha &#8211; Coordenador do Projeto A Assist GmbH \u00e9 uma sociedade an\u00f3nima de m\u00e9dia dimens\u00e3o, com sede em Paderborn, no centro da Alemanha, que opera a n\u00edvel mundial e presta servi\u00e7os de consultoria empresarial e desenvolvimento de recursos humanos. Oferecemos forma\u00e7\u00e3o intercultural, forma\u00e7\u00e3o em lideran\u00e7a, forma\u00e7\u00e3o em comunica\u00e7\u00e3o, forma\u00e7\u00e3o em consultoria, bem&hellip;&nbsp;<a href=\"https:\/\/gary50.erasmus.site\/pt\/partnership\/\" rel=\"bookmark\">Ler mais &raquo;<span class=\"screen-reader-text\">Parceria<\/span><\/a><\/p>\n","protected":false},"author":1,"featured_media":0,"parent":0,"menu_order":0,"comment_status":"closed","ping_status":"closed","template":"","meta":{"neve_meta_sidebar":"","neve_meta_container":"","neve_meta_enable_content_width":"off","neve_meta_content_width":100,"neve_meta_title_alignment":"","neve_meta_author_avatar":"","neve_post_elements_order":"","neve_meta_disable_header":"","neve_meta_disable_footer":"","neve_meta_disable_title":"","footnotes":""},"class_list":["post-89","page","type-page","status-publish","hentry"],"_links":{"self":[{"href":"https:\/\/gary50.erasmus.site\/pt\/wp-json\/wp\/v2\/pages\/89","targetHints":{"allow":["GET"]}}],"collection":[{"href":"https:\/\/gary50.erasmus.site\/pt\/wp-json\/wp\/v2\/pages"}],"about":[{"href":"https:\/\/gary50.erasmus.site\/pt\/wp-json\/wp\/v2\/types\/page"}],"author":[{"embeddable":true,"href":"https:\/\/gary50.erasmus.site\/pt\/wp-json\/wp\/v2\/users\/1"}],"replies":[{"embeddable":true,"href":"https:\/\/gary50.erasmus.site\/pt\/wp-json\/wp\/v2\/comments?post=89"}],"version-history":[{"count":10,"href":"https:\/\/gary50.erasmus.site\/pt\/wp-json\/wp\/v2\/pages\/89\/revisions"}],"predecessor-version":[{"id":330,"href":"https:\/\/gary50.erasmus.site\/pt\/wp-json\/wp\/v2\/pages\/89\/revisions\/330"}],"wp:attachment":[{"href":"https:\/\/gary50.erasmus.site\/pt\/wp-json\/wp\/v2\/media?parent=89"}],"curies":[{"name":"wp","href":"https:\/\/api.w.org\/{rel}","templated":true}]}}